{"id":7310,"date":"2024-10-27T08:49:04","date_gmt":"2024-10-27T07:49:04","guid":{"rendered":"http:\/\/www.fmpm.uca.ma\/?page_id=7310"},"modified":"2024-10-31T12:57:59","modified_gmt":"2024-10-31T11:57:59","slug":"formation-initiale-medecine-programme-des-etudes-medicales-2","status":"publish","type":"page","link":"https:\/\/fmpm.uca.ma\/?page_id=7310","title":{"rendered":"FORMATION INITIALE M\u00c9DECINE &#8211; Th\u00e8ses"},"content":{"rendered":"\t\t<div data-elementor-type=\"wp-page\" data-elementor-id=\"7310\" class=\"elementor elementor-7310\">\n\t\t\t\t\t\t<section class=\"elementor-section elementor-top-section elementor-element elementor-element-1f152a1 elementor-section-full_width elementor-section-height-default elementor-section-height-default elementor-section-column-vertical-align-stretch\" data-id=\"1f152a1\" data-element_type=\"section\">\n\t\t\t\t\t\t<div class=\"elementor-container elementor-column-gap-no\">\n\t\t\t\t\t<div class=\"elementor-column elementor-col-100 elementor-top-column elementor-element elementor-element-7aadad7\" data-id=\"7aadad7\" data-element_type=\"column\">\n\t\t\t<div class=\"elementor-widget-wrap elementor-element-populated\">\n\t\t\t\t\t\t<div class=\"elementor-element elementor-element-fb74d74 bullets-v-align-bottom unicamp-modern-slider-style-04 elementor-widget elementor-widget-tm-modern-slider\" data-id=\"fb74d74\" data-element_type=\"widget\" data-settings=\"{&quot;swiper_items&quot;:&quot;1&quot;,&quot;swiper_items_tablet&quot;:&quot;1&quot;,&quot;swiper_items_mobile&quot;:&quot;1&quot;}\" data-widget_type=\"tm-modern-slider.default\">\n\t\t\t\t<div class=\"elementor-widget-container\">\n\t\t\t\t\t<div class=\"tm-modern-slider\">\n\t\t\t\n\t\t<div class=\"tm-swiper tm-slider-widget pagination-style-01 bullets-horizontal bullets-h-align-right bullets-v-align-bottom slide-layer-transition\" data-lg-items=\"1\" data-lg-gutter=\"0\" data-md-items=\"1\" data-sm-items=\"1\" data-pagination-aligned-by=\"grid\" data-pagination=\"1\" data-loop=\"1\" data-simulate-touch=\"1\" data-speed=\"1000\" data-autoplay=\"5000\" data-effect=\"fade\" data-layer-transition=\"1\" data-fade-effect=\"custom\">\n\t\t\t<div class=\"swiper-inner\">\n\n\t\t\t\t\n\t\t\t\t<div class=\"swiper-container\">\n\t\t\t\t\t<div class=\"swiper-wrapper\">\n\t\t\t\t\t\t\t\t\t<div class=\"swiper-slide elementor-repeater-item-3636b5d unicamp-slide-bg-animation-ken-burns\">\n\t\t\t\t<div class=\"slide-bg-wrap\">\n\t\t\t\t\t<div class=\"slide-bg\"><\/div>\n\t\t\t\t<\/div>\n\t\t\t\t<div class=\"container\">\n\t\t\t\t\t<div class=\"slide-content\">\n\t\t\t\t\t\t<div class=\"slide-layers\">\n\t\t\t\t\t\t\t\t\t\t\t\t\t\t\t<div class=\"slide-layer-wrap\">\n\t\t\t\t\t\t\t\t\t<div class=\"slide-layer\">\n\t\t\t\t\t\t\t\t\t\t\n\t\t\t\t\t\t\t\t\t\t\t\t\t\t\t\t\t\t\t\t\t<div class=\"title-wrap\">\n\t\t\t\t\t\t\t\t\t\t\t\t<h3 class=\"title\"><a class=\"link-secret\" href=\"http:\/\/www.fmpm.uca.ma\/?page_id=4835\">Plateforme d'enseignement Ecampus<\/a><\/h3>\t\t\t\t\t\t\t\t\t\t\t<\/div>\n\t\t\t\t\t\t\t\t\t\t\n\t\t\t\t\t\t\t\t\t\t\t\t\t\t\t\t\t\t\t\t\t<div class=\"description-wrap\">\n\t\t\t\t\t\t\t\t\t\t\t\t<div\n\t\t\t\t\t\t\t\t\t\t\t\t\tclass=\"description\">FMPM @ Ecampus<\/div>\n\t\t\t\t\t\t\t\t\t\t\t<\/div>\n\t\t\t\t\t\t\t\t\t\t\n\t\t\t\t\t\t\t\t\t\t\t\t\t\t\t\t\t\t\t\t\t<div class=\"button-wrap tm-button-wrapper\">\n\t\t\t\t\t\t\t\t\t\t\t\t<a class=\"tm-button style-flat\" href=\"http:\/\/www.fmpm.uca.ma\/?page_id=4835\">\n\t\t\t\t\t\t\t\t\t\t\t\t\t<div class=\"button-content-wrapper\">\n\t\t\t\t\t\t\t\t\t\t\t\t\t\t<span class=\"button-text\">\n\t\t\t\t\t\t\t\t\t\t\t\t\t\t\tLire la suite\t\t\t\t\t\t\t\t\t\t\t\t\t\t<\/span>\n\t\t\t\t\t\t\t\t\t\t\t\t\t<\/div>\n\t\t\t\t\t\t\t\t\t\t\t\t<\/a>\n\t\t\t\t\t\t\t\t\t\t\t<\/div>\n\t\t\t\t\t\t\t\t\t\t\n\t\t\t\t\t\t\t\t\t<\/div>\n\t\t\t\t\t\t\t\t<\/div>\n\t\t\t\t\t\t\t\t\t\t\t\t\t<\/div>\n\t\t\t\t\t<\/div>\n\t\t\t\t<\/div>\n\t\t\t<\/div>\n\t\t\t\t\t\t\t<\/div>\n\t\t\t\t<\/div>\n\n\t\t\t\t\n\t\t\t<\/div>\n\t\t<\/div>\n\t\t\t\t<\/div>\n\t\t\t\t<\/div>\n\t\t\t\t<\/div>\n\t\t\t\t\t<\/div>\n\t\t<\/div>\n\t\t\t\t\t<\/div>\n\t\t<\/section>\n\t\t<div class=\"elementor-element elementor-element-a8be094 e-con-full e-flex e-con e-parent\" data-id=\"a8be094\" data-element_type=\"container\">\n\t\t\t\t<div class=\"elementor-element elementor-element-3219dbf elementor-invisible elementor-widget elementor-widget-tm-heading\" data-id=\"3219dbf\" data-element_type=\"widget\" data-settings=\"{&quot;_animation&quot;:&quot;unicampFadeInUp&quot;}\" data-widget_type=\"tm-heading.default\">\n\t\t\t\t<div class=\"elementor-widget-container\">\n\t\t\t\t\t<div class=\"tm-modern-heading\">\n\t\t\t\n\t\t\t\t\t<div class=\"heading-primary-wrap\">\n\t\t\t<h2 class=\"heading-primary elementor-heading-title\">Formation Initiale > Fili\u00e8re M\u00e9decine<\/h2>\t\t<\/div>\n\t\t\n\t\t\t\t    <div class=\"heading-divider\"><\/div>\n\t    \n\t\t\t\t\t<\/div>\n\t\t\t\t<\/div>\n\t\t\t\t<\/div>\n\t\t\t\t<\/div>\n\t\t<div class=\"elementor-element elementor-element-00e30ce e-flex e-con-boxed e-con e-parent\" data-id=\"00e30ce\" data-element_type=\"container\">\n\t\t\t\t\t<div class=\"e-con-inner\">\n\t\t<div class=\"elementor-element elementor-element-9fc31b5 e-con-full e-flex e-con e-child\" data-id=\"9fc31b5\" data-element_type=\"container\">\n\t\t\t\t<div class=\"elementor-element elementor-element-4123b4b elementor-widget__width-initial elementor-widget-mobile__width-initial elementor-widget elementor-widget-shortcode\" data-id=\"4123b4b\" data-element_type=\"widget\" data-widget_type=\"shortcode.default\">\n\t\t\t\t<div class=\"elementor-widget-container\">\n\t\t\t\t\t<div class=\"elementor-shortcode\"><style>\n  ._fmpm_left_menu_fast {\n    display: flex;\n    justify-content: center;\n    margin: 0;\n  }\n\n  ._fmpm-widget {\n    width: 100%;\n    max-width: 400px;\n    background-color: #ffffff;\n    border-radius: 12px;\n    box-shadow: 0 4px 8px rgba(0, 0, 0, 0.1);\n    overflow: hidden;\n    transition: transform 0.3s;\n  }\n  \n  ._fmpm-widget:hover {\n    transform: scale(1.02);\n  }\n\n  ._fmpm-widgettitle {\n    font-size: 1.6em;\n    color: #ffffff;\n    padding: 20px;\n    text-align: center;\n    border-bottom: 1px solid #e0e0e0;\n    background-color: #ae152d;\n  }\n\n  ._fmpm-bsn-list {\n    list-style-type: none;\n    margin: 0;\n    padding: 20px;\n  }\n\n  ._fmpm-bsn-list li {\n    margin: 15px 0;\n  }\n\n  ._fmpm-bsn-list a {\n    color: #ae152d;\n    font-size: 1.1em;\n    text-decoration: none;\n    font-weight: bold;\n    display: block;\n    padding: 10px;\n    background-color: #f8f9fb;\n    border-radius: 8px;\n    transition: background-color 0.3s, color 0.3s;\n  }\n\n  ._fmpm-bsn-list a:hover {\n    background-color: #ae152c8e;\n    color: #ffffff;\n  }\n\n  ._fmpm-current_page_item a {\n    background-color: #ae152d33;\n    color: #ffffff;\n    border-left: 4px solid #ae152d;\n    padding-left: 12px;\n  }\n\n  \/* Responsive adjustments *\/\n  @media (max-width: 768px) {\n    ._fmpm-widget {\n      max-width: 90%;\n      padding: 10px;\n    }\n\n    ._fmpm-widgettitle {\n      font-size: 1.4em;\n      padding: 15px;\n    }\n\n    ._fmpm-bsn-list {\n      padding: 15px;\n    }\n\n    ._fmpm-bsn-list a {\n      font-size: 1em;\n      padding: 8px;\n    }\n  }\n\n  @media (max-width: 480px) {\n    ._fmpm-widgettitle {\n      font-size: 1.2em;\n      padding: 10px;\n    }\n\n    ._fmpm-bsn-list a {\n      font-size: 0.9em;\n      padding: 6px;\n    }\n  }\n<\/style>\n\n<div class=\"_fmpm_left_menu_fast\">\n  <div class=\"_fmpm-widget\">\n    <h2 class=\"_fmpm-widgettitle\">Fili\u00e8re M\u00e9decine<\/h2>\n    <ul class=\"_fmpm-bsn-list\">\n      <li class=\"_fmpm-page_item\">\n        <a href=\"\/?page_id=7270\">Architecture modulaire du Dipl\u00f4me<\/a>\n      <\/li>\n      <li class=\"_fmpm-page_item\">\n        <a href=\"\/?page_id=7283\">Programme des \u00e9tudes M\u00e9dicales<\/a>\n      <\/li>\n      <li class=\"_fmpm-page_item\">\n        <a href=\"\/?page_id=7315\">Organisation et d\u00e9roulement des examens \u00e9crits \u00e0 la FMPM<\/a>\n      <\/li>\n      <li class=\"_fmpm-page_item\">\n        <a href=\"\/?page_id=7324\">Stages<\/a>\n      <\/li>\n      <li class=\"_fmpm-page_item _fmpm-current_page_item\">\n        <a href=\"\/?page_id=7310\">Th\u00e8ses<\/a>\n      <\/li>\n    <\/ul>\n  <\/div>\n<\/div>\n<\/div>\n\t\t\t\t<\/div>\n\t\t\t\t<\/div>\n\t\t\t\t<\/div>\n\t\t<div class=\"elementor-element elementor-element-2a6cb02 e-con-full e-flex e-con e-child\" data-id=\"2a6cb02\" data-element_type=\"container\">\n\t\t<div class=\"elementor-element elementor-element-45251ad e-flex e-con-boxed e-con e-child\" data-id=\"45251ad\" data-element_type=\"container\">\n\t\t\t\t\t<div class=\"e-con-inner\">\n\t\t\t\t<div class=\"elementor-element elementor-element-ad56ac0 unicamp-modern-heading-style-01 elementor-widget elementor-widget-tm-heading\" data-id=\"ad56ac0\" data-element_type=\"widget\" data-widget_type=\"tm-heading.default\">\n\t\t\t\t<div class=\"elementor-widget-container\">\n\t\t\t\t\t<div class=\"tm-modern-heading\">\n\t\t\t\n\t\t\t\t\t<div class=\"heading-primary-wrap\">\n\t\t\t<h4 class=\"heading-primary elementor-heading-title\">Th\u00e8ses<\/h4>\t\t<\/div>\n\t\t\n\t\t\t\n\t\t\t\t\t<\/div>\n\t\t\t\t<\/div>\n\t\t\t\t<\/div>\n\t\t\t\t\t<\/div>\n\t\t\t\t<\/div>\n\t\t<div class=\"elementor-element elementor-element-f048d00 e-flex e-con-boxed e-con e-child\" data-id=\"f048d00\" data-element_type=\"container\">\n\t\t\t\t\t<div class=\"e-con-inner\">\n\t\t<div class=\"elementor-element elementor-element-9436d20 e-con-full e-flex e-con e-child\" data-id=\"9436d20\" data-element_type=\"container\">\n\t\t<div class=\"elementor-element elementor-element-8fc22c6 e-con-full e-flex e-con e-child\" data-id=\"8fc22c6\" data-element_type=\"container\">\n\t\t\t\t<div class=\"elementor-element elementor-element-84cc05e elementor-widget__width-initial elementor-widget elementor-widget-toggle\" data-id=\"84cc05e\" data-element_type=\"widget\" data-widget_type=\"toggle.default\">\n\t\t\t\t<div class=\"elementor-widget-container\">\n\t\t\t<style>\/*! elementor - v3.21.0 - 18-04-2024 *\/\n.elementor-toggle{text-align:start}.elementor-toggle .elementor-tab-title{font-weight:700;line-height:1;margin:0;padding:15px;border-bottom:1px solid #d5d8dc;cursor:pointer;outline:none}.elementor-toggle .elementor-tab-title .elementor-toggle-icon{display:inline-block;width:1em}.elementor-toggle .elementor-tab-title .elementor-toggle-icon svg{margin-inline-start:-5px;width:1em;height:1em}.elementor-toggle .elementor-tab-title .elementor-toggle-icon.elementor-toggle-icon-right{float:right;text-align:right}.elementor-toggle .elementor-tab-title .elementor-toggle-icon.elementor-toggle-icon-left{float:left;text-align:left}.elementor-toggle .elementor-tab-title .elementor-toggle-icon .elementor-toggle-icon-closed{display:block}.elementor-toggle .elementor-tab-title .elementor-toggle-icon .elementor-toggle-icon-opened{display:none}.elementor-toggle .elementor-tab-title.elementor-active{border-bottom:none}.elementor-toggle .elementor-tab-title.elementor-active .elementor-toggle-icon-closed{display:none}.elementor-toggle .elementor-tab-title.elementor-active .elementor-toggle-icon-opened{display:block}.elementor-toggle .elementor-tab-content{padding:15px;border-bottom:1px solid #d5d8dc;display:none}@media (max-width:767px){.elementor-toggle .elementor-tab-title{padding:12px}.elementor-toggle .elementor-tab-content{padding:12px 10px}}.e-con-inner>.elementor-widget-toggle,.e-con>.elementor-widget-toggle{width:var(--container-widget-width);--flex-grow:var(--container-widget-flex-grow)}<\/style>\t\t<div class=\"elementor-toggle\">\n\t\t\t\t\t\t\t<div class=\"elementor-toggle-item\">\n\t\t\t\t\t<div id=\"elementor-tab-title-1391\" class=\"elementor-tab-title\" data-tab=\"1\" role=\"button\" aria-controls=\"elementor-tab-content-1391\" aria-expanded=\"false\">\n\t\t\t\t\t\t\t\t\t\t\t\t<span class=\"elementor-toggle-icon elementor-toggle-icon-left\" aria-hidden=\"true\">\n\t\t\t\t\t\t\t\t\t\t\t\t\t\t\t<span class=\"elementor-toggle-icon-closed\"><svg class=\"e-font-icon-svg e-fas-caret-right\" viewBox=\"0 0 192 512\" xmlns=\"http:\/\/www.w3.org\/2000\/svg\"><path d=\"M0 384.662V127.338c0-17.818 21.543-26.741 34.142-14.142l128.662 128.662c7.81 7.81 7.81 20.474 0 28.284L34.142 398.804C21.543 411.404 0 402.48 0 384.662z\"><\/path><\/svg><\/span>\n\t\t\t\t\t\t\t\t<span class=\"elementor-toggle-icon-opened\"><svg class=\"elementor-toggle-icon-opened e-font-icon-svg e-fas-caret-up\" viewBox=\"0 0 320 512\" xmlns=\"http:\/\/www.w3.org\/2000\/svg\"><path d=\"M288.662 352H31.338c-17.818 0-26.741-21.543-14.142-34.142l128.662-128.662c7.81-7.81 20.474-7.81 28.284 0l128.662 128.662c12.6 12.599 3.676 34.142-14.142 34.142z\"><\/path><\/svg><\/span>\n\t\t\t\t\t\t\t\t\t\t\t\t\t<\/span>\n\t\t\t\t\t\t\t\t\t\t\t\t<a class=\"elementor-toggle-title\" tabindex=\"0\">Guide de th\u00e9sard<\/a>\n\t\t\t\t\t<\/div>\n\n\t\t\t\t\t<div id=\"elementor-tab-content-1391\" class=\"elementor-tab-content elementor-clearfix\" data-tab=\"1\" role=\"region\" aria-labelledby=\"elementor-tab-title-1391\"><h6><a href=\"#####\" target=\"_blank\" rel=\"noopener\">&gt; T\u00e9l\u00e9charger\u00a0 <img decoding=\"async\" class=\"alignnone wp-image-6761\" src=\"\/wp-content\/uploads\/2024\/10\/pdficon.png\" alt=\"\" width=\"32\" height=\"\" \/><\/a><\/h6><\/div>\n\t\t\t\t<\/div>\n\t\t\t\t\t\t\t<div class=\"elementor-toggle-item\">\n\t\t\t\t\t<div id=\"elementor-tab-title-1392\" class=\"elementor-tab-title\" data-tab=\"2\" role=\"button\" aria-controls=\"elementor-tab-content-1392\" aria-expanded=\"false\">\n\t\t\t\t\t\t\t\t\t\t\t\t<span class=\"elementor-toggle-icon elementor-toggle-icon-left\" aria-hidden=\"true\">\n\t\t\t\t\t\t\t\t\t\t\t\t\t\t\t<span class=\"elementor-toggle-icon-closed\"><svg class=\"e-font-icon-svg e-fas-caret-right\" viewBox=\"0 0 192 512\" xmlns=\"http:\/\/www.w3.org\/2000\/svg\"><path d=\"M0 384.662V127.338c0-17.818 21.543-26.741 34.142-14.142l128.662 128.662c7.81 7.81 7.81 20.474 0 28.284L34.142 398.804C21.543 411.404 0 402.48 0 384.662z\"><\/path><\/svg><\/span>\n\t\t\t\t\t\t\t\t<span class=\"elementor-toggle-icon-opened\"><svg class=\"elementor-toggle-icon-opened e-font-icon-svg e-fas-caret-up\" viewBox=\"0 0 320 512\" xmlns=\"http:\/\/www.w3.org\/2000\/svg\"><path d=\"M288.662 352H31.338c-17.818 0-26.741-21.543-14.142-34.142l128.662-128.662c7.81-7.81 20.474-7.81 28.284 0l128.662 128.662c12.6 12.599 3.676 34.142-14.142 34.142z\"><\/path><\/svg><\/span>\n\t\t\t\t\t\t\t\t\t\t\t\t\t<\/span>\n\t\t\t\t\t\t\t\t\t\t\t\t<a class=\"elementor-toggle-title\" tabindex=\"0\">Charte de la th\u00e8se \u00e0 la FMPM<\/a>\n\t\t\t\t\t<\/div>\n\n\t\t\t\t\t<div id=\"elementor-tab-content-1392\" class=\"elementor-tab-content elementor-clearfix\" data-tab=\"2\" role=\"region\" aria-labelledby=\"elementor-tab-title-1392\"><h6><a href=\"\/wp-content\/uploads\/2024\/10\/Charte-des-the\u0301ses-fmpm2024.pdf\" target=\"_blank\" rel=\"noopener\">&gt; T\u00e9l\u00e9charger\u00a0 <img decoding=\"async\" class=\"alignnone wp-image-6761\" src=\"\/wp-content\/uploads\/2024\/10\/pdficon.png\" alt=\"\" width=\"32\" height=\"\" \/><\/a><\/h6><\/div>\n\t\t\t\t<\/div>\n\t\t\t\t\t\t\t<div class=\"elementor-toggle-item\">\n\t\t\t\t\t<div id=\"elementor-tab-title-1393\" class=\"elementor-tab-title\" data-tab=\"3\" role=\"button\" aria-controls=\"elementor-tab-content-1393\" aria-expanded=\"false\">\n\t\t\t\t\t\t\t\t\t\t\t\t<span class=\"elementor-toggle-icon elementor-toggle-icon-left\" aria-hidden=\"true\">\n\t\t\t\t\t\t\t\t\t\t\t\t\t\t\t<span class=\"elementor-toggle-icon-closed\"><svg class=\"e-font-icon-svg e-fas-caret-right\" viewBox=\"0 0 192 512\" xmlns=\"http:\/\/www.w3.org\/2000\/svg\"><path d=\"M0 384.662V127.338c0-17.818 21.543-26.741 34.142-14.142l128.662 128.662c7.81 7.81 7.81 20.474 0 28.284L34.142 398.804C21.543 411.404 0 402.48 0 384.662z\"><\/path><\/svg><\/span>\n\t\t\t\t\t\t\t\t<span class=\"elementor-toggle-icon-opened\"><svg class=\"elementor-toggle-icon-opened e-font-icon-svg e-fas-caret-up\" viewBox=\"0 0 320 512\" xmlns=\"http:\/\/www.w3.org\/2000\/svg\"><path d=\"M288.662 352H31.338c-17.818 0-26.741-21.543-14.142-34.142l128.662-128.662c7.81-7.81 20.474-7.81 28.284 0l128.662 128.662c12.6 12.599 3.676 34.142-14.142 34.142z\"><\/path><\/svg><\/span>\n\t\t\t\t\t\t\t\t\t\t\t\t\t<\/span>\n\t\t\t\t\t\t\t\t\t\t\t\t<a class=\"elementor-toggle-title\" tabindex=\"0\">Th\u00e8ses num\u00e9rique<\/a>\n\t\t\t\t\t<\/div>\n\n\t\t\t\t\t<div id=\"elementor-tab-content-1393\" class=\"elementor-tab-content elementor-clearfix\" data-tab=\"3\" role=\"region\" aria-labelledby=\"elementor-tab-title-1393\"><h6><a href=\"\/?page_id=5287\" target=\"_blank\" rel=\"noopener\">&gt; Plateforme\u00a0 <\/a><\/h6><\/div>\n\t\t\t\t<\/div>\n\t\t\t\t\t\t\t<div class=\"elementor-toggle-item\">\n\t\t\t\t\t<div id=\"elementor-tab-title-1394\" class=\"elementor-tab-title\" data-tab=\"4\" role=\"button\" aria-controls=\"elementor-tab-content-1394\" aria-expanded=\"false\">\n\t\t\t\t\t\t\t\t\t\t\t\t<span class=\"elementor-toggle-icon elementor-toggle-icon-left\" aria-hidden=\"true\">\n\t\t\t\t\t\t\t\t\t\t\t\t\t\t\t<span class=\"elementor-toggle-icon-closed\"><svg class=\"e-font-icon-svg e-fas-caret-right\" viewBox=\"0 0 192 512\" xmlns=\"http:\/\/www.w3.org\/2000\/svg\"><path d=\"M0 384.662V127.338c0-17.818 21.543-26.741 34.142-14.142l128.662 128.662c7.81 7.81 7.81 20.474 0 28.284L34.142 398.804C21.543 411.404 0 402.48 0 384.662z\"><\/path><\/svg><\/span>\n\t\t\t\t\t\t\t\t<span class=\"elementor-toggle-icon-opened\"><svg class=\"elementor-toggle-icon-opened e-font-icon-svg e-fas-caret-up\" viewBox=\"0 0 320 512\" xmlns=\"http:\/\/www.w3.org\/2000\/svg\"><path d=\"M288.662 352H31.338c-17.818 0-26.741-21.543-14.142-34.142l128.662-128.662c7.81-7.81 20.474-7.81 28.284 0l128.662 128.662c12.6 12.599 3.676 34.142-14.142 34.142z\"><\/path><\/svg><\/span>\n\t\t\t\t\t\t\t\t\t\t\t\t\t<\/span>\n\t\t\t\t\t\t\t\t\t\t\t\t<a class=\"elementor-toggle-title\" tabindex=\"0\">Application de r\u00e9servation de soutenance de th\u00e8se<\/a>\n\t\t\t\t\t<\/div>\n\n\t\t\t\t\t<div id=\"elementor-tab-content-1394\" class=\"elementor-tab-content elementor-clearfix\" data-tab=\"4\" role=\"region\" aria-labelledby=\"elementor-tab-title-1394\"><h6><a href=\"\/?page_id=4941\" target=\"_blank\" rel=\"noopener\">&gt; Plateforme<\/a><\/h6><\/div>\n\t\t\t\t<\/div>\n\t\t\t\t\t\t\t\t<\/div>\n\t\t\t\t<\/div>\n\t\t\t\t<\/div>\n\t\t\t\t<\/div>\n\t\t\t\t<\/div>\n\t\t\t\t\t<\/div>\n\t\t\t\t<\/div>\n\t\t\t\t<\/div>\n\t\t\t\t\t<\/div>\n\t\t\t\t<\/div>\n\t\t<div class=\"elementor-element elementor-element-454c68f e-flex e-con-boxed e-con e-parent\" data-id=\"454c68f\" data-element_type=\"container\">\n\t\t\t\t\t<div class=\"e-con-inner\">\n\t\t\t\t\t<\/div>\n\t\t\t\t<\/div>\n\t\t\t\t<section class=\"elementor-section elementor-top-section elementor-element elementor-element-88cdb44 elementor-section-boxed elementor-section-gap-beside-yes elementor-section-height-default elementor-section-height-default elementor-section-column-vertical-align-stretch\" data-id=\"88cdb44\" data-element_type=\"section\" data-settings=\"{&quot;background_background&quot;:&quot;classic&quot;}\">\n\t\t\t\t\t\t<div class=\"elementor-container elementor-column-gap-extended\">\n\t\t\t\t\t<div class=\"elementor-column elementor-col-100 elementor-top-column elementor-element elementor-element-ad1d843\" data-id=\"ad1d843\" data-element_type=\"column\">\n\t\t\t<div class=\"elementor-widget-wrap elementor-element-populated\">\n\t\t\t\t\t\t<div class=\"elementor-element elementor-element-d7d0d9e elementor-widget elementor-widget-spacer\" data-id=\"d7d0d9e\" data-element_type=\"widget\" data-widget_type=\"spacer.default\">\n\t\t\t\t<div class=\"elementor-widget-container\">\n\t\t\t<style>\/*! elementor - v3.21.0 - 18-04-2024 *\/\n.elementor-column .elementor-spacer-inner{height:var(--spacer-size)}.e-con{--container-widget-width:100%}.e-con-inner>.elementor-widget-spacer,.e-con>.elementor-widget-spacer{width:var(--container-widget-width,var(--spacer-size));--align-self:var(--container-widget-align-self,initial);--flex-shrink:0}.e-con-inner>.elementor-widget-spacer>.elementor-widget-container,.e-con>.elementor-widget-spacer>.elementor-widget-container{height:100%;width:100%}.e-con-inner>.elementor-widget-spacer>.elementor-widget-container>.elementor-spacer,.e-con>.elementor-widget-spacer>.elementor-widget-container>.elementor-spacer{height:100%}.e-con-inner>.elementor-widget-spacer>.elementor-widget-container>.elementor-spacer>.elementor-spacer-inner,.e-con>.elementor-widget-spacer>.elementor-widget-container>.elementor-spacer>.elementor-spacer-inner{height:var(--container-widget-height,var(--spacer-size))}.e-con-inner>.elementor-widget-spacer.elementor-widget-empty,.e-con>.elementor-widget-spacer.elementor-widget-empty{position:relative;min-height:22px;min-width:22px}.e-con-inner>.elementor-widget-spacer.elementor-widget-empty .elementor-widget-empty-icon,.e-con>.elementor-widget-spacer.elementor-widget-empty .elementor-widget-empty-icon{position:absolute;top:0;bottom:0;left:0;right:0;margin:auto;padding:0;width:22px;height:22px}<\/style>\t\t<div class=\"elementor-spacer\">\n\t\t\t<div class=\"elementor-spacer-inner\"><\/div>\n\t\t<\/div>\n\t\t\t\t<\/div>\n\t\t\t\t<\/div>\n\t\t\t\t<div class=\"elementor-element elementor-element-1b4004c elementor-invisible elementor-widget elementor-widget-tm-heading\" data-id=\"1b4004c\" data-element_type=\"widget\" data-settings=\"{&quot;_animation&quot;:&quot;unicampFadeInUp&quot;}\" data-widget_type=\"tm-heading.default\">\n\t\t\t\t<div class=\"elementor-widget-container\">\n\t\t\t\t\t<div class=\"tm-modern-heading\">\n\t\t\t\n\t\t\t\t\t<div class=\"heading-primary-wrap\">\n\t\t\t<h2 class=\"heading-primary elementor-heading-title\"><a href=\"http:\/\/www.fmpm.uca.ma\/?page_id=46\">Actualit\u00e9s FMPM <\/a><\/h2>\t\t<\/div>\n\t\t\n\t\t\t\t    <div class=\"heading-divider\"><\/div>\n\t    \n\t\t\t\t\t<\/div>\n\t\t\t\t<\/div>\n\t\t\t\t<\/div>\n\t\t\t\t<div class=\"elementor-element elementor-element-8df8be8 elementor-align-center elementor-mobile-align-left elementor-invisible elementor-widget elementor-widget-tm-button\" data-id=\"8df8be8\" data-element_type=\"widget\" data-settings=\"{&quot;_animation&quot;:&quot;unicampFadeInUp&quot;}\" data-widget_type=\"tm-button.default\">\n\t\t\t\t<div class=\"elementor-widget-container\">\n\t\t\t\t\t<div class=\"tm-button-wrapper\">\n\t\t\t<a href=\"http:\/\/www.fmpm.uca.ma\/?page_id=46\" class=\"tm-button-link tm-button style-flat tm-button-nm icon-right\" role=\"button\">\n\t\t\t\t\t\t<div class=\"button-content-wrapper\">\n\t\t\t\n\t\t\t\t\t\t\t<span class=\"button-text\">Lire la suite<\/span>\n\t\t\t\n\t\t\t\t\t\t\t<span class=\"button-icon\">\n\t\t\t\t\t<i class=\"fas fa-long-arrow-right\"><\/i>\t\t\t\t<\/span>\n\t\t\t\t\t<\/div>\n\t\t\n\t\t\t\t\t\t\t<\/a>\n\t\t<\/div>\n\t\t\t\t<\/div>\n\t\t\t\t<\/div>\n\t\t\t\t<div class=\"elementor-element elementor-element-ee5808f elementor-widget elementor-widget-spacer\" data-id=\"ee5808f\" data-element_type=\"widget\" data-widget_type=\"spacer.default\">\n\t\t\t\t<div class=\"elementor-widget-container\">\n\t\t\t\t\t<div class=\"elementor-spacer\">\n\t\t\t<div class=\"elementor-spacer-inner\"><\/div>\n\t\t<\/div>\n\t\t\t\t<\/div>\n\t\t\t\t<\/div>\n\t\t\t\t\t<\/div>\n\t\t<\/div>\n\t\t\t\t\t<\/div>\n\t\t<\/section>\n\t\t<div class=\"elementor-element elementor-element-c84863d e-flex e-con-boxed e-con e-parent\" data-id=\"c84863d\" data-element_type=\"container\">\n\t\t\t\t\t<div class=\"e-con-inner\">\n\t\t\t\t<div class=\"elementor-element elementor-element-8e07258 elementor-widget elementor-widget-spacer\" data-id=\"8e07258\" data-element_type=\"widget\" data-widget_type=\"spacer.default\">\n\t\t\t\t<div class=\"elementor-widget-container\">\n\t\t\t\t\t<div class=\"elementor-spacer\">\n\t\t\t<div class=\"elementor-spacer-inner\"><\/div>\n\t\t<\/div>\n\t\t\t\t<\/div>\n\t\t\t\t<\/div>\n\t\t\t\t\t<\/div>\n\t\t\t\t<\/div>\n\t\t\t\t<\/div>\n\t\t","protected":false},"excerpt":{"rendered":"<p>Plateforme d&rsquo;enseignement Ecampus FMPM @ Ecampus Lire la suite Formation Initiale > Fili\u00e8re M\u00e9decine Fili\u00e8re M\u00e9decine Architecture modulaire du Dipl\u00f4me Programme des \u00e9tudes M\u00e9dicales Organisation et d\u00e9roulement des examens \u00e9crits \u00e0 la FMPM Stages Th\u00e8ses Th\u00e8ses Guide de th\u00e9sard &gt; T\u00e9l\u00e9charger\u00a0 Charte de la th\u00e8se \u00e0 la FMPM &gt; T\u00e9l\u00e9charger\u00a0 Th\u00e8ses num\u00e9rique &gt; Plateforme\u00a0 Application de r\u00e9servation de soutenance de th\u00e8se &gt; Plateforme Actualit\u00e9s FMPM Lire la suite<\/p>\n","protected":false},"author":2,"featured_media":0,"parent":5262,"menu_order":0,"comment_status":"closed","ping_status":"closed","template":"","meta":{"footnotes":""},"class_list":["post-7310","page","type-page","status-publish","hentry","post-no-thumbnail"],"rttpg_featured_image_url":null,"rttpg_author":{"display_name":"FMPM","author_link":"https:\/\/fmpm.uca.ma\/?author=2"},"rttpg_comment":0,"rttpg_category":null,"rttpg_excerpt":"Plateforme d&rsquo;enseignement Ecampus FMPM @ Ecampus Lire la suite Formation Initiale > Fili\u00e8re M\u00e9decine Fili\u00e8re M\u00e9decine Architecture modulaire du Dipl\u00f4me Programme des \u00e9tudes M\u00e9dicales Organisation et d\u00e9roulement des examens \u00e9crits \u00e0 la FMPM Stages Th\u00e8ses Th\u00e8ses Guide de th\u00e9sard &gt; T\u00e9l\u00e9charger\u00a0 Charte de la th\u00e8se \u00e0 la FMPM &gt; T\u00e9l\u00e9charger\u00a0 Th\u00e8ses num\u00e9rique &gt; Plateforme\u00a0 Application\u2026","_links":{"self":[{"href":"https:\/\/fmpm.uca.ma\/index.php?rest_route=\/wp\/v2\/pages\/7310","targetHints":{"allow":["GET"]}}],"collection":[{"href":"https:\/\/fmpm.uca.ma\/index.php?rest_route=\/wp\/v2\/pages"}],"about":[{"href":"https:\/\/fmpm.uca.ma\/index.php?rest_route=\/wp\/v2\/types\/page"}],"author":[{"embeddable":true,"href":"https:\/\/fmpm.uca.ma\/index.php?rest_route=\/wp\/v2\/users\/2"}],"replies":[{"embeddable":true,"href":"https:\/\/fmpm.uca.ma\/index.php?rest_route=%2Fwp%2Fv2%2Fcomments&post=7310"}],"version-history":[{"count":38,"href":"https:\/\/fmpm.uca.ma\/index.php?rest_route=\/wp\/v2\/pages\/7310\/revisions"}],"predecessor-version":[{"id":8206,"href":"https:\/\/fmpm.uca.ma\/index.php?rest_route=\/wp\/v2\/pages\/7310\/revisions\/8206"}],"up":[{"embeddable":true,"href":"https:\/\/fmpm.uca.ma\/index.php?rest_route=\/wp\/v2\/pages\/5262"}],"wp:attachment":[{"href":"https:\/\/fmpm.uca.ma\/index.php?rest_route=%2Fwp%2Fv2%2Fmedia&parent=7310"}],"curies":[{"name":"wp","href":"https:\/\/api.w.org\/{rel}","templated":true}]}}