{"id":6696,"date":"2024-10-13T22:24:54","date_gmt":"2024-10-13T20:24:54","guid":{"rendered":"http:\/\/www.fmpm.uca.ma\/?page_id=6696"},"modified":"2024-10-27T22:06:57","modified_gmt":"2024-10-27T21:06:57","slug":"les-missions-de-la-faculte","status":"publish","type":"page","link":"https:\/\/fmpm.uca.ma\/?page_id=6696","title":{"rendered":"LES MISSIONS DE LA FACULT\u00c9"},"content":{"rendered":"\t\t<div data-elementor-type=\"wp-page\" data-elementor-id=\"6696\" class=\"elementor elementor-6696\">\n\t\t\t\t\t\t<section class=\"elementor-section elementor-top-section elementor-element elementor-element-1f152a1 elementor-section-full_width elementor-section-height-default elementor-section-height-default elementor-section-column-vertical-align-stretch\" data-id=\"1f152a1\" data-element_type=\"section\">\n\t\t\t\t\t\t<div class=\"elementor-container elementor-column-gap-no\">\n\t\t\t\t\t<div class=\"elementor-column elementor-col-100 elementor-top-column elementor-element elementor-element-7aadad7\" data-id=\"7aadad7\" data-element_type=\"column\">\n\t\t\t<div class=\"elementor-widget-wrap elementor-element-populated\">\n\t\t\t\t\t\t<div class=\"elementor-element elementor-element-fb74d74 bullets-v-align-bottom unicamp-modern-slider-style-04 elementor-widget elementor-widget-tm-modern-slider\" data-id=\"fb74d74\" data-element_type=\"widget\" data-settings=\"{&quot;swiper_items&quot;:&quot;1&quot;,&quot;swiper_items_tablet&quot;:&quot;1&quot;,&quot;swiper_items_mobile&quot;:&quot;1&quot;}\" data-widget_type=\"tm-modern-slider.default\">\n\t\t\t\t<div class=\"elementor-widget-container\">\n\t\t\t\t\t<div class=\"tm-modern-slider\">\n\t\t\t\n\t\t<div class=\"tm-swiper tm-slider-widget pagination-style-01 bullets-horizontal bullets-h-align-right bullets-v-align-bottom slide-layer-transition\" data-lg-items=\"1\" data-lg-gutter=\"0\" data-md-items=\"1\" data-sm-items=\"1\" data-pagination-aligned-by=\"grid\" data-pagination=\"1\" data-loop=\"1\" data-simulate-touch=\"1\" data-speed=\"1000\" data-autoplay=\"5000\" data-effect=\"fade\" data-layer-transition=\"1\" data-fade-effect=\"custom\">\n\t\t\t<div class=\"swiper-inner\">\n\n\t\t\t\t\n\t\t\t\t<div class=\"swiper-container\">\n\t\t\t\t\t<div class=\"swiper-wrapper\">\n\t\t\t\t\t\t\t\t\t<div class=\"swiper-slide elementor-repeater-item-3636b5d unicamp-slide-bg-animation-ken-burns\">\n\t\t\t\t<div class=\"slide-bg-wrap\">\n\t\t\t\t\t<div class=\"slide-bg\"><\/div>\n\t\t\t\t<\/div>\n\t\t\t\t<div class=\"container\">\n\t\t\t\t\t<div class=\"slide-content\">\n\t\t\t\t\t\t<div class=\"slide-layers\">\n\t\t\t\t\t\t\t\t\t\t\t\t\t\t\t<div class=\"slide-layer-wrap\">\n\t\t\t\t\t\t\t\t\t<div class=\"slide-layer\">\n\t\t\t\t\t\t\t\t\t\t\n\t\t\t\t\t\t\t\t\t\t\t\t\t\t\t\t\t\t\t\t\t<div class=\"title-wrap\">\n\t\t\t\t\t\t\t\t\t\t\t\t<h3 class=\"title\"><a class=\"link-secret\" href=\"http:\/\/www.fmpm.uca.ma\/?page_id=4835\">Plateforme d'enseignement Ecampus<\/a><\/h3>\t\t\t\t\t\t\t\t\t\t\t<\/div>\n\t\t\t\t\t\t\t\t\t\t\n\t\t\t\t\t\t\t\t\t\t\t\t\t\t\t\t\t\t\t\t\t<div class=\"description-wrap\">\n\t\t\t\t\t\t\t\t\t\t\t\t<div\n\t\t\t\t\t\t\t\t\t\t\t\t\tclass=\"description\">FMPM @ Ecampus<\/div>\n\t\t\t\t\t\t\t\t\t\t\t<\/div>\n\t\t\t\t\t\t\t\t\t\t\n\t\t\t\t\t\t\t\t\t\t\t\t\t\t\t\t\t\t\t\t\t<div class=\"button-wrap tm-button-wrapper\">\n\t\t\t\t\t\t\t\t\t\t\t\t<a class=\"tm-button style-flat\" href=\"http:\/\/www.fmpm.uca.ma\/?page_id=4835\">\n\t\t\t\t\t\t\t\t\t\t\t\t\t<div class=\"button-content-wrapper\">\n\t\t\t\t\t\t\t\t\t\t\t\t\t\t<span class=\"button-text\">\n\t\t\t\t\t\t\t\t\t\t\t\t\t\t\tLire la suite\t\t\t\t\t\t\t\t\t\t\t\t\t\t<\/span>\n\t\t\t\t\t\t\t\t\t\t\t\t\t<\/div>\n\t\t\t\t\t\t\t\t\t\t\t\t<\/a>\n\t\t\t\t\t\t\t\t\t\t\t<\/div>\n\t\t\t\t\t\t\t\t\t\t\n\t\t\t\t\t\t\t\t\t<\/div>\n\t\t\t\t\t\t\t\t<\/div>\n\t\t\t\t\t\t\t\t\t\t\t\t\t<\/div>\n\t\t\t\t\t<\/div>\n\t\t\t\t<\/div>\n\t\t\t<\/div>\n\t\t\t\t\t\t\t<\/div>\n\t\t\t\t<\/div>\n\n\t\t\t\t\n\t\t\t<\/div>\n\t\t<\/div>\n\t\t\t\t<\/div>\n\t\t\t\t<\/div>\n\t\t\t\t<\/div>\n\t\t\t\t\t<\/div>\n\t\t<\/div>\n\t\t\t\t\t<\/div>\n\t\t<\/section>\n\t\t<div class=\"elementor-element elementor-element-a8be094 e-flex e-con-boxed e-con e-parent\" data-id=\"a8be094\" data-element_type=\"container\">\n\t\t\t\t\t<div class=\"e-con-inner\">\n\t\t\t\t<div class=\"elementor-element elementor-element-3219dbf elementor-invisible elementor-widget elementor-widget-tm-heading\" data-id=\"3219dbf\" data-element_type=\"widget\" data-settings=\"{&quot;_animation&quot;:&quot;unicampFadeInUp&quot;}\" data-widget_type=\"tm-heading.default\">\n\t\t\t\t<div class=\"elementor-widget-container\">\n\t\t\t\t\t<div class=\"tm-modern-heading\">\n\t\t\t\n\t\t\t\t\t<div class=\"heading-primary-wrap\">\n\t\t\t<h2 class=\"heading-primary elementor-heading-title\">Les Missions de la Facult\u00e9<\/h2>\t\t<\/div>\n\t\t\n\t\t\t\t    <div class=\"heading-divider\"><\/div>\n\t    \n\t\t\t\t\t<\/div>\n\t\t\t\t<\/div>\n\t\t\t\t<\/div>\n\t\t\t\t\t<\/div>\n\t\t\t\t<\/div>\n\t\t<div class=\"elementor-element elementor-element-829f860 e-con-full e-flex e-con e-parent\" data-id=\"829f860\" data-element_type=\"container\">\n\t\t<div class=\"elementor-element elementor-element-0aad54f e-flex e-con-boxed e-con e-child\" data-id=\"0aad54f\" data-element_type=\"container\">\n\t\t\t\t\t<div class=\"e-con-inner\">\n\t\t\t\t<div class=\"elementor-element elementor-element-7ffe9be elementor-widget elementor-widget-text-editor\" data-id=\"7ffe9be\" data-element_type=\"widget\" data-widget_type=\"text-editor.default\">\n\t\t\t\t<div class=\"elementor-widget-container\">\n\t\t\t<style>\/*! elementor - v3.21.0 - 18-04-2024 *\/\n.elementor-widget-text-editor.elementor-drop-cap-view-stacked .elementor-drop-cap{background-color:#69727d;color:#fff}.elementor-widget-text-editor.elementor-drop-cap-view-framed .elementor-drop-cap{color:#69727d;border:3px solid;background-color:transparent}.elementor-widget-text-editor:not(.elementor-drop-cap-view-default) .elementor-drop-cap{margin-top:8px}.elementor-widget-text-editor:not(.elementor-drop-cap-view-default) .elementor-drop-cap-letter{width:1em;height:1em}.elementor-widget-text-editor .elementor-drop-cap{float:left;text-align:center;line-height:1;font-size:50px}.elementor-widget-text-editor .elementor-drop-cap-letter{display:inline-block}<\/style>\t\t\t\t<h5 style=\"text-align: justify;\"><strong>Missions de la Facult\u00e9 de M\u00e9decine et de Pharmacie<\/strong><\/h5>\n<p style=\"text-align: justify;\">La FMPM a pour mission la formation, la recherche et le partage des connaissances, en favorisant la pens\u00e9e critique et cr\u00e9ative, dans le but d&rsquo;am\u00e9liorer la sant\u00e9 et le bien-\u00eatre des personnes et des populations.<\/p>\n<p style=\"text-align: justify;\">La Facult\u00e9 de M\u00e9decine et de Pharmacie a pour missions principales de :<\/p>\n\n<ul style=\"text-align: justify;\">\n \t<li>Former des m\u00e9decins et des pharmaciens qualifi\u00e9s, avec un profil comp\u00e9titif et en ad\u00e9quation avec les besoins sp\u00e9cifiques des m\u00e9tiers de sant\u00e9 \u00e0 l\u2019\u00e9chelle national et international.<\/li>\n \t<li>Assurer la formation de m\u00e9decins sp\u00e9cialistes et de pharmaciens sp\u00e9cialistes qualifi\u00e9s, avec un profil comp\u00e9titif et en ad\u00e9quation avec les besoins sp\u00e9cifiques des m\u00e9tiers de sant\u00e9 \u00e0 l\u2019\u00e9chelle national et international.<\/li>\n \t<li>Assurer l\u2019am\u00e9lioration continue de la qualit\u00e9 des programmes p\u00e9dagogiques.<\/li>\n \t<li>Veuillez sur l\u2019introduction et l\u2019am\u00e9lioration continue des nouvelles techniques p\u00e9dagogiques d\u2019enseignement.<\/li>\n \t<li>Assurer la formation des jeunes chercheurs en sciences de la sant\u00e9 en collaboration avec les diff\u00e9rents partenaires universitaires \u00e0 l\u2019\u00e9chelle national et international.<\/li>\n \t<li>Assurer le d\u00e9veloppement professionnel continu des enseignants et du personnel administratif de la facult\u00e9.<\/li>\n \t<li>Former des enseignants en m\u00e9decine et en pharmacie.<\/li>\n \t<li>Assurer le d\u00e9veloppement de la recherche scientifique innovante, pertinente, de qualit\u00e9 et d\u2019allure national et international.<\/li>\n \t<li>Contribuer au d\u00e9veloppement et \u00e0 l\u2019am\u00e9lioration continue des prestations m\u00e9dicales rendues \u00e0 la soci\u00e9t\u00e9 au niveau r\u00e9gional et national.<\/li>\n \t<li>Participer au d\u00e9veloppement professionnel continu des praticiens et des diff\u00e9rents partenaires dans la r\u00e9gion Marrakech-Safi.<\/li>\n \t<li>Assurer la coop\u00e9ration nationale et internationale avec les diff\u00e9rents partenaires dans le secteur de la sant\u00e9.<\/li>\n<\/ul>\n<p style=\"text-align: justify;\">La facult\u00e9 de m\u00e9decine et de pharmacie de Marrakech d\u00e9finit de mani\u00e8re claire sa mission de responsabilit\u00e9 en concertation avec ses partenaires du secteur socio-\u00e9conomique, et en informe ses \u00e9quipes administratives et acad\u00e9miques, ses \u00e9tudiants et ses partenaires \u00e0 large \u00e9chelle (web site, journ\u00e9e porte-ouverte pour une facult\u00e9 <strong>socialement responsable<\/strong>).<\/p>\n<p style=\"text-align: justify;\">La facult\u00e9 de m\u00e9decine et de pharmacie de Marrakech, consciente de sa responsabilit\u00e9 sociale, place la formation des \u00e9tudiants au centre de ses actions et privil\u00e9gie les valeurs suivantes :<\/p>\n\n<ul style=\"text-align: justify;\">\n \t<li>Excellence<\/li>\n \t<li>Innovation<\/li>\n \t<li>Partenariat<\/li>\n \t<li>Engagement<\/li>\n<\/ul>\n<h6><a href=\"\/wp-content\/uploads\/2024\/10\/10_mission_fmpm_2024-2.pdf\" target=\"_blank\" rel=\"noopener\">&gt; T\u00e9l\u00e9charger\u00a0 <img decoding=\"async\" class=\"alignnone wp-image-6761\" src=\"http:\/\/196.200.176.137\/wp-content\/uploads\/2024\/10\/pdficon.png\" alt=\"\" width=\"32\" height=\"29\" \/><\/a><\/h6>\t\t\t\t\t\t<\/div>\n\t\t\t\t<\/div>\n\t\t\t\t\t<\/div>\n\t\t\t\t<\/div>\n\t\t\t\t<\/div>\n\t\t<div class=\"elementor-element elementor-element-e9c3f45 e-flex e-con-boxed e-con e-parent\" data-id=\"e9c3f45\" data-element_type=\"container\">\n\t\t\t\t\t<div class=\"e-con-inner\">\n\t\t\t\t\t<\/div>\n\t\t\t\t<\/div>\n\t\t\t\t<section class=\"elementor-section elementor-top-section elementor-element elementor-element-88cdb44 elementor-section-boxed elementor-section-gap-beside-yes elementor-section-height-default elementor-section-height-default elementor-section-column-vertical-align-stretch\" data-id=\"88cdb44\" data-element_type=\"section\" data-settings=\"{&quot;background_background&quot;:&quot;classic&quot;}\">\n\t\t\t\t\t\t<div class=\"elementor-container elementor-column-gap-extended\">\n\t\t\t\t\t<div class=\"elementor-column elementor-col-100 elementor-top-column elementor-element elementor-element-ad1d843\" data-id=\"ad1d843\" data-element_type=\"column\">\n\t\t\t<div class=\"elementor-widget-wrap elementor-element-populated\">\n\t\t\t\t\t\t<div class=\"elementor-element elementor-element-d7d0d9e elementor-widget elementor-widget-spacer\" data-id=\"d7d0d9e\" data-element_type=\"widget\" data-widget_type=\"spacer.default\">\n\t\t\t\t<div class=\"elementor-widget-container\">\n\t\t\t<style>\/*! elementor - v3.21.0 - 18-04-2024 *\/\n.elementor-column .elementor-spacer-inner{height:var(--spacer-size)}.e-con{--container-widget-width:100%}.e-con-inner>.elementor-widget-spacer,.e-con>.elementor-widget-spacer{width:var(--container-widget-width,var(--spacer-size));--align-self:var(--container-widget-align-self,initial);--flex-shrink:0}.e-con-inner>.elementor-widget-spacer>.elementor-widget-container,.e-con>.elementor-widget-spacer>.elementor-widget-container{height:100%;width:100%}.e-con-inner>.elementor-widget-spacer>.elementor-widget-container>.elementor-spacer,.e-con>.elementor-widget-spacer>.elementor-widget-container>.elementor-spacer{height:100%}.e-con-inner>.elementor-widget-spacer>.elementor-widget-container>.elementor-spacer>.elementor-spacer-inner,.e-con>.elementor-widget-spacer>.elementor-widget-container>.elementor-spacer>.elementor-spacer-inner{height:var(--container-widget-height,var(--spacer-size))}.e-con-inner>.elementor-widget-spacer.elementor-widget-empty,.e-con>.elementor-widget-spacer.elementor-widget-empty{position:relative;min-height:22px;min-width:22px}.e-con-inner>.elementor-widget-spacer.elementor-widget-empty .elementor-widget-empty-icon,.e-con>.elementor-widget-spacer.elementor-widget-empty .elementor-widget-empty-icon{position:absolute;top:0;bottom:0;left:0;right:0;margin:auto;padding:0;width:22px;height:22px}<\/style>\t\t<div class=\"elementor-spacer\">\n\t\t\t<div class=\"elementor-spacer-inner\"><\/div>\n\t\t<\/div>\n\t\t\t\t<\/div>\n\t\t\t\t<\/div>\n\t\t\t\t<div class=\"elementor-element elementor-element-1b4004c elementor-invisible elementor-widget elementor-widget-tm-heading\" data-id=\"1b4004c\" data-element_type=\"widget\" data-settings=\"{&quot;_animation&quot;:&quot;unicampFadeInUp&quot;}\" data-widget_type=\"tm-heading.default\">\n\t\t\t\t<div class=\"elementor-widget-container\">\n\t\t\t\t\t<div class=\"tm-modern-heading\">\n\t\t\t\n\t\t\t\t\t<div class=\"heading-primary-wrap\">\n\t\t\t<h2 class=\"heading-primary elementor-heading-title\"><a href=\"http:\/\/www.fmpm.uca.ma\/?page_id=46\">Actualit\u00e9s FMPM <\/a><\/h2>\t\t<\/div>\n\t\t\n\t\t\t\t    <div class=\"heading-divider\"><\/div>\n\t    \n\t\t\t\t\t<\/div>\n\t\t\t\t<\/div>\n\t\t\t\t<\/div>\n\t\t\t\t<div class=\"elementor-element elementor-element-8df8be8 elementor-align-center elementor-mobile-align-left elementor-invisible elementor-widget elementor-widget-tm-button\" data-id=\"8df8be8\" data-element_type=\"widget\" data-settings=\"{&quot;_animation&quot;:&quot;unicampFadeInUp&quot;}\" data-widget_type=\"tm-button.default\">\n\t\t\t\t<div class=\"elementor-widget-container\">\n\t\t\t\t\t<div class=\"tm-button-wrapper\">\n\t\t\t<a href=\"http:\/\/www.fmpm.uca.ma\/?page_id=46\" class=\"tm-button-link tm-button style-flat tm-button-nm icon-right\" role=\"button\">\n\t\t\t\t\t\t<div class=\"button-content-wrapper\">\n\t\t\t\n\t\t\t\t\t\t\t<span class=\"button-text\">Lire la suite<\/span>\n\t\t\t\n\t\t\t\t\t\t\t<span class=\"button-icon\">\n\t\t\t\t\t<i class=\"fas fa-long-arrow-right\"><\/i>\t\t\t\t<\/span>\n\t\t\t\t\t<\/div>\n\t\t\n\t\t\t\t\t\t\t<\/a>\n\t\t<\/div>\n\t\t\t\t<\/div>\n\t\t\t\t<\/div>\n\t\t\t\t<div class=\"elementor-element elementor-element-ee5808f elementor-widget elementor-widget-spacer\" data-id=\"ee5808f\" data-element_type=\"widget\" data-widget_type=\"spacer.default\">\n\t\t\t\t<div class=\"elementor-widget-container\">\n\t\t\t\t\t<div class=\"elementor-spacer\">\n\t\t\t<div class=\"elementor-spacer-inner\"><\/div>\n\t\t<\/div>\n\t\t\t\t<\/div>\n\t\t\t\t<\/div>\n\t\t\t\t\t<\/div>\n\t\t<\/div>\n\t\t\t\t\t<\/div>\n\t\t<\/section>\n\t\t<div class=\"elementor-element elementor-element-c84863d e-flex e-con-boxed e-con e-parent\" data-id=\"c84863d\" data-element_type=\"container\">\n\t\t\t\t\t<div class=\"e-con-inner\">\n\t\t\t\t<div class=\"elementor-element elementor-element-8e07258 elementor-widget elementor-widget-spacer\" data-id=\"8e07258\" data-element_type=\"widget\" data-widget_type=\"spacer.default\">\n\t\t\t\t<div class=\"elementor-widget-container\">\n\t\t\t\t\t<div class=\"elementor-spacer\">\n\t\t\t<div class=\"elementor-spacer-inner\"><\/div>\n\t\t<\/div>\n\t\t\t\t<\/div>\n\t\t\t\t<\/div>\n\t\t\t\t\t<\/div>\n\t\t\t\t<\/div>\n\t\t\t\t<\/div>\n\t\t","protected":false},"excerpt":{"rendered":"<p>Plateforme d&rsquo;enseignement Ecampus FMPM @ Ecampus Lire la suite Les Missions de la Facult\u00e9 Missions de la Facult\u00e9 de M\u00e9decine et de Pharmacie La FMPM a pour mission la formation, la recherche et le partage des connaissances, en favorisant la pens\u00e9e critique et cr\u00e9ative, dans le but d&rsquo;am\u00e9liorer la sant\u00e9 et le bien-\u00eatre des personnes et des populations. La Facult\u00e9 de M\u00e9decine et de Pharmacie a pour missions principales de : Former des m\u00e9decins et des pharmaciens qualifi\u00e9s, avec un profil comp\u00e9titif et en ad\u00e9quation avec les besoins sp\u00e9cifiques des m\u00e9tiers de sant\u00e9 \u00e0 l\u2019\u00e9chelle national et international. Assurer la formation de m\u00e9decins sp\u00e9cialistes et de pharmaciens sp\u00e9cialistes qualifi\u00e9s, avec un profil comp\u00e9titif et en ad\u00e9quation avec les besoins sp\u00e9cifiques des m\u00e9tiers de sant\u00e9 \u00e0 l\u2019\u00e9chelle national et international. Assurer l\u2019am\u00e9lioration continue de la qualit\u00e9 des programmes p\u00e9dagogiques. Veuillez sur l\u2019introduction et l\u2019am\u00e9lioration continue des nouvelles techniques p\u00e9dagogiques d\u2019enseignement. Assurer la formation des jeunes chercheurs en sciences de la sant\u00e9 en collaboration avec les diff\u00e9rents partenaires universitaires \u00e0 l\u2019\u00e9chelle national et international. Assurer le d\u00e9veloppement professionnel continu des enseignants et du personnel administratif de la facult\u00e9. Former des enseignants en m\u00e9decine et en pharmacie. Assurer le d\u00e9veloppement de la recherche scientifique innovante, pertinente, de qualit\u00e9 et d\u2019allure national et international. Contribuer au d\u00e9veloppement et \u00e0 l\u2019am\u00e9lioration continue des prestations m\u00e9dicales rendues \u00e0 la soci\u00e9t\u00e9 au niveau r\u00e9gional et national. Participer au d\u00e9veloppement professionnel continu des praticiens et des diff\u00e9rents partenaires dans la r\u00e9gion Marrakech-Safi. Assurer la coop\u00e9ration nationale et internationale avec les diff\u00e9rents partenaires dans le secteur de la sant\u00e9. La facult\u00e9 de m\u00e9decine et de pharmacie de Marrakech d\u00e9finit de mani\u00e8re claire sa mission de responsabilit\u00e9 en concertation avec ses partenaires du secteur socio-\u00e9conomique, et en informe ses \u00e9quipes administratives et acad\u00e9miques, ses \u00e9tudiants et ses partenaires \u00e0 large \u00e9chelle (web site, journ\u00e9e porte-ouverte pour une facult\u00e9 socialement responsable). La facult\u00e9 de m\u00e9decine et de pharmacie de Marrakech, consciente de sa responsabilit\u00e9 sociale, place la formation des \u00e9tudiants au centre de ses actions et privil\u00e9gie les valeurs suivantes : Excellence Innovation Partenariat Engagement &gt; T\u00e9l\u00e9charger\u00a0 Actualit\u00e9s FMPM Lire la suite<\/p>\n","protected":false},"author":2,"featured_media":0,"parent":0,"menu_order":0,"comment_status":"closed","ping_status":"closed","template":"","meta":{"footnotes":""},"class_list":["post-6696","page","type-page","status-publish","hentry","post-no-thumbnail"],"rttpg_featured_image_url":null,"rttpg_author":{"display_name":"FMPM","author_link":"https:\/\/fmpm.uca.ma\/?author=2"},"rttpg_comment":0,"rttpg_category":null,"rttpg_excerpt":"Plateforme d&rsquo;enseignement Ecampus FMPM @ Ecampus Lire la suite Les Missions de la Facult\u00e9 Missions de la Facult\u00e9 de M\u00e9decine et de Pharmacie La FMPM a pour mission la formation, la recherche et le partage des connaissances, en favorisant la pens\u00e9e critique et cr\u00e9ative, dans le but d&rsquo;am\u00e9liorer la sant\u00e9 et le bien-\u00eatre des personnes\u2026","_links":{"self":[{"href":"https:\/\/fmpm.uca.ma\/index.php?rest_route=\/wp\/v2\/pages\/6696","targetHints":{"allow":["GET"]}}],"collection":[{"href":"https:\/\/fmpm.uca.ma\/index.php?rest_route=\/wp\/v2\/pages"}],"about":[{"href":"https:\/\/fmpm.uca.ma\/index.php?rest_route=\/wp\/v2\/types\/page"}],"author":[{"embeddable":true,"href":"https:\/\/fmpm.uca.ma\/index.php?rest_route=\/wp\/v2\/users\/2"}],"replies":[{"embeddable":true,"href":"https:\/\/fmpm.uca.ma\/index.php?rest_route=%2Fwp%2Fv2%2Fcomments&post=6696"}],"version-history":[{"count":31,"href":"https:\/\/fmpm.uca.ma\/index.php?rest_route=\/wp\/v2\/pages\/6696\/revisions"}],"predecessor-version":[{"id":8058,"href":"https:\/\/fmpm.uca.ma\/index.php?rest_route=\/wp\/v2\/pages\/6696\/revisions\/8058"}],"wp:attachment":[{"href":"https:\/\/fmpm.uca.ma\/index.php?rest_route=%2Fwp%2Fv2%2Fmedia&parent=6696"}],"curies":[{"name":"wp","href":"https:\/\/api.w.org\/{rel}","templated":true}]}}