{"id":5297,"date":"2024-10-04T19:30:01","date_gmt":"2024-10-04T17:30:01","guid":{"rendered":"http:\/\/www.fmpm.uca.ma\/?page_id=5297"},"modified":"2024-10-27T18:11:05","modified_gmt":"2024-10-27T17:11:05","slug":"cellule-decout","status":"publish","type":"page","link":"https:\/\/fmpm.uca.ma\/?page_id=5297","title":{"rendered":"CELLULE D\u2019\u00c9COUTE"},"content":{"rendered":"\t\t<div data-elementor-type=\"wp-page\" data-elementor-id=\"5297\" class=\"elementor elementor-5297\">\n\t\t\t\t\t\t<section class=\"elementor-section elementor-top-section elementor-element elementor-element-1f152a1 elementor-section-full_width elementor-section-height-default elementor-section-height-default elementor-section-column-vertical-align-stretch\" data-id=\"1f152a1\" data-element_type=\"section\">\n\t\t\t\t\t\t<div class=\"elementor-container elementor-column-gap-no\">\n\t\t\t\t\t<div class=\"elementor-column elementor-col-100 elementor-top-column elementor-element elementor-element-7aadad7\" data-id=\"7aadad7\" data-element_type=\"column\">\n\t\t\t<div class=\"elementor-widget-wrap elementor-element-populated\">\n\t\t\t\t\t\t<div class=\"elementor-element elementor-element-fb74d74 bullets-v-align-bottom unicamp-modern-slider-style-04 elementor-widget elementor-widget-tm-modern-slider\" data-id=\"fb74d74\" data-element_type=\"widget\" data-settings=\"{&quot;swiper_items&quot;:&quot;1&quot;,&quot;swiper_items_tablet&quot;:&quot;1&quot;,&quot;swiper_items_mobile&quot;:&quot;1&quot;}\" data-widget_type=\"tm-modern-slider.default\">\n\t\t\t\t<div class=\"elementor-widget-container\">\n\t\t\t\t\t<div class=\"tm-modern-slider\">\n\t\t\t\n\t\t<div class=\"tm-swiper tm-slider-widget pagination-style-01 bullets-horizontal bullets-h-align-right bullets-v-align-bottom slide-layer-transition\" data-lg-items=\"1\" data-lg-gutter=\"0\" data-md-items=\"1\" data-sm-items=\"1\" data-pagination-aligned-by=\"grid\" data-pagination=\"1\" data-loop=\"1\" data-simulate-touch=\"1\" data-speed=\"1000\" data-autoplay=\"5000\" data-effect=\"fade\" data-layer-transition=\"1\" data-fade-effect=\"custom\">\n\t\t\t<div class=\"swiper-inner\">\n\n\t\t\t\t\n\t\t\t\t<div class=\"swiper-container\">\n\t\t\t\t\t<div class=\"swiper-wrapper\">\n\t\t\t\t\t\t\t\t\t<div class=\"swiper-slide elementor-repeater-item-3636b5d unicamp-slide-bg-animation-ken-burns\">\n\t\t\t\t<div class=\"slide-bg-wrap\">\n\t\t\t\t\t<div class=\"slide-bg\"><\/div>\n\t\t\t\t<\/div>\n\t\t\t\t<div class=\"container\">\n\t\t\t\t\t<div class=\"slide-content\">\n\t\t\t\t\t\t<div class=\"slide-layers\">\n\t\t\t\t\t\t\t\t\t\t\t\t\t\t\t<div class=\"slide-layer-wrap\">\n\t\t\t\t\t\t\t\t\t<div class=\"slide-layer\">\n\t\t\t\t\t\t\t\t\t\t\n\t\t\t\t\t\t\t\t\t\t\t\t\t\t\t\t\t\t\t\t\t<div class=\"title-wrap\">\n\t\t\t\t\t\t\t\t\t\t\t\t<h3 class=\"title\"><a class=\"link-secret\" href=\"http:\/\/www.fmpm.uca.ma\/?page_id=4835\">Plateforme d'enseignement Ecampus<\/a><\/h3>\t\t\t\t\t\t\t\t\t\t\t<\/div>\n\t\t\t\t\t\t\t\t\t\t\n\t\t\t\t\t\t\t\t\t\t\t\t\t\t\t\t\t\t\t\t\t<div class=\"description-wrap\">\n\t\t\t\t\t\t\t\t\t\t\t\t<div\n\t\t\t\t\t\t\t\t\t\t\t\t\tclass=\"description\">FMPM @ Ecampus<\/div>\n\t\t\t\t\t\t\t\t\t\t\t<\/div>\n\t\t\t\t\t\t\t\t\t\t\n\t\t\t\t\t\t\t\t\t\t\t\t\t\t\t\t\t\t\t\t\t<div class=\"button-wrap tm-button-wrapper\">\n\t\t\t\t\t\t\t\t\t\t\t\t<a class=\"tm-button style-flat\" href=\"http:\/\/www.fmpm.uca.ma\/?page_id=4835\">\n\t\t\t\t\t\t\t\t\t\t\t\t\t<div class=\"button-content-wrapper\">\n\t\t\t\t\t\t\t\t\t\t\t\t\t\t<span class=\"button-text\">\n\t\t\t\t\t\t\t\t\t\t\t\t\t\t\tLire la suite\t\t\t\t\t\t\t\t\t\t\t\t\t\t<\/span>\n\t\t\t\t\t\t\t\t\t\t\t\t\t<\/div>\n\t\t\t\t\t\t\t\t\t\t\t\t<\/a>\n\t\t\t\t\t\t\t\t\t\t\t<\/div>\n\t\t\t\t\t\t\t\t\t\t\n\t\t\t\t\t\t\t\t\t<\/div>\n\t\t\t\t\t\t\t\t<\/div>\n\t\t\t\t\t\t\t\t\t\t\t\t\t<\/div>\n\t\t\t\t\t<\/div>\n\t\t\t\t<\/div>\n\t\t\t<\/div>\n\t\t\t\t\t\t\t<\/div>\n\t\t\t\t<\/div>\n\n\t\t\t\t\n\t\t\t<\/div>\n\t\t<\/div>\n\t\t\t\t<\/div>\n\t\t\t\t<\/div>\n\t\t\t\t<\/div>\n\t\t\t\t\t<\/div>\n\t\t<\/div>\n\t\t\t\t\t<\/div>\n\t\t<\/section>\n\t\t<div class=\"elementor-element elementor-element-a8be094 e-flex e-con-boxed e-con e-parent\" data-id=\"a8be094\" data-element_type=\"container\">\n\t\t\t\t\t<div class=\"e-con-inner\">\n\t\t\t\t<div class=\"elementor-element elementor-element-3219dbf elementor-invisible elementor-widget elementor-widget-tm-heading\" data-id=\"3219dbf\" data-element_type=\"widget\" data-settings=\"{&quot;_animation&quot;:&quot;unicampFadeInUp&quot;}\" data-widget_type=\"tm-heading.default\">\n\t\t\t\t<div class=\"elementor-widget-container\">\n\t\t\t\t\t<div class=\"tm-modern-heading\">\n\t\t\t\n\t\t\t\t\t<div class=\"heading-primary-wrap\">\n\t\t\t<h2 class=\"heading-primary elementor-heading-title\">Cellule d\u2019\u00c9coute<\/h2>\t\t<\/div>\n\t\t\n\t\t\t\t    <div class=\"heading-divider\"><\/div>\n\t    \n\t\t\t\t\t<\/div>\n\t\t\t\t<\/div>\n\t\t\t\t<\/div>\n\t\t\t\t\t<\/div>\n\t\t\t\t<\/div>\n\t\t<div class=\"elementor-element elementor-element-25affcb e-flex e-con-boxed e-con e-parent\" data-id=\"25affcb\" data-element_type=\"container\">\n\t\t\t\t\t<div class=\"e-con-inner\">\n\t\t<div class=\"elementor-element elementor-element-406877d e-flex e-con-boxed e-con e-child\" data-id=\"406877d\" data-element_type=\"container\">\n\t\t\t\t\t<div class=\"e-con-inner\">\n\t\t\t\t<div class=\"elementor-element elementor-element-25adaf5 elementor-widget elementor-widget-text-editor\" data-id=\"25adaf5\" data-element_type=\"widget\" data-widget_type=\"text-editor.default\">\n\t\t\t\t<div class=\"elementor-widget-container\">\n\t\t\t<style>\/*! elementor - v3.21.0 - 18-04-2024 *\/\n.elementor-widget-text-editor.elementor-drop-cap-view-stacked .elementor-drop-cap{background-color:#69727d;color:#fff}.elementor-widget-text-editor.elementor-drop-cap-view-framed .elementor-drop-cap{color:#69727d;border:3px solid;background-color:transparent}.elementor-widget-text-editor:not(.elementor-drop-cap-view-default) .elementor-drop-cap{margin-top:8px}.elementor-widget-text-editor:not(.elementor-drop-cap-view-default) .elementor-drop-cap-letter{width:1em;height:1em}.elementor-widget-text-editor .elementor-drop-cap{float:left;text-align:center;line-height:1;font-size:50px}.elementor-widget-text-editor .elementor-drop-cap-letter{display:inline-block}<\/style>\t\t\t\t<h5><strong>Charte de la cellule d\u2019\u00e9coute et d\u2019accompagnement des \u00e9tudiants de la facult\u00e9 de m\u00e9decine et de pharmacie de Marrakech<\/strong><\/h5>\n<h3><img decoding=\"async\" src=\"http:\/\/wd.fmpm.uca.ma\/fmpm\/images\/ecoute1.jpg\" alt=\"\" \/><\/h3>\n<img decoding=\"async\" src=\"http:\/\/wd.fmpm.uca.ma\/fmpm\/data\/ce22.jpg\" alt=\"\" \/>\n<h5><\/h5>\n<h5>Pr\u00e9sentation<\/h5>\n&#8211; La cellule d\u2019\u00e9coute et d\u2019accompagnement est un espace confidentiel qui a pour \u00a0objectif d\u2019accueillir, \u00e9couter, comprendre, informer et orienter les \u00e9tudiants de la FMPM en difficult\u00e9.\n&#8211;\u00a0C\u2019est un espace o\u00f9 les \u00e9tudiants peuvent parler de leurs doutes, de leurs probl\u00e8mes et trouver une orientation des diff\u00e9rents domaines (scolarit\u00e9, stress\/anxi\u00e9t\u00e9, tristesse, mal \u00eatre diffus\u2026\u2026)\n&#8211;\u00a0La cellule d\u2019\u00e9coute est anim\u00e9e par un groupe des enseignants de la FMPM\n&#8211;\u00a0La primaut\u00e9 est accord\u00e9e au soutien de la parole, et l\u2019\u00e9coute, comme l\u2019initiation d\u2019une r\u00e9flexion personnelle, afin d\u2019\u00e9laborer avec l\u2019\u00e9tudiant des r\u00e9ponses adapt\u00e9es \u00e0 chaque situation.\n&#8211; A ce titre, et si besoin, des orientations vers diff\u00e9rents partenaires peuvent \u00eatres soutenues en facilitant et en accompagnant l\u2019\u00e9tudiant dans cette d\u00e9marche\n\n\t\t\t\t\t\t<\/div>\n\t\t\t\t<\/div>\n\t\t\t\t<div class=\"elementor-element elementor-element-3069996 elementor-widget elementor-widget-text-editor\" data-id=\"3069996\" data-element_type=\"widget\" data-widget_type=\"text-editor.default\">\n\t\t\t\t<div class=\"elementor-widget-container\">\n\t\t\t\t\t\t\t<h5>\u00a0<\/h5><h5>Missions<\/h5><p>\u2013\u00a0Recevoir et \u00e9couter en entretiens individuels les \u00e9tudiants \u00e0 leur demande (permanence libre et prises de rendez-vous)<br \/>\u2013\u00a0Apporter une aide aux \u00e9tudiants par le biais de conseils et d\u2019orientations coh\u00e9rentes<br \/>\u2013\u00a0Proposer un relais aupr\u00e8s de praticien pour une prise en charge th\u00e9rapeutique si n\u00e9cessaire<br \/>\u2013\u00a0Proposer des mesures pr\u00e9ventives\u00a0<\/p>\t\t\t\t\t\t<\/div>\n\t\t\t\t<\/div>\n\t\t\t\t<div class=\"elementor-element elementor-element-f9c84ce elementor-widget elementor-widget-image\" data-id=\"f9c84ce\" data-element_type=\"widget\" data-widget_type=\"image.default\">\n\t\t\t\t<div class=\"elementor-widget-container\">\n\t\t\t<style>\/*! elementor - v3.21.0 - 18-04-2024 *\/\n.elementor-widget-image{text-align:center}.elementor-widget-image a{display:inline-block}.elementor-widget-image a img[src$=\".svg\"]{width:48px}.elementor-widget-image img{vertical-align:middle;display:inline-block}<\/style>\t\t\t\t\t\t\t\t\t\t\t<a href=\"https:\/\/youtu.be\/SBbCJyk4Wb0?si=CHjZifXT9IGATmF3\" target=\"_blank\">\n\t\t\t\t\t\t\t<img fetchpriority=\"high\" decoding=\"async\" width=\"1167\" height=\"662\" src=\"https:\/\/fmpm.uca.ma\/wp-content\/uploads\/2024\/10\/celluleecoute.jpg\" class=\"attachment-full size-full wp-image-5809\" alt=\"\" \/>\t\t\t\t\t\t\t\t<\/a>\n\t\t\t\t\t\t\t\t\t\t\t\t\t<\/div>\n\t\t\t\t<\/div>\n\t\t\t\t<div class=\"elementor-element elementor-element-fd18a31 elementor-widget elementor-widget-text-editor\" data-id=\"fd18a31\" data-element_type=\"widget\" data-widget_type=\"text-editor.default\">\n\t\t\t\t<div class=\"elementor-widget-container\">\n\t\t\t\t\t\t\t<h5>Cadre de fonctionnement<\/h5><h6>La demande de rendez vous<\/h6><p>\u2013\u00a0Les \u00e9tudiants en difficult\u00e9 peuvent solliciter par t\u00e9l\u00e9phone ou mail un rendez vous \u00e0 la cellule d\u2019\u00e9coute en indiquant leurs coordonn\u00e9es t\u00e9l\u00e9phoniques, ils seront contact\u00e9s et re\u00e7us d\u00e8s que possible<\/p><ul><li>T\u00e9l\u00e9phone: 0670099507<\/li><li>email\u00a0: cellule.fmpm@gmail.com<\/li><li>Horaire : du lundi au vendredi de 10h \u00e0 20h<\/li><li>Adresse : cellule d\u2019\u00e9coute 1er \u00e9tage cot\u00e9 administratif FMPM<\/li><\/ul><p>-La cellule d\u2019\u00e9coute fonctionne sur la base de libre adh\u00e9sion des \u00e9tudiants: cette d\u00e9marche doit rester volontaire\u00a0<\/p><p>\u00a0<\/p><h6>Engagement des membres<\/h6><p>\u2013 Toutes les situations et les documents dont la cellule a connaissance sont uniquement destin\u00e9s aux membres de la cellule, et ne figureront ni dans le dossier m\u00e9dical ni dans le dossier administratif de l\u2019\u00e9tudiant\u00a0<br \/>\u2013\u00a0Chaque membre a un devoir de confidentialit\u00e9 absolu et s\u2019engage \u00e0 ne pas diffuser d\u2019informations ni en cours du traitement du dossier, ni apr\u00e8s son archivage et quelle que soit l\u2019issue<\/p><p>\u00a0<\/p><h6>Engagement de l\u2019institution<\/h6><p>\u2013 Des moyens techniques et organisationnels seront pr\u00e9vus afin de permettre l\u2019optimisation des actions de la cellule<br \/>\u2013\u00a0La facult\u00e9 s\u2019engage notamment \u00e0 respecter les plannings n\u00e9cessaires au fonctionnement des membres de la cellule\u00a0<\/p><p>\u00a0<\/p><h6>Principes d\u00e9ontologiques pour les membres<\/h6><p>Pr\u00e9servation du secret m\u00e9dical et principe de confidentialit\u00e9 :<br \/>\u2013\u00a0La confidentialit\u00e9 est essentielle pour l\u2019efficacit\u00e9 du travail au sein de la cellule. Elle concerne tous les membres de la cellule.<br \/>\u2013\u00a0Ces derniers s\u2019engagent \u00e0 ne restituer les informations recueillies qu\u2019aux seuls membres de la cellule, lors de r\u00e9union d\u2019analyse de dossier, ou lors de r\u00e9union de travail restreinte, dans le cadre de la recherche des solutions.<\/p><p>\u00a0<\/p><h6>Principe d\u2019engagement transparent<\/h6><p>\u00a0<\/p><h6>Principe de sp\u00e9cificit\u00e9 de la demande<\/h6><p>\u2013 Au cours de l\u2019analyse de la demande, de la recherche et de la mise en place de solutions, les membres de la cellule doivent se limiter au domaine et la situation qui a fait l\u2019objet de la demande.<\/p><p>\u00a0<\/p><h6>Principe de collaboration avec des sp\u00e9cialistes<\/h6><p>\u2013 A ce titre, et si besoin, des orientations vers diff\u00e9rents partenaires peuvent \u00eatres soutenues en facilitant et en accompagnant l\u2019\u00e9tudiant dans cette d\u00e9marche.<\/p><p>\u00a0<\/p><h6>Principe de distanciation dans la recherche de solution<\/h6><p>\u2013 Tous les membres de la cellule s\u2019engagent \u00e0 viser l\u2019am\u00e9lioration globale d\u2019une situation de difficult\u00e9, sans privil\u00e9gier syst\u00e9matiquement une solution. \u00a0L\u2019am\u00e9lioration globale d\u2019une situation doit s\u2019entendre comme la restitution \u00e0 la personne d\u2019une man\u0153uvre r\u00e9elle vis-\u00e0-vis de son probl\u00e8me.<\/p><p>\u00a0<\/p><h6>Suivi des engagements<\/h6><p>Chacun s\u2019engage \u00e0:<br \/>\u2013\u00a0Communiquer sur la cellule d\u2019\u00e9coute et d\u2019accompagnement<br \/>\u2013\u00a0Participer de mani\u00e8re active \u00e0 son fonctionnement<br \/>\u2013\u00a0Respecter les r\u00e8gles d\u00e9ontologiques de la cellule<br \/>\u2013\u00a0Sensibiliser les \u00e9tudiants sur les situations g\u00e9n\u00e9ratrices de mal \u00eatre, de souffrance\u2026<\/p><p>\u00a0<\/p><h6>La dur\u00e9e:<\/h6><p>La charte a une dur\u00e9e d\u2019une ann\u00e9e tacitement renouvelable\u00a0<\/p><p>\u00a0<\/p><h6>Contact<\/h6><ul><li>T\u00e9l\u00e9phone : 067 00 99 507<\/li><li>Horaire: du lundi au vendredi de 10h \u00e0 20h<\/li><li>email : cellule.fmpm@gmail.com<\/li><li>Adresse : cellule d\u2019\u00e9coute, 1er \u00e9tage cot\u00e9 administratif\u00a0<\/li><\/ul><p><strong><img decoding=\"async\" src=\"http:\/\/wd.fmpm.uca.ma\/fmpm\/images\/cellule_ecoute.jpg\" alt=\"\" \/><\/strong><\/p>\t\t\t\t\t\t<\/div>\n\t\t\t\t<\/div>\n\t\t\t\t\t<\/div>\n\t\t\t\t<\/div>\n\t\t\t\t\t<\/div>\n\t\t\t\t<\/div>\n\t\t<div class=\"elementor-element elementor-element-8b8e4aa e-flex e-con-boxed e-con e-parent\" data-id=\"8b8e4aa\" data-element_type=\"container\">\n\t\t\t\t\t<div class=\"e-con-inner\">\n\t\t\t\t\t<\/div>\n\t\t\t\t<\/div>\n\t\t\t\t<section class=\"elementor-section elementor-top-section elementor-element elementor-element-88cdb44 elementor-section-boxed elementor-section-gap-beside-yes elementor-section-height-default elementor-section-height-default elementor-section-column-vertical-align-stretch\" data-id=\"88cdb44\" data-element_type=\"section\" data-settings=\"{&quot;background_background&quot;:&quot;classic&quot;}\">\n\t\t\t\t\t\t<div class=\"elementor-container elementor-column-gap-extended\">\n\t\t\t\t\t<div class=\"elementor-column elementor-col-100 elementor-top-column elementor-element elementor-element-ad1d843\" data-id=\"ad1d843\" data-element_type=\"column\">\n\t\t\t<div class=\"elementor-widget-wrap elementor-element-populated\">\n\t\t\t\t\t\t<div class=\"elementor-element elementor-element-d7d0d9e elementor-widget elementor-widget-spacer\" data-id=\"d7d0d9e\" data-element_type=\"widget\" data-widget_type=\"spacer.default\">\n\t\t\t\t<div class=\"elementor-widget-container\">\n\t\t\t<style>\/*! elementor - v3.21.0 - 18-04-2024 *\/\n.elementor-column .elementor-spacer-inner{height:var(--spacer-size)}.e-con{--container-widget-width:100%}.e-con-inner>.elementor-widget-spacer,.e-con>.elementor-widget-spacer{width:var(--container-widget-width,var(--spacer-size));--align-self:var(--container-widget-align-self,initial);--flex-shrink:0}.e-con-inner>.elementor-widget-spacer>.elementor-widget-container,.e-con>.elementor-widget-spacer>.elementor-widget-container{height:100%;width:100%}.e-con-inner>.elementor-widget-spacer>.elementor-widget-container>.elementor-spacer,.e-con>.elementor-widget-spacer>.elementor-widget-container>.elementor-spacer{height:100%}.e-con-inner>.elementor-widget-spacer>.elementor-widget-container>.elementor-spacer>.elementor-spacer-inner,.e-con>.elementor-widget-spacer>.elementor-widget-container>.elementor-spacer>.elementor-spacer-inner{height:var(--container-widget-height,var(--spacer-size))}.e-con-inner>.elementor-widget-spacer.elementor-widget-empty,.e-con>.elementor-widget-spacer.elementor-widget-empty{position:relative;min-height:22px;min-width:22px}.e-con-inner>.elementor-widget-spacer.elementor-widget-empty .elementor-widget-empty-icon,.e-con>.elementor-widget-spacer.elementor-widget-empty .elementor-widget-empty-icon{position:absolute;top:0;bottom:0;left:0;right:0;margin:auto;padding:0;width:22px;height:22px}<\/style>\t\t<div class=\"elementor-spacer\">\n\t\t\t<div class=\"elementor-spacer-inner\"><\/div>\n\t\t<\/div>\n\t\t\t\t<\/div>\n\t\t\t\t<\/div>\n\t\t\t\t<div class=\"elementor-element elementor-element-1b4004c elementor-invisible elementor-widget elementor-widget-tm-heading\" data-id=\"1b4004c\" data-element_type=\"widget\" data-settings=\"{&quot;_animation&quot;:&quot;unicampFadeInUp&quot;}\" data-widget_type=\"tm-heading.default\">\n\t\t\t\t<div class=\"elementor-widget-container\">\n\t\t\t\t\t<div class=\"tm-modern-heading\">\n\t\t\t\n\t\t\t\t\t<div class=\"heading-primary-wrap\">\n\t\t\t<h2 class=\"heading-primary elementor-heading-title\"><a href=\"http:\/\/www.fmpm.uca.ma\/?page_id=46\">Actualit\u00e9s FMPM <\/a><\/h2>\t\t<\/div>\n\t\t\n\t\t\t\t    <div class=\"heading-divider\"><\/div>\n\t    \n\t\t\t\t\t<\/div>\n\t\t\t\t<\/div>\n\t\t\t\t<\/div>\n\t\t\t\t<div class=\"elementor-element elementor-element-8df8be8 elementor-align-center elementor-mobile-align-left elementor-invisible elementor-widget elementor-widget-tm-button\" data-id=\"8df8be8\" data-element_type=\"widget\" data-settings=\"{&quot;_animation&quot;:&quot;unicampFadeInUp&quot;}\" data-widget_type=\"tm-button.default\">\n\t\t\t\t<div class=\"elementor-widget-container\">\n\t\t\t\t\t<div class=\"tm-button-wrapper\">\n\t\t\t<a href=\"http:\/\/www.fmpm.uca.ma\/?page_id=46\" class=\"tm-button-link tm-button style-flat tm-button-nm icon-right\" role=\"button\">\n\t\t\t\t\t\t<div class=\"button-content-wrapper\">\n\t\t\t\n\t\t\t\t\t\t\t<span class=\"button-text\">Lire la suite<\/span>\n\t\t\t\n\t\t\t\t\t\t\t<span class=\"button-icon\">\n\t\t\t\t\t<i class=\"fas fa-long-arrow-right\"><\/i>\t\t\t\t<\/span>\n\t\t\t\t\t<\/div>\n\t\t\n\t\t\t\t\t\t\t<\/a>\n\t\t<\/div>\n\t\t\t\t<\/div>\n\t\t\t\t<\/div>\n\t\t\t\t<div class=\"elementor-element elementor-element-ee5808f elementor-widget elementor-widget-spacer\" data-id=\"ee5808f\" data-element_type=\"widget\" data-widget_type=\"spacer.default\">\n\t\t\t\t<div class=\"elementor-widget-container\">\n\t\t\t\t\t<div class=\"elementor-spacer\">\n\t\t\t<div class=\"elementor-spacer-inner\"><\/div>\n\t\t<\/div>\n\t\t\t\t<\/div>\n\t\t\t\t<\/div>\n\t\t\t\t\t<\/div>\n\t\t<\/div>\n\t\t\t\t\t<\/div>\n\t\t<\/section>\n\t\t<div class=\"elementor-element elementor-element-c84863d e-flex e-con-boxed e-con e-parent\" data-id=\"c84863d\" data-element_type=\"container\">\n\t\t\t\t\t<div class=\"e-con-inner\">\n\t\t\t\t<div class=\"elementor-element elementor-element-8e07258 elementor-widget elementor-widget-spacer\" data-id=\"8e07258\" data-element_type=\"widget\" data-widget_type=\"spacer.default\">\n\t\t\t\t<div class=\"elementor-widget-container\">\n\t\t\t\t\t<div class=\"elementor-spacer\">\n\t\t\t<div class=\"elementor-spacer-inner\"><\/div>\n\t\t<\/div>\n\t\t\t\t<\/div>\n\t\t\t\t<\/div>\n\t\t\t\t\t<\/div>\n\t\t\t\t<\/div>\n\t\t\t\t<\/div>\n\t\t","protected":false},"excerpt":{"rendered":"<p>Plateforme d&rsquo;enseignement Ecampus FMPM @ Ecampus Lire la suite Cellule d\u2019\u00c9coute Charte de la cellule d\u2019\u00e9coute et d\u2019accompagnement des \u00e9tudiants de la facult\u00e9 de m\u00e9decine et de pharmacie de Marrakech Pr\u00e9sentation &#8211; La cellule d\u2019\u00e9coute et d\u2019accompagnement est un espace confidentiel qui a pour \u00a0objectif d\u2019accueillir, \u00e9couter, comprendre, informer et orienter les \u00e9tudiants de la FMPM en difficult\u00e9. &#8211;\u00a0C\u2019est un espace o\u00f9 les \u00e9tudiants peuvent parler de leurs doutes, de leurs probl\u00e8mes et trouver une orientation des diff\u00e9rents domaines (scolarit\u00e9, stress\/anxi\u00e9t\u00e9, tristesse, mal \u00eatre diffus\u2026\u2026) &#8211;\u00a0La cellule d\u2019\u00e9coute est anim\u00e9e par un groupe des enseignants de la FMPM &#8211;\u00a0La primaut\u00e9 est accord\u00e9e au soutien de la parole, et l\u2019\u00e9coute, comme l\u2019initiation d\u2019une r\u00e9flexion personnelle, afin d\u2019\u00e9laborer avec l\u2019\u00e9tudiant des r\u00e9ponses adapt\u00e9es \u00e0 chaque situation. &#8211; A ce titre, et si besoin, des orientations vers diff\u00e9rents partenaires peuvent \u00eatres soutenues en facilitant et en accompagnant l\u2019\u00e9tudiant dans cette d\u00e9marche \u00a0 Missions \u2013\u00a0Recevoir et \u00e9couter en entretiens individuels les \u00e9tudiants \u00e0 leur demande (permanence libre et prises de rendez-vous)\u2013\u00a0Apporter une aide aux \u00e9tudiants par le biais de conseils et d\u2019orientations coh\u00e9rentes\u2013\u00a0Proposer un relais aupr\u00e8s de praticien pour une prise en charge th\u00e9rapeutique si n\u00e9cessaire\u2013\u00a0Proposer des mesures pr\u00e9ventives\u00a0 Cadre de fonctionnement La demande de rendez vous \u2013\u00a0Les \u00e9tudiants en difficult\u00e9 peuvent solliciter par t\u00e9l\u00e9phone ou mail un rendez vous \u00e0 la cellule d\u2019\u00e9coute en indiquant leurs coordonn\u00e9es t\u00e9l\u00e9phoniques, ils seront contact\u00e9s et re\u00e7us d\u00e8s que possible T\u00e9l\u00e9phone: 0670099507 email\u00a0: cellule.fmpm@gmail.com Horaire : du lundi au vendredi de 10h \u00e0 20h Adresse : cellule d\u2019\u00e9coute 1er \u00e9tage cot\u00e9 administratif FMPM -La cellule d\u2019\u00e9coute fonctionne sur la base de libre adh\u00e9sion des \u00e9tudiants: cette d\u00e9marche doit rester volontaire\u00a0 \u00a0 Engagement des membres \u2013 Toutes les situations et les documents dont la cellule a connaissance sont uniquement destin\u00e9s aux membres de la cellule, et ne figureront ni dans le dossier m\u00e9dical ni dans le dossier administratif de l\u2019\u00e9tudiant\u00a0\u2013\u00a0Chaque membre a un devoir de confidentialit\u00e9 absolu et s\u2019engage \u00e0 ne pas diffuser d\u2019informations ni en cours du traitement du dossier, ni apr\u00e8s son archivage et quelle que soit l\u2019issue \u00a0 Engagement de l\u2019institution \u2013 Des moyens techniques et organisationnels seront pr\u00e9vus afin de permettre l\u2019optimisation des actions de la cellule\u2013\u00a0La facult\u00e9 s\u2019engage notamment \u00e0 respecter les plannings n\u00e9cessaires au fonctionnement des membres de la cellule\u00a0 \u00a0 Principes d\u00e9ontologiques pour les membres Pr\u00e9servation du secret m\u00e9dical et principe de confidentialit\u00e9 :\u2013\u00a0La confidentialit\u00e9 est essentielle pour l\u2019efficacit\u00e9 du travail au sein de la cellule. Elle concerne tous les membres de la cellule.\u2013\u00a0Ces derniers s\u2019engagent \u00e0 ne restituer les informations recueillies qu\u2019aux seuls membres de la cellule, lors de r\u00e9union d\u2019analyse de dossier, ou lors de r\u00e9union de travail restreinte, dans le cadre de la recherche des solutions. \u00a0 Principe d\u2019engagement transparent \u00a0 Principe de sp\u00e9cificit\u00e9 de la demande \u2013 Au cours de l\u2019analyse de la demande, de la recherche et de la mise en place de solutions, les membres de la cellule doivent se limiter au domaine et la situation qui a fait l\u2019objet de la demande. \u00a0 Principe de collaboration avec des sp\u00e9cialistes \u2013 A ce titre, et si besoin, des orientations vers diff\u00e9rents partenaires peuvent \u00eatres soutenues en facilitant et en accompagnant l\u2019\u00e9tudiant dans cette d\u00e9marche. \u00a0 Principe de distanciation dans la recherche de solution \u2013 Tous les membres de la cellule s\u2019engagent \u00e0 viser l\u2019am\u00e9lioration globale d\u2019une situation de difficult\u00e9, sans privil\u00e9gier syst\u00e9matiquement une solution. \u00a0L\u2019am\u00e9lioration globale d\u2019une situation doit s\u2019entendre comme la restitution \u00e0 la personne d\u2019une man\u0153uvre r\u00e9elle vis-\u00e0-vis de son probl\u00e8me. \u00a0 Suivi des engagements Chacun s\u2019engage \u00e0:\u2013\u00a0Communiquer sur la cellule d\u2019\u00e9coute et d\u2019accompagnement\u2013\u00a0Participer de mani\u00e8re active \u00e0 son fonctionnement\u2013\u00a0Respecter les r\u00e8gles d\u00e9ontologiques de la cellule\u2013\u00a0Sensibiliser les \u00e9tudiants sur les situations g\u00e9n\u00e9ratrices de mal \u00eatre, de souffrance\u2026 \u00a0 La dur\u00e9e: La charte a une dur\u00e9e d\u2019une ann\u00e9e tacitement renouvelable\u00a0 \u00a0 Contact T\u00e9l\u00e9phone : 067 00 99 507 Horaire: du lundi au vendredi de 10h \u00e0 20h email : cellule.fmpm@gmail.com Adresse : cellule d\u2019\u00e9coute, 1er \u00e9tage cot\u00e9 administratif\u00a0 Actualit\u00e9s FMPM Lire la suite<\/p>\n","protected":false},"author":2,"featured_media":0,"parent":0,"menu_order":0,"comment_status":"closed","ping_status":"closed","template":"","meta":{"footnotes":""},"class_list":["post-5297","page","type-page","status-publish","hentry","post-no-thumbnail"],"rttpg_featured_image_url":null,"rttpg_author":{"display_name":"FMPM","author_link":"https:\/\/fmpm.uca.ma\/?author=2"},"rttpg_comment":0,"rttpg_category":null,"rttpg_excerpt":"Plateforme d&rsquo;enseignement Ecampus FMPM @ Ecampus Lire la suite Cellule d\u2019\u00c9coute Charte de la cellule d\u2019\u00e9coute et d\u2019accompagnement des \u00e9tudiants de la facult\u00e9 de m\u00e9decine et de pharmacie de Marrakech Pr\u00e9sentation &#8211; La cellule d\u2019\u00e9coute et d\u2019accompagnement est un espace confidentiel qui a pour \u00a0objectif d\u2019accueillir, \u00e9couter, comprendre, informer et orienter les \u00e9tudiants de la\u2026","_links":{"self":[{"href":"https:\/\/fmpm.uca.ma\/index.php?rest_route=\/wp\/v2\/pages\/5297","targetHints":{"allow":["GET"]}}],"collection":[{"href":"https:\/\/fmpm.uca.ma\/index.php?rest_route=\/wp\/v2\/pages"}],"about":[{"href":"https:\/\/fmpm.uca.ma\/index.php?rest_route=\/wp\/v2\/types\/page"}],"author":[{"embeddable":true,"href":"https:\/\/fmpm.uca.ma\/index.php?rest_route=\/wp\/v2\/users\/2"}],"replies":[{"embeddable":true,"href":"https:\/\/fmpm.uca.ma\/index.php?rest_route=%2Fwp%2Fv2%2Fcomments&post=5297"}],"version-history":[{"count":59,"href":"https:\/\/fmpm.uca.ma\/index.php?rest_route=\/wp\/v2\/pages\/5297\/revisions"}],"predecessor-version":[{"id":7806,"href":"https:\/\/fmpm.uca.ma\/index.php?rest_route=\/wp\/v2\/pages\/5297\/revisions\/7806"}],"wp:attachment":[{"href":"https:\/\/fmpm.uca.ma\/index.php?rest_route=%2Fwp%2Fv2%2Fmedia&parent=5297"}],"curies":[{"name":"wp","href":"https:\/\/api.w.org\/{rel}","templated":true}]}}