{"id":5283,"date":"2024-10-04T19:27:04","date_gmt":"2024-10-04T17:27:04","guid":{"rendered":"http:\/\/www.fmpm.uca.ma\/?page_id=5283"},"modified":"2025-11-19T16:06:47","modified_gmt":"2025-11-19T15:06:47","slug":"clubs-associations","status":"publish","type":"page","link":"https:\/\/fmpm.uca.ma\/?page_id=5283","title":{"rendered":"CLUBS-ASSOCIATIONS"},"content":{"rendered":"\t\t<div data-elementor-type=\"wp-page\" data-elementor-id=\"5283\" class=\"elementor elementor-5283\">\n\t\t\t\t\t\t<section class=\"elementor-section elementor-top-section elementor-element elementor-element-1f152a1 elementor-section-full_width elementor-section-height-default elementor-section-height-default elementor-section-column-vertical-align-stretch\" data-id=\"1f152a1\" data-element_type=\"section\">\n\t\t\t\t\t\t<div class=\"elementor-container elementor-column-gap-no\">\n\t\t\t\t\t<div class=\"elementor-column elementor-col-100 elementor-top-column elementor-element elementor-element-7aadad7\" data-id=\"7aadad7\" data-element_type=\"column\">\n\t\t\t<div class=\"elementor-widget-wrap elementor-element-populated\">\n\t\t\t\t\t\t<div class=\"elementor-element elementor-element-fb74d74 bullets-v-align-bottom unicamp-modern-slider-style-04 elementor-widget elementor-widget-tm-modern-slider\" data-id=\"fb74d74\" data-element_type=\"widget\" data-settings=\"{&quot;swiper_items&quot;:&quot;1&quot;,&quot;swiper_items_tablet&quot;:&quot;1&quot;,&quot;swiper_items_mobile&quot;:&quot;1&quot;}\" data-widget_type=\"tm-modern-slider.default\">\n\t\t\t\t<div class=\"elementor-widget-container\">\n\t\t\t\t\t<div class=\"tm-modern-slider\">\n\t\t\t\n\t\t<div class=\"tm-swiper tm-slider-widget pagination-style-01 bullets-horizontal bullets-h-align-right bullets-v-align-bottom slide-layer-transition\" data-lg-items=\"1\" data-lg-gutter=\"0\" data-md-items=\"1\" data-sm-items=\"1\" data-pagination-aligned-by=\"grid\" data-pagination=\"1\" data-loop=\"1\" data-simulate-touch=\"1\" data-speed=\"1000\" data-autoplay=\"5000\" data-effect=\"fade\" data-layer-transition=\"1\" data-fade-effect=\"custom\">\n\t\t\t<div class=\"swiper-inner\">\n\n\t\t\t\t\n\t\t\t\t<div class=\"swiper-container\">\n\t\t\t\t\t<div class=\"swiper-wrapper\">\n\t\t\t\t\t\t\t\t\t<div class=\"swiper-slide elementor-repeater-item-3636b5d unicamp-slide-bg-animation-ken-burns\">\n\t\t\t\t<div class=\"slide-bg-wrap\">\n\t\t\t\t\t<div class=\"slide-bg\"><\/div>\n\t\t\t\t<\/div>\n\t\t\t\t<div class=\"container\">\n\t\t\t\t\t<div class=\"slide-content\">\n\t\t\t\t\t\t<div class=\"slide-layers\">\n\t\t\t\t\t\t\t\t\t\t\t\t\t\t\t<div class=\"slide-layer-wrap\">\n\t\t\t\t\t\t\t\t\t<div class=\"slide-layer\">\n\t\t\t\t\t\t\t\t\t\t\n\t\t\t\t\t\t\t\t\t\t\t\t\t\t\t\t\t\t\t\t\t<div class=\"title-wrap\">\n\t\t\t\t\t\t\t\t\t\t\t\t<h3 class=\"title\"><a class=\"link-secret\" href=\"http:\/\/www.fmpm.uca.ma\/?page_id=4835\">Plateforme d'enseignement Ecampus<\/a><\/h3>\t\t\t\t\t\t\t\t\t\t\t<\/div>\n\t\t\t\t\t\t\t\t\t\t\n\t\t\t\t\t\t\t\t\t\t\t\t\t\t\t\t\t\t\t\t\t<div class=\"description-wrap\">\n\t\t\t\t\t\t\t\t\t\t\t\t<div\n\t\t\t\t\t\t\t\t\t\t\t\t\tclass=\"description\">FMPM @ Ecampus<\/div>\n\t\t\t\t\t\t\t\t\t\t\t<\/div>\n\t\t\t\t\t\t\t\t\t\t\n\t\t\t\t\t\t\t\t\t\t\t\t\t\t\t\t\t\t\t\t\t<div class=\"button-wrap tm-button-wrapper\">\n\t\t\t\t\t\t\t\t\t\t\t\t<a class=\"tm-button style-flat\" href=\"http:\/\/www.fmpm.uca.ma\/?page_id=4835\">\n\t\t\t\t\t\t\t\t\t\t\t\t\t<div class=\"button-content-wrapper\">\n\t\t\t\t\t\t\t\t\t\t\t\t\t\t<span class=\"button-text\">\n\t\t\t\t\t\t\t\t\t\t\t\t\t\t\tLire la suite\t\t\t\t\t\t\t\t\t\t\t\t\t\t<\/span>\n\t\t\t\t\t\t\t\t\t\t\t\t\t<\/div>\n\t\t\t\t\t\t\t\t\t\t\t\t<\/a>\n\t\t\t\t\t\t\t\t\t\t\t<\/div>\n\t\t\t\t\t\t\t\t\t\t\n\t\t\t\t\t\t\t\t\t<\/div>\n\t\t\t\t\t\t\t\t<\/div>\n\t\t\t\t\t\t\t\t\t\t\t\t\t<\/div>\n\t\t\t\t\t<\/div>\n\t\t\t\t<\/div>\n\t\t\t<\/div>\n\t\t\t\t\t\t\t<\/div>\n\t\t\t\t<\/div>\n\n\t\t\t\t\n\t\t\t<\/div>\n\t\t<\/div>\n\t\t\t\t<\/div>\n\t\t\t\t<\/div>\n\t\t\t\t<\/div>\n\t\t\t\t\t<\/div>\n\t\t<\/div>\n\t\t\t\t\t<\/div>\n\t\t<\/section>\n\t\t<div class=\"elementor-element elementor-element-a8be094 e-flex e-con-boxed e-con e-parent\" data-id=\"a8be094\" data-element_type=\"container\">\n\t\t\t\t\t<div class=\"e-con-inner\">\n\t\t\t\t<div class=\"elementor-element elementor-element-3219dbf elementor-invisible elementor-widget elementor-widget-tm-heading\" data-id=\"3219dbf\" data-element_type=\"widget\" data-settings=\"{&quot;_animation&quot;:&quot;unicampFadeInUp&quot;}\" data-widget_type=\"tm-heading.default\">\n\t\t\t\t<div class=\"elementor-widget-container\">\n\t\t\t\t\t<div class=\"tm-modern-heading\">\n\t\t\t\n\t\t\t\t\t<div class=\"heading-primary-wrap\">\n\t\t\t<h2 class=\"heading-primary elementor-heading-title\">Clubs-Associations<\/h2>\t\t<\/div>\n\t\t\n\t\t\t\t    <div class=\"heading-divider\"><\/div>\n\t    \n\t\t\t\t\t<\/div>\n\t\t\t\t<\/div>\n\t\t\t\t<\/div>\n\t\t\t\t\t<\/div>\n\t\t\t\t<\/div>\n\t\t<div class=\"elementor-element elementor-element-25affcb e-flex e-con-boxed e-con e-parent\" data-id=\"25affcb\" data-element_type=\"container\">\n\t\t\t\t\t<div class=\"e-con-inner\">\n\t\t<div class=\"elementor-element elementor-element-406877d e-flex e-con-boxed e-con e-child\" data-id=\"406877d\" data-element_type=\"container\">\n\t\t\t\t\t<div class=\"e-con-inner\">\n\t\t\t\t<div class=\"elementor-element elementor-element-25adaf5 elementor-widget elementor-widget-text-editor\" data-id=\"25adaf5\" data-element_type=\"widget\" data-widget_type=\"text-editor.default\">\n\t\t\t\t<div class=\"elementor-widget-container\">\n\t\t\t<style>\/*! elementor - v3.21.0 - 18-04-2024 *\/\n.elementor-widget-text-editor.elementor-drop-cap-view-stacked .elementor-drop-cap{background-color:#69727d;color:#fff}.elementor-widget-text-editor.elementor-drop-cap-view-framed .elementor-drop-cap{color:#69727d;border:3px solid;background-color:transparent}.elementor-widget-text-editor:not(.elementor-drop-cap-view-default) .elementor-drop-cap{margin-top:8px}.elementor-widget-text-editor:not(.elementor-drop-cap-view-default) .elementor-drop-cap-letter{width:1em;height:1em}.elementor-widget-text-editor .elementor-drop-cap{float:left;text-align:center;line-height:1;font-size:50px}.elementor-widget-text-editor .elementor-drop-cap-letter{display:inline-block}<\/style>\t\t\t\t<h5><strong>Clubs et associations\u00a0de la FMPM<\/strong><\/h5><ul><li><a href=\"https:\/\/web.facebook.com\/BDEMEDIA\/?locale=fr_FR&amp;_rdc=1&amp;_rdr\" target=\"_blank\" rel=\"noopener\">Bureau des \u00e9tudiants de la FMPM ( BDE )<\/a><\/li><li><a href=\"https:\/\/web.facebook.com\/ALEMarrakech\/?locale=fr_FR&amp;_rdc=1&amp;_rdr\" target=\"_blank\" rel=\"noopener\">Association Lueur d\u2019Espoir Marrakech<\/a><\/li><li>Amicale des \u00e9tudiants \u00e9trangers de la FMPM<\/li><li><a href=\"https:\/\/www.amima-science.org\/\" target=\"_blank\" rel=\"noopener\">Association des M\u00e9decins Internes ( AMIMA )<\/a><\/li><li><a href=\"https:\/\/almoquim.com\/\" target=\"_blank\" rel=\"noopener\">Association des M\u00e9decins R\u00e9sidants ( AL MOQUIM )<\/a><\/li><li>Association Sportive de la FMPM<\/li><\/ul><h3>\u00a0<\/h3><h5><strong>Club Docs Voice<\/strong><\/h5><h6>Renseignements sur le club<\/h6><p>Nom du club : Docs Voice. (club de media)<br \/>Siege : Facult\u00e9 de M\u00e9decine et de Pharmacie de Marrakech.<br \/>Date de cr\u00e9ation : 28\/11\/2015.<\/p><h6>Objectifs du club<\/h6><p>&#8211; Parvenir a cr\u00e9er une approche m\u00e9diatique au sein de l\u2019\u00e9tablissement.<br \/>&#8211; Sensibilisation des \u00e9tudiants pour les encourager a participer dans les activit\u00e9s extra-universitaires.<br \/>&#8211; Cr\u00e9er des cellules m\u00e9diatiques et \u00e9v\u00e9nementielles.<br \/>&#8211; Stimulation de l\u2019esprit critique chez les \u00e9tudiants.<br \/>&#8211; L\u2019encadrement des activit\u00e9s extra-universitaires analogues aux n\u00f4tres.<br \/>&#8211; Formation des \u00e9tudiants pour le role de chroniqueurs (radio, magazines&#8230;).<br \/>&#8211; Permettre une totale immersion dans les exercices m\u00e9diatiques du club.<\/p><h6>Organes du club<\/h6><p>&#8211; L\u2019assembl\u00e9e g\u00e9n\u00e9rale<br \/>&#8211; Le bureau du club: 17 membres<\/p><h6>Futurs projets<\/h6><p>&#8211; L\u2019installation d\u2019un studio pour la radio de la facult\u00e9.<br \/>&#8211; La mise en place d\u2019une cellule pour le magazine de la facult\u00e9.<br \/>&#8211; Synchroniser la radio et le magazine avec un site web lie a la fmpm.<br \/>&#8211; Organiser les \u00e9v\u00e9nements \u00e9tudiants en collaboration avec le BDE.<br \/>&#8211; Etre en totale coh\u00e9sion avec tous projets ayant pour but de transmettre une information. (publicit\u00e9, annonces, compagne \u00e9lectorale&#8230;)<\/p><h6>Contact<\/h6><p>Universit\u00e9 Cadi Ayyad<br \/>Facult\u00e9 de M\u00e9decine et de Pharmacie de Marrakech<br \/>Marrakech Maroc<br \/>Pr\u00e9sident : Med Nazih ASSABBANE<br \/>GSM :+212 6 59 06 11 20<br \/>E-mail : docs.voice.fmpm@gmail.com<\/p><h6>Organigramme des membres du bureau de Docs Voice<\/h6><p><a href=\"http:\/\/wd.fmpm.uca.ma\/fmpm\/docsvoice\/org.pdf\" target=\"_blank\" rel=\"noopener\"><img decoding=\"async\" src=\"http:\/\/wd.fmpm.uca.ma\/fmpm\/docsvoice\/org.jpg\" alt=\"FMPM\" \/><\/a><\/p>\t\t\t\t\t\t<\/div>\n\t\t\t\t<\/div>\n\t\t\t\t\t<\/div>\n\t\t\t\t<\/div>\n\t\t\t\t\t<\/div>\n\t\t\t\t<\/div>\n\t\t<div class=\"elementor-element elementor-element-4a46cb8 e-flex e-con-boxed e-con e-parent\" data-id=\"4a46cb8\" data-element_type=\"container\">\n\t\t\t\t\t<div class=\"e-con-inner\">\n\t\t\t\t\t<\/div>\n\t\t\t\t<\/div>\n\t\t\t\t<section class=\"elementor-section elementor-top-section elementor-element elementor-element-88cdb44 elementor-section-boxed elementor-section-gap-beside-yes elementor-section-height-default elementor-section-height-default elementor-section-column-vertical-align-stretch\" data-id=\"88cdb44\" data-element_type=\"section\" data-settings=\"{&quot;background_background&quot;:&quot;classic&quot;}\">\n\t\t\t\t\t\t<div class=\"elementor-container elementor-column-gap-extended\">\n\t\t\t\t\t<div class=\"elementor-column elementor-col-100 elementor-top-column elementor-element elementor-element-ad1d843\" data-id=\"ad1d843\" data-element_type=\"column\">\n\t\t\t<div class=\"elementor-widget-wrap elementor-element-populated\">\n\t\t\t\t\t\t<div class=\"elementor-element elementor-element-d7d0d9e elementor-widget elementor-widget-spacer\" data-id=\"d7d0d9e\" data-element_type=\"widget\" data-widget_type=\"spacer.default\">\n\t\t\t\t<div class=\"elementor-widget-container\">\n\t\t\t<style>\/*! elementor - v3.21.0 - 18-04-2024 *\/\n.elementor-column .elementor-spacer-inner{height:var(--spacer-size)}.e-con{--container-widget-width:100%}.e-con-inner>.elementor-widget-spacer,.e-con>.elementor-widget-spacer{width:var(--container-widget-width,var(--spacer-size));--align-self:var(--container-widget-align-self,initial);--flex-shrink:0}.e-con-inner>.elementor-widget-spacer>.elementor-widget-container,.e-con>.elementor-widget-spacer>.elementor-widget-container{height:100%;width:100%}.e-con-inner>.elementor-widget-spacer>.elementor-widget-container>.elementor-spacer,.e-con>.elementor-widget-spacer>.elementor-widget-container>.elementor-spacer{height:100%}.e-con-inner>.elementor-widget-spacer>.elementor-widget-container>.elementor-spacer>.elementor-spacer-inner,.e-con>.elementor-widget-spacer>.elementor-widget-container>.elementor-spacer>.elementor-spacer-inner{height:var(--container-widget-height,var(--spacer-size))}.e-con-inner>.elementor-widget-spacer.elementor-widget-empty,.e-con>.elementor-widget-spacer.elementor-widget-empty{position:relative;min-height:22px;min-width:22px}.e-con-inner>.elementor-widget-spacer.elementor-widget-empty .elementor-widget-empty-icon,.e-con>.elementor-widget-spacer.elementor-widget-empty .elementor-widget-empty-icon{position:absolute;top:0;bottom:0;left:0;right:0;margin:auto;padding:0;width:22px;height:22px}<\/style>\t\t<div class=\"elementor-spacer\">\n\t\t\t<div class=\"elementor-spacer-inner\"><\/div>\n\t\t<\/div>\n\t\t\t\t<\/div>\n\t\t\t\t<\/div>\n\t\t\t\t<div class=\"elementor-element elementor-element-1b4004c elementor-invisible elementor-widget elementor-widget-tm-heading\" data-id=\"1b4004c\" data-element_type=\"widget\" data-settings=\"{&quot;_animation&quot;:&quot;unicampFadeInUp&quot;}\" data-widget_type=\"tm-heading.default\">\n\t\t\t\t<div class=\"elementor-widget-container\">\n\t\t\t\t\t<div class=\"tm-modern-heading\">\n\t\t\t\n\t\t\t\t\t<div class=\"heading-primary-wrap\">\n\t\t\t<h2 class=\"heading-primary elementor-heading-title\"><a href=\"http:\/\/www.fmpm.uca.ma\/?page_id=46\">Actualit\u00e9s FMPM <\/a><\/h2>\t\t<\/div>\n\t\t\n\t\t\t\t    <div class=\"heading-divider\"><\/div>\n\t    \n\t\t\t\t\t<\/div>\n\t\t\t\t<\/div>\n\t\t\t\t<\/div>\n\t\t\t\t<div class=\"elementor-element elementor-element-8df8be8 elementor-align-center elementor-mobile-align-left elementor-invisible elementor-widget elementor-widget-tm-button\" data-id=\"8df8be8\" data-element_type=\"widget\" data-settings=\"{&quot;_animation&quot;:&quot;unicampFadeInUp&quot;}\" data-widget_type=\"tm-button.default\">\n\t\t\t\t<div class=\"elementor-widget-container\">\n\t\t\t\t\t<div class=\"tm-button-wrapper\">\n\t\t\t<a href=\"http:\/\/www.fmpm.uca.ma\/?page_id=46\" class=\"tm-button-link tm-button style-flat tm-button-nm icon-right\" role=\"button\">\n\t\t\t\t\t\t<div class=\"button-content-wrapper\">\n\t\t\t\n\t\t\t\t\t\t\t<span class=\"button-text\">Lire la suite<\/span>\n\t\t\t\n\t\t\t\t\t\t\t<span class=\"button-icon\">\n\t\t\t\t\t<i class=\"fas fa-long-arrow-right\"><\/i>\t\t\t\t<\/span>\n\t\t\t\t\t<\/div>\n\t\t\n\t\t\t\t\t\t\t<\/a>\n\t\t<\/div>\n\t\t\t\t<\/div>\n\t\t\t\t<\/div>\n\t\t\t\t<div class=\"elementor-element elementor-element-ee5808f elementor-widget elementor-widget-spacer\" data-id=\"ee5808f\" data-element_type=\"widget\" data-widget_type=\"spacer.default\">\n\t\t\t\t<div class=\"elementor-widget-container\">\n\t\t\t\t\t<div class=\"elementor-spacer\">\n\t\t\t<div class=\"elementor-spacer-inner\"><\/div>\n\t\t<\/div>\n\t\t\t\t<\/div>\n\t\t\t\t<\/div>\n\t\t\t\t\t<\/div>\n\t\t<\/div>\n\t\t\t\t\t<\/div>\n\t\t<\/section>\n\t\t<div class=\"elementor-element elementor-element-c84863d e-flex e-con-boxed e-con e-parent\" data-id=\"c84863d\" data-element_type=\"container\">\n\t\t\t\t\t<div class=\"e-con-inner\">\n\t\t\t\t<div class=\"elementor-element elementor-element-8e07258 elementor-widget elementor-widget-spacer\" data-id=\"8e07258\" data-element_type=\"widget\" data-widget_type=\"spacer.default\">\n\t\t\t\t<div class=\"elementor-widget-container\">\n\t\t\t\t\t<div class=\"elementor-spacer\">\n\t\t\t<div class=\"elementor-spacer-inner\"><\/div>\n\t\t<\/div>\n\t\t\t\t<\/div>\n\t\t\t\t<\/div>\n\t\t\t\t\t<\/div>\n\t\t\t\t<\/div>\n\t\t\t\t<\/div>\n\t\t","protected":false},"excerpt":{"rendered":"<p>Plateforme d&rsquo;enseignement Ecampus FMPM @ Ecampus Lire la suite Clubs-Associations Clubs et associations\u00a0de la FMPM Bureau des \u00e9tudiants de la FMPM ( BDE ) Association Lueur d\u2019Espoir Marrakech Amicale des \u00e9tudiants \u00e9trangers de la FMPM Association des M\u00e9decins Internes ( AMIMA ) Association des M\u00e9decins R\u00e9sidants ( AL MOQUIM ) Association Sportive de la FMPM \u00a0 Club Docs Voice Renseignements sur le club Nom du club : Docs Voice. (club de media)Siege : Facult\u00e9 de M\u00e9decine et de Pharmacie de Marrakech.Date de cr\u00e9ation : 28\/11\/2015. Objectifs du club &#8211; Parvenir a cr\u00e9er une approche m\u00e9diatique au sein de l\u2019\u00e9tablissement.&#8211; Sensibilisation des \u00e9tudiants pour les encourager a participer dans les activit\u00e9s extra-universitaires.&#8211; Cr\u00e9er des cellules m\u00e9diatiques et \u00e9v\u00e9nementielles.&#8211; Stimulation de l\u2019esprit critique chez les \u00e9tudiants.&#8211; L\u2019encadrement des activit\u00e9s extra-universitaires analogues aux n\u00f4tres.&#8211; Formation des \u00e9tudiants pour le role de chroniqueurs (radio, magazines&#8230;).&#8211; Permettre une totale immersion dans les exercices m\u00e9diatiques du club. Organes du club &#8211; L\u2019assembl\u00e9e g\u00e9n\u00e9rale&#8211; Le bureau du club: 17 membres Futurs projets &#8211; L\u2019installation d\u2019un studio pour la radio de la facult\u00e9.&#8211; La mise en place d\u2019une cellule pour le magazine de la facult\u00e9.&#8211; Synchroniser la radio et le magazine avec un site web lie a la fmpm.&#8211; Organiser les \u00e9v\u00e9nements \u00e9tudiants en collaboration avec le BDE.&#8211; Etre en totale coh\u00e9sion avec tous projets ayant pour but de transmettre une information. (publicit\u00e9, annonces, compagne \u00e9lectorale&#8230;) Contact Universit\u00e9 Cadi AyyadFacult\u00e9 de M\u00e9decine et de Pharmacie de MarrakechMarrakech MarocPr\u00e9sident : Med Nazih ASSABBANEGSM :+212 6 59 06 11 20E-mail : docs.voice.fmpm@gmail.com Organigramme des membres du bureau de Docs Voice Actualit\u00e9s FMPM Lire la suite<\/p>\n","protected":false},"author":2,"featured_media":0,"parent":0,"menu_order":0,"comment_status":"closed","ping_status":"closed","template":"","meta":{"footnotes":""},"class_list":["post-5283","page","type-page","status-publish","hentry","post-no-thumbnail"],"rttpg_featured_image_url":null,"rttpg_author":{"display_name":"FMPM","author_link":"https:\/\/fmpm.uca.ma\/?author=2"},"rttpg_comment":0,"rttpg_category":null,"rttpg_excerpt":"Plateforme d&rsquo;enseignement Ecampus FMPM @ Ecampus Lire la suite Clubs-Associations Clubs et associations\u00a0de la FMPM Bureau des \u00e9tudiants de la FMPM ( BDE ) Association Lueur d\u2019Espoir Marrakech Amicale des \u00e9tudiants \u00e9trangers de la FMPM Association des M\u00e9decins Internes ( AMIMA ) Association des M\u00e9decins R\u00e9sidants ( AL MOQUIM ) Association Sportive de la FMPM\u2026","_links":{"self":[{"href":"https:\/\/fmpm.uca.ma\/index.php?rest_route=\/wp\/v2\/pages\/5283","targetHints":{"allow":["GET"]}}],"collection":[{"href":"https:\/\/fmpm.uca.ma\/index.php?rest_route=\/wp\/v2\/pages"}],"about":[{"href":"https:\/\/fmpm.uca.ma\/index.php?rest_route=\/wp\/v2\/types\/page"}],"author":[{"embeddable":true,"href":"https:\/\/fmpm.uca.ma\/index.php?rest_route=\/wp\/v2\/users\/2"}],"replies":[{"embeddable":true,"href":"https:\/\/fmpm.uca.ma\/index.php?rest_route=%2Fwp%2Fv2%2Fcomments&post=5283"}],"version-history":[{"count":41,"href":"https:\/\/fmpm.uca.ma\/index.php?rest_route=\/wp\/v2\/pages\/5283\/revisions"}],"predecessor-version":[{"id":9955,"href":"https:\/\/fmpm.uca.ma\/index.php?rest_route=\/wp\/v2\/pages\/5283\/revisions\/9955"}],"wp:attachment":[{"href":"https:\/\/fmpm.uca.ma\/index.php?rest_route=%2Fwp%2Fv2%2Fmedia&parent=5283"}],"curies":[{"name":"wp","href":"https:\/\/api.w.org\/{rel}","templated":true}]}}