{"id":4835,"date":"2024-09-25T08:04:50","date_gmt":"2024-09-25T06:04:50","guid":{"rendered":"http:\/\/www.fmpm.uca.ma\/w3new\/?page_id=4835"},"modified":"2024-10-27T18:13:59","modified_gmt":"2024-10-27T17:13:59","slug":"ecampus","status":"publish","type":"page","link":"https:\/\/fmpm.uca.ma\/?page_id=4835","title":{"rendered":"ECAMPUS"},"content":{"rendered":"\t\t<div data-elementor-type=\"wp-page\" data-elementor-id=\"4835\" class=\"elementor elementor-4835\">\n\t\t\t\t\t\t<section class=\"elementor-section elementor-top-section elementor-element elementor-element-1f152a1 elementor-section-full_width elementor-section-height-default elementor-section-height-default elementor-section-column-vertical-align-stretch\" data-id=\"1f152a1\" data-element_type=\"section\">\n\t\t\t\t\t\t<div class=\"elementor-container elementor-column-gap-no\">\n\t\t\t\t\t<div class=\"elementor-column elementor-col-100 elementor-top-column elementor-element elementor-element-7aadad7\" data-id=\"7aadad7\" data-element_type=\"column\">\n\t\t\t<div class=\"elementor-widget-wrap elementor-element-populated\">\n\t\t\t\t\t\t<div class=\"elementor-element elementor-element-fb74d74 bullets-v-align-bottom unicamp-modern-slider-style-04 elementor-widget elementor-widget-tm-modern-slider\" data-id=\"fb74d74\" data-element_type=\"widget\" data-settings=\"{&quot;swiper_items&quot;:&quot;1&quot;,&quot;swiper_items_tablet&quot;:&quot;1&quot;,&quot;swiper_items_mobile&quot;:&quot;1&quot;}\" data-widget_type=\"tm-modern-slider.default\">\n\t\t\t\t<div class=\"elementor-widget-container\">\n\t\t\t\t\t<div class=\"tm-modern-slider\">\n\t\t\t\n\t\t<div class=\"tm-swiper tm-slider-widget pagination-style-01 bullets-horizontal bullets-h-align-right bullets-v-align-bottom slide-layer-transition\" data-lg-items=\"1\" data-lg-gutter=\"0\" data-md-items=\"1\" data-sm-items=\"1\" data-pagination-aligned-by=\"grid\" data-pagination=\"1\" data-loop=\"1\" data-simulate-touch=\"1\" data-speed=\"1000\" data-autoplay=\"5000\" data-effect=\"fade\" data-layer-transition=\"1\" data-fade-effect=\"custom\">\n\t\t\t<div class=\"swiper-inner\">\n\n\t\t\t\t\n\t\t\t\t<div class=\"swiper-container\">\n\t\t\t\t\t<div class=\"swiper-wrapper\">\n\t\t\t\t\t\t\t\t\t<div class=\"swiper-slide elementor-repeater-item-3636b5d unicamp-slide-bg-animation-ken-burns\">\n\t\t\t\t<div class=\"slide-bg-wrap\">\n\t\t\t\t\t<div class=\"slide-bg\"><\/div>\n\t\t\t\t<\/div>\n\t\t\t\t<div class=\"container\">\n\t\t\t\t\t<div class=\"slide-content\">\n\t\t\t\t\t\t<div class=\"slide-layers\">\n\t\t\t\t\t\t\t\t\t\t\t\t\t\t\t<div class=\"slide-layer-wrap\">\n\t\t\t\t\t\t\t\t\t<div class=\"slide-layer\">\n\t\t\t\t\t\t\t\t\t\t\n\t\t\t\t\t\t\t\t\t\t\t\t\t\t\t\t\t\t\t\t\t<div class=\"title-wrap\">\n\t\t\t\t\t\t\t\t\t\t\t\t<h3 class=\"title\"><a class=\"link-secret\" href=\"http:\/\/www.fmpm.uca.ma\/?page_id=4835\">Plateforme d'enseignement Ecampus<\/a><\/h3>\t\t\t\t\t\t\t\t\t\t\t<\/div>\n\t\t\t\t\t\t\t\t\t\t\n\t\t\t\t\t\t\t\t\t\t\t\t\t\t\t\t\t\t\t\t\t<div class=\"description-wrap\">\n\t\t\t\t\t\t\t\t\t\t\t\t<div\n\t\t\t\t\t\t\t\t\t\t\t\t\tclass=\"description\">FMPM @ Ecampus<\/div>\n\t\t\t\t\t\t\t\t\t\t\t<\/div>\n\t\t\t\t\t\t\t\t\t\t\n\t\t\t\t\t\t\t\t\t\t\t\t\t\t\t\t\t\t\t\t\t<div class=\"button-wrap tm-button-wrapper\">\n\t\t\t\t\t\t\t\t\t\t\t\t<a class=\"tm-button style-flat\" href=\"http:\/\/www.fmpm.uca.ma\/?page_id=4835\">\n\t\t\t\t\t\t\t\t\t\t\t\t\t<div class=\"button-content-wrapper\">\n\t\t\t\t\t\t\t\t\t\t\t\t\t\t<span class=\"button-text\">\n\t\t\t\t\t\t\t\t\t\t\t\t\t\t\tLire la suite\t\t\t\t\t\t\t\t\t\t\t\t\t\t<\/span>\n\t\t\t\t\t\t\t\t\t\t\t\t\t<\/div>\n\t\t\t\t\t\t\t\t\t\t\t\t<\/a>\n\t\t\t\t\t\t\t\t\t\t\t<\/div>\n\t\t\t\t\t\t\t\t\t\t\n\t\t\t\t\t\t\t\t\t<\/div>\n\t\t\t\t\t\t\t\t<\/div>\n\t\t\t\t\t\t\t\t\t\t\t\t\t<\/div>\n\t\t\t\t\t<\/div>\n\t\t\t\t<\/div>\n\t\t\t<\/div>\n\t\t\t\t\t\t\t<\/div>\n\t\t\t\t<\/div>\n\n\t\t\t\t\n\t\t\t<\/div>\n\t\t<\/div>\n\t\t\t\t<\/div>\n\t\t\t\t<\/div>\n\t\t\t\t<\/div>\n\t\t\t\t\t<\/div>\n\t\t<\/div>\n\t\t\t\t\t<\/div>\n\t\t<\/section>\n\t\t<div class=\"elementor-element elementor-element-a8be094 e-flex e-con-boxed e-con e-parent\" data-id=\"a8be094\" data-element_type=\"container\">\n\t\t\t\t\t<div class=\"e-con-inner\">\n\t\t\t\t<div class=\"elementor-element elementor-element-3219dbf elementor-invisible elementor-widget elementor-widget-tm-heading\" data-id=\"3219dbf\" data-element_type=\"widget\" data-settings=\"{&quot;_animation&quot;:&quot;unicampFadeInUp&quot;}\" data-widget_type=\"tm-heading.default\">\n\t\t\t\t<div class=\"elementor-widget-container\">\n\t\t\t\t\t<div class=\"tm-modern-heading\">\n\t\t\t\n\t\t\t\t\t<div class=\"heading-primary-wrap\">\n\t\t\t<h2 class=\"heading-primary elementor-heading-title\">Plateforme d'enseignement Ecampus<\/h2>\t\t<\/div>\n\t\t\n\t\t\t\t    <div class=\"heading-divider\"><\/div>\n\t    \n\t\t\t\t\t<\/div>\n\t\t\t\t<\/div>\n\t\t\t\t<\/div>\n\t\t\t\t<div class=\"elementor-element elementor-element-e6dae43 elementor-widget elementor-widget-image\" data-id=\"e6dae43\" data-element_type=\"widget\" data-widget_type=\"image.default\">\n\t\t\t\t<div class=\"elementor-widget-container\">\n\t\t\t<style>\/*! elementor - v3.21.0 - 18-04-2024 *\/\n.elementor-widget-image{text-align:center}.elementor-widget-image a{display:inline-block}.elementor-widget-image a img[src$=\".svg\"]{width:48px}.elementor-widget-image img{vertical-align:middle;display:inline-block}<\/style>\t\t\t\t\t\t\t\t\t\t<img fetchpriority=\"high\" decoding=\"async\" width=\"1450\" height=\"550\" src=\"https:\/\/fmpm.uca.ma\/wp-content\/uploads\/2024\/09\/ecampus3a.jpg\" class=\"attachment-full size-full wp-image-4839\" alt=\"\" \/>\t\t\t\t\t\t\t\t\t\t\t\t\t<\/div>\n\t\t\t\t<\/div>\n\t\t\t\t<div class=\"elementor-element elementor-element-e5479d9 elementor-widget elementor-widget-text-editor\" data-id=\"e5479d9\" data-element_type=\"widget\" data-widget_type=\"text-editor.default\">\n\t\t\t\t<div class=\"elementor-widget-container\">\n\t\t\t<style>\/*! elementor - v3.21.0 - 18-04-2024 *\/\n.elementor-widget-text-editor.elementor-drop-cap-view-stacked .elementor-drop-cap{background-color:#69727d;color:#fff}.elementor-widget-text-editor.elementor-drop-cap-view-framed .elementor-drop-cap{color:#69727d;border:3px solid;background-color:transparent}.elementor-widget-text-editor:not(.elementor-drop-cap-view-default) .elementor-drop-cap{margin-top:8px}.elementor-widget-text-editor:not(.elementor-drop-cap-view-default) .elementor-drop-cap-letter{width:1em;height:1em}.elementor-widget-text-editor .elementor-drop-cap{float:left;text-align:center;line-height:1;font-size:50px}.elementor-widget-text-editor .elementor-drop-cap-letter{display:inline-block}<\/style>\t\t\t\t<h4>Acc\u00e9der \u00e0 la plateforme e-Learning de formation de la FMPM<\/h4>\t\t\t\t\t\t<\/div>\n\t\t\t\t<\/div>\n\t\t\t\t\t<\/div>\n\t\t\t\t<\/div>\n\t\t\t\t<section class=\"elementor-section elementor-top-section elementor-element elementor-element-d388dd6 elementor-section-boxed elementor-section-gap-beside-yes elementor-section-height-default elementor-section-height-default elementor-section-column-vertical-align-stretch\" data-id=\"d388dd6\" data-element_type=\"section\">\n\t\t\t\t\t\t<div class=\"elementor-container elementor-column-gap-extended\">\n\t\t\t\t\t<div class=\"elementor-column elementor-col-100 elementor-top-column elementor-element elementor-element-7be6d12\" data-id=\"7be6d12\" data-element_type=\"column\">\n\t\t\t<div class=\"elementor-widget-wrap elementor-element-populated\">\n\t\t\t\t\t\t<div class=\"elementor-element elementor-element-6952286 elementor-align-center elementor-mobile-align-left elementor-invisible elementor-widget elementor-widget-tm-button\" data-id=\"6952286\" data-element_type=\"widget\" data-settings=\"{&quot;_animation&quot;:&quot;unicampFadeInUp&quot;}\" data-widget_type=\"tm-button.default\">\n\t\t\t\t<div class=\"elementor-widget-container\">\n\t\t\t\t\t<div class=\"tm-button-wrapper\">\n\t\t\t<a href=\"https:\/\/ecampus-fmpm.uca.ma\/login\/index.php\" target=\"_blank\" class=\"tm-button-link tm-button style-flat tm-button-nm icon-right\" role=\"button\">\n\t\t\t\t\t\t<div class=\"button-content-wrapper\">\n\t\t\t\n\t\t\t\t\t\t\t<span class=\"button-text\">ECAMPUS<\/span>\n\t\t\t\n\t\t\t\t\t\t\t<span class=\"button-icon\">\n\t\t\t\t\t<i class=\"fas fa-long-arrow-right\"><\/i>\t\t\t\t<\/span>\n\t\t\t\t\t<\/div>\n\t\t\n\t\t\t\t\t\t\t<\/a>\n\t\t<\/div>\n\t\t\t\t<\/div>\n\t\t\t\t<\/div>\n\t\t\t\t\t<\/div>\n\t\t<\/div>\n\t\t\t\t\t<\/div>\n\t\t<\/section>\n\t\t\t\t<section class=\"elementor-section elementor-top-section elementor-element elementor-element-294a498 elementor-section-boxed elementor-section-gap-beside-yes elementor-section-height-default elementor-section-height-default elementor-section-column-vertical-align-stretch\" data-id=\"294a498\" data-element_type=\"section\">\n\t\t\t\t\t\t<div class=\"elementor-container elementor-column-gap-extended\">\n\t\t\t\t\t<div class=\"elementor-column elementor-col-100 elementor-top-column elementor-element elementor-element-b40609e\" data-id=\"b40609e\" data-element_type=\"column\">\n\t\t\t<div class=\"elementor-widget-wrap\">\n\t\t\t\t\t\t\t<\/div>\n\t\t<\/div>\n\t\t\t\t\t<\/div>\n\t\t<\/section>\n\t\t<div class=\"elementor-element elementor-element-77db6e4 e-flex e-con-boxed e-con e-parent\" data-id=\"77db6e4\" data-element_type=\"container\">\n\t\t\t\t\t<div class=\"e-con-inner\">\n\t\t\t\t<div class=\"elementor-element elementor-element-a090e80 elementor-widget elementor-widget-text-editor\" data-id=\"a090e80\" data-element_type=\"widget\" data-widget_type=\"text-editor.default\">\n\t\t\t\t<div class=\"elementor-widget-container\">\n\t\t\t\t\t\t\t<h3><strong>Compte Etudiant :<\/strong><\/h3><ul><li><p><a href=\"http:\/\/wd.fmpm.uca.ma\/tutoriels\/1-student.mp4\" target=\"_blank\" rel=\"noopener\">Proc\u00e9dure d\u2019acc\u00e8s \u00e0 la plateforme<\/a><\/p><\/li><\/ul><p>\u00a0<\/p><h3>Identifiants de connexion: <strong>Compte Etudiant\u00a0<\/strong><\/h3><p>L&rsquo;acc\u00e8s aux cours est prot\u00e9g\u00e9, vous devez vous identifier avec l&rsquo;identifiant et le mot de passe qui vous ont \u00e9t\u00e9 donn\u00e9s<\/p><p>Vous avez acc\u00e8s aux cours correspondant aux formations que vous avez suivies. Vous pouvez donc visualiser tous les cours li\u00e9s \u00e0 votre niveau de formation<\/p><p>Nous vous souhaitons une bonne utilisation de cette plateforme et de ses potentialit\u00e9s d&rsquo;enrichissement et d&rsquo;\u00e9change<\/p><ul><li>S&rsquo;il s&rsquo;agit de votre premi\u00e8re connexion il vous sera demand\u00e9 de modifier votre mot de passe provisoire<\/li><li>Le nouveau mot de passe doit contenir au minimum 8 caract\u00e8re avec au moins: un caract\u00e8re sp\u00e9ciaux, une lettre majuscule , un lettre minuscule, un chiffre<br \/>Exemple: Fmpm@2023#<\/li><\/ul><p>\u00a0<\/p><h3 class=\"d-flex align-self-stretch align-items-center mb-0\" aria-hidden=\"true\">R\u00e9cup\u00e9ration de mot de passe<\/h3><p><a href=\"https:\/\/ecampus-fmpm.uca.ma\/login\/forgot_password.php\" target=\"_blank\" rel=\"noopener\">&gt; https:\/\/ecampus-fmpm.uca.ma\/login\/forgot_password.php<\/a><\/p><div>\u00a0<\/div>\t\t\t\t\t\t<\/div>\n\t\t\t\t<\/div>\n\t\t\t\t\t<\/div>\n\t\t\t\t<\/div>\n\t\t<div class=\"elementor-element elementor-element-9be02f9 e-flex e-con-boxed e-con e-parent\" data-id=\"9be02f9\" data-element_type=\"container\">\n\t\t\t\t\t<div class=\"e-con-inner\">\n\t\t\t\t<div class=\"elementor-element elementor-element-3326407 elementor-widget elementor-widget-text-editor\" data-id=\"3326407\" data-element_type=\"widget\" data-widget_type=\"text-editor.default\">\n\t\t\t\t<div class=\"elementor-widget-container\">\n\t\t\t\t\t\t\t<div class=\"page-content\"><h3><strong>Compte Enseignant :<\/strong><\/h3><div class=\"page-content\"><ul><li><p><a href=\"http:\/\/wd.fmpm.uca.ma\/data\/pw.mp4\" target=\"_blank\" rel=\"noopener\">Comment sonoriser vos cours avec PowerPoint<\/a><\/p><\/li><\/ul><\/div><\/div><ul><li><p><a href=\"http:\/\/wd.fmpm.uca.ma\/tutoriels\/2-prof.mp4\" target=\"_blank\" rel=\"noopener\">Proc\u00e9dure d\u2019acc\u00e8s \u00e0 la plateforme<\/a><\/p><\/li><li><p><a href=\"http:\/\/wd.fmpm.uca.ma\/tutoriels\/3-cours.mp4\" target=\"_blank\" rel=\"noopener\">Ajouter un cours<\/a><\/p><\/li><li><p><a href=\"http:\/\/wd.fmpm.uca.ma\/tutoriels\/4-forum.mp4\" target=\"_blank\" rel=\"noopener\">Ajouter un Forum pour les \u00e9tudiants<\/a><\/p><\/li><li><p><a href=\"http:\/\/wd.fmpm.uca.ma\/tutoriels\/5-qcm.mp4\" target=\"_blank\" rel=\"noopener\">Ajouter QCM \/ Test d\u2019\u00e9valuation pour les \u00e9tudiants<\/a><\/p><\/li><\/ul>\t\t\t\t\t\t<\/div>\n\t\t\t\t<\/div>\n\t\t\t\t\t<\/div>\n\t\t\t\t<\/div>\n\t\t<div class=\"elementor-element elementor-element-d6080eb e-flex e-con-boxed e-con e-parent\" data-id=\"d6080eb\" data-element_type=\"container\">\n\t\t\t\t\t<div class=\"e-con-inner\">\n\t\t\t\t<div class=\"elementor-element elementor-element-6bf7835 elementor-widget elementor-widget-text-editor\" data-id=\"6bf7835\" data-element_type=\"widget\" data-widget_type=\"text-editor.default\">\n\t\t\t\t<div class=\"elementor-widget-container\">\n\t\t\t\t\t\t\t<div><h3><strong>DIU<\/strong><\/h3><ul><li><p><a href=\"http:\/\/wd.fmpm.uca.ma\/tutoriels\/1-student.mp4\" target=\"_blank\" rel=\"noopener\">Proc\u00e9dure d\u2019acc\u00e8s \u00e0 la plateforme e-learning de formation de la FMPM<\/a><\/p><\/li><li><p><a href=\"https:\/\/ecampus-fmpm.uca.ma\/\" target=\"_blank\" rel=\"noopener\">Acc\u00e9der \u00e0 la plateforme e-Learning de formation de la FMPM<\/a><\/p><\/li><\/ul><\/div>\t\t\t\t\t\t<\/div>\n\t\t\t\t<\/div>\n\t\t\t\t\t<\/div>\n\t\t\t\t<\/div>\n\t\t<div class=\"elementor-element elementor-element-5e78dd2 e-flex e-con-boxed e-con e-parent\" data-id=\"5e78dd2\" data-element_type=\"container\">\n\t\t\t\t\t<div class=\"e-con-inner\">\n\t\t\t\t\t<\/div>\n\t\t\t\t<\/div>\n\t\t<div class=\"elementor-element elementor-element-2b85303 e-flex e-con-boxed e-con e-parent\" data-id=\"2b85303\" data-element_type=\"container\">\n\t\t\t\t\t<div class=\"e-con-inner\">\n\t\t\t\t<div class=\"elementor-element elementor-element-95efd79 elementor-widget elementor-widget-image\" data-id=\"95efd79\" data-element_type=\"widget\" data-widget_type=\"image.default\">\n\t\t\t\t<div class=\"elementor-widget-container\">\n\t\t\t\t\t\t\t\t\t\t\t\t\t<img decoding=\"async\" width=\"802\" height=\"403\" src=\"https:\/\/fmpm.uca.ma\/wp-content\/uploads\/2024\/09\/ecampus-1.jpg\" class=\"attachment-full size-full wp-image-4888\" alt=\"\" \/>\t\t\t\t\t\t\t\t\t\t\t\t\t<\/div>\n\t\t\t\t<\/div>\n\t\t\t\t\t<\/div>\n\t\t\t\t<\/div>\n\t\t<div class=\"elementor-element elementor-element-a497097 e-flex e-con-boxed e-con e-parent\" data-id=\"a497097\" data-element_type=\"container\">\n\t\t\t\t\t<div class=\"e-con-inner\">\n\t\t\t\t\t<\/div>\n\t\t\t\t<\/div>\n\t\t\t\t<section class=\"elementor-section elementor-top-section elementor-element elementor-element-43ef58c elementor-section-boxed elementor-section-gap-beside-yes elementor-section-height-default elementor-section-height-default elementor-section-column-vertical-align-stretch\" data-id=\"43ef58c\" data-element_type=\"section\" data-settings=\"{&quot;background_background&quot;:&quot;classic&quot;}\">\n\t\t\t\t\t\t<div class=\"elementor-container elementor-column-gap-extended\">\n\t\t\t\t\t<div class=\"elementor-column elementor-col-100 elementor-top-column elementor-element elementor-element-17155f2\" data-id=\"17155f2\" data-element_type=\"column\">\n\t\t\t<div class=\"elementor-widget-wrap elementor-element-populated\">\n\t\t\t\t\t\t<div class=\"elementor-element elementor-element-5621f29 elementor-widget elementor-widget-spacer\" data-id=\"5621f29\" data-element_type=\"widget\" data-widget_type=\"spacer.default\">\n\t\t\t\t<div class=\"elementor-widget-container\">\n\t\t\t<style>\/*! elementor - v3.21.0 - 18-04-2024 *\/\n.elementor-column .elementor-spacer-inner{height:var(--spacer-size)}.e-con{--container-widget-width:100%}.e-con-inner>.elementor-widget-spacer,.e-con>.elementor-widget-spacer{width:var(--container-widget-width,var(--spacer-size));--align-self:var(--container-widget-align-self,initial);--flex-shrink:0}.e-con-inner>.elementor-widget-spacer>.elementor-widget-container,.e-con>.elementor-widget-spacer>.elementor-widget-container{height:100%;width:100%}.e-con-inner>.elementor-widget-spacer>.elementor-widget-container>.elementor-spacer,.e-con>.elementor-widget-spacer>.elementor-widget-container>.elementor-spacer{height:100%}.e-con-inner>.elementor-widget-spacer>.elementor-widget-container>.elementor-spacer>.elementor-spacer-inner,.e-con>.elementor-widget-spacer>.elementor-widget-container>.elementor-spacer>.elementor-spacer-inner{height:var(--container-widget-height,var(--spacer-size))}.e-con-inner>.elementor-widget-spacer.elementor-widget-empty,.e-con>.elementor-widget-spacer.elementor-widget-empty{position:relative;min-height:22px;min-width:22px}.e-con-inner>.elementor-widget-spacer.elementor-widget-empty .elementor-widget-empty-icon,.e-con>.elementor-widget-spacer.elementor-widget-empty .elementor-widget-empty-icon{position:absolute;top:0;bottom:0;left:0;right:0;margin:auto;padding:0;width:22px;height:22px}<\/style>\t\t<div class=\"elementor-spacer\">\n\t\t\t<div class=\"elementor-spacer-inner\"><\/div>\n\t\t<\/div>\n\t\t\t\t<\/div>\n\t\t\t\t<\/div>\n\t\t\t\t<div class=\"elementor-element elementor-element-2987ccb elementor-invisible elementor-widget elementor-widget-tm-heading\" data-id=\"2987ccb\" data-element_type=\"widget\" data-settings=\"{&quot;_animation&quot;:&quot;unicampFadeInUp&quot;}\" data-widget_type=\"tm-heading.default\">\n\t\t\t\t<div class=\"elementor-widget-container\">\n\t\t\t\t\t<div class=\"tm-modern-heading\">\n\t\t\t\n\t\t\t\t\t<div class=\"heading-primary-wrap\">\n\t\t\t<h2 class=\"heading-primary elementor-heading-title\"><a href=\"http:\/\/www.fmpm.uca.ma\/?page_id=46\">Actualit\u00e9s FMPM <\/a><\/h2>\t\t<\/div>\n\t\t\n\t\t\t\t    <div class=\"heading-divider\"><\/div>\n\t    \n\t\t\t\t\t<\/div>\n\t\t\t\t<\/div>\n\t\t\t\t<\/div>\n\t\t\t\t<div class=\"elementor-element elementor-element-eac0ac0 elementor-align-center elementor-mobile-align-left elementor-invisible elementor-widget elementor-widget-tm-button\" data-id=\"eac0ac0\" data-element_type=\"widget\" data-settings=\"{&quot;_animation&quot;:&quot;unicampFadeInUp&quot;}\" data-widget_type=\"tm-button.default\">\n\t\t\t\t<div class=\"elementor-widget-container\">\n\t\t\t\t\t<div class=\"tm-button-wrapper\">\n\t\t\t<a href=\"http:\/\/www.fmpm.uca.ma\/?page_id=46\" class=\"tm-button-link tm-button style-flat tm-button-nm icon-right\" role=\"button\">\n\t\t\t\t\t\t<div class=\"button-content-wrapper\">\n\t\t\t\n\t\t\t\t\t\t\t<span class=\"button-text\">Lire la suite<\/span>\n\t\t\t\n\t\t\t\t\t\t\t<span class=\"button-icon\">\n\t\t\t\t\t<i class=\"fas fa-long-arrow-right\"><\/i>\t\t\t\t<\/span>\n\t\t\t\t\t<\/div>\n\t\t\n\t\t\t\t\t\t\t<\/a>\n\t\t<\/div>\n\t\t\t\t<\/div>\n\t\t\t\t<\/div>\n\t\t\t\t<div class=\"elementor-element elementor-element-7cb2514 elementor-widget elementor-widget-spacer\" data-id=\"7cb2514\" data-element_type=\"widget\" data-widget_type=\"spacer.default\">\n\t\t\t\t<div class=\"elementor-widget-container\">\n\t\t\t\t\t<div class=\"elementor-spacer\">\n\t\t\t<div class=\"elementor-spacer-inner\"><\/div>\n\t\t<\/div>\n\t\t\t\t<\/div>\n\t\t\t\t<\/div>\n\t\t\t\t\t<\/div>\n\t\t<\/div>\n\t\t\t\t\t<\/div>\n\t\t<\/section>\n\t\t<div class=\"elementor-element elementor-element-c84863d e-flex e-con-boxed e-con e-parent\" data-id=\"c84863d\" data-element_type=\"container\">\n\t\t\t\t\t<div class=\"e-con-inner\">\n\t\t\t\t<div class=\"elementor-element elementor-element-8e07258 elementor-widget elementor-widget-spacer\" data-id=\"8e07258\" data-element_type=\"widget\" data-widget_type=\"spacer.default\">\n\t\t\t\t<div class=\"elementor-widget-container\">\n\t\t\t\t\t<div class=\"elementor-spacer\">\n\t\t\t<div class=\"elementor-spacer-inner\"><\/div>\n\t\t<\/div>\n\t\t\t\t<\/div>\n\t\t\t\t<\/div>\n\t\t\t\t\t<\/div>\n\t\t\t\t<\/div>\n\t\t\t\t<\/div>\n\t\t","protected":false},"excerpt":{"rendered":"<p>Plateforme d&rsquo;enseignement Ecampus FMPM @ Ecampus Lire la suite Plateforme d&rsquo;enseignement Ecampus Acc\u00e9der \u00e0 la plateforme e-Learning de formation de la FMPM ECAMPUS Compte Etudiant : Proc\u00e9dure d\u2019acc\u00e8s \u00e0 la plateforme \u00a0 Identifiants de connexion: Compte Etudiant\u00a0 L&rsquo;acc\u00e8s aux cours est prot\u00e9g\u00e9, vous devez vous identifier avec l&rsquo;identifiant et le mot de passe qui vous ont \u00e9t\u00e9 donn\u00e9s Vous avez acc\u00e8s aux cours correspondant aux formations que vous avez suivies. Vous pouvez donc visualiser tous les cours li\u00e9s \u00e0 votre niveau de formation Nous vous souhaitons une bonne utilisation de cette plateforme et de ses potentialit\u00e9s d&rsquo;enrichissement et d&rsquo;\u00e9change S&rsquo;il s&rsquo;agit de votre premi\u00e8re connexion il vous sera demand\u00e9 de modifier votre mot de passe provisoire Le nouveau mot de passe doit contenir au minimum 8 caract\u00e8re avec au moins: un caract\u00e8re sp\u00e9ciaux, une lettre majuscule , un lettre minuscule, un chiffreExemple: Fmpm@2023# \u00a0 R\u00e9cup\u00e9ration de mot de passe &gt; https:\/\/ecampus-fmpm.uca.ma\/login\/forgot_password.php \u00a0 Compte Enseignant : Comment sonoriser vos cours avec PowerPoint Proc\u00e9dure d\u2019acc\u00e8s \u00e0 la plateforme Ajouter un cours Ajouter un Forum pour les \u00e9tudiants Ajouter QCM \/ Test d\u2019\u00e9valuation pour les \u00e9tudiants DIU Proc\u00e9dure d\u2019acc\u00e8s \u00e0 la plateforme e-learning de formation de la FMPM Acc\u00e9der \u00e0 la plateforme e-Learning de formation de la FMPM Actualit\u00e9s FMPM Lire la suite<\/p>\n","protected":false},"author":2,"featured_media":0,"parent":0,"menu_order":0,"comment_status":"closed","ping_status":"closed","template":"","meta":{"footnotes":""},"class_list":["post-4835","page","type-page","status-publish","hentry","post-no-thumbnail"],"rttpg_featured_image_url":null,"rttpg_author":{"display_name":"FMPM","author_link":"https:\/\/fmpm.uca.ma\/?author=2"},"rttpg_comment":0,"rttpg_category":null,"rttpg_excerpt":"Plateforme d&rsquo;enseignement Ecampus FMPM @ Ecampus Lire la suite Plateforme d&rsquo;enseignement Ecampus Acc\u00e9der \u00e0 la plateforme e-Learning de formation de la FMPM ECAMPUS Compte Etudiant : Proc\u00e9dure d\u2019acc\u00e8s \u00e0 la plateforme \u00a0 Identifiants de connexion: Compte Etudiant\u00a0 L&rsquo;acc\u00e8s aux cours est prot\u00e9g\u00e9, vous devez vous identifier avec l&rsquo;identifiant et le mot de passe qui vous\u2026","_links":{"self":[{"href":"https:\/\/fmpm.uca.ma\/index.php?rest_route=\/wp\/v2\/pages\/4835","targetHints":{"allow":["GET"]}}],"collection":[{"href":"https:\/\/fmpm.uca.ma\/index.php?rest_route=\/wp\/v2\/pages"}],"about":[{"href":"https:\/\/fmpm.uca.ma\/index.php?rest_route=\/wp\/v2\/types\/page"}],"author":[{"embeddable":true,"href":"https:\/\/fmpm.uca.ma\/index.php?rest_route=\/wp\/v2\/users\/2"}],"replies":[{"embeddable":true,"href":"https:\/\/fmpm.uca.ma\/index.php?rest_route=%2Fwp%2Fv2%2Fcomments&post=4835"}],"version-history":[{"count":92,"href":"https:\/\/fmpm.uca.ma\/index.php?rest_route=\/wp\/v2\/pages\/4835\/revisions"}],"predecessor-version":[{"id":7818,"href":"https:\/\/fmpm.uca.ma\/index.php?rest_route=\/wp\/v2\/pages\/4835\/revisions\/7818"}],"wp:attachment":[{"href":"https:\/\/fmpm.uca.ma\/index.php?rest_route=%2Fwp%2Fv2%2Fmedia&parent=4835"}],"curies":[{"name":"wp","href":"https:\/\/api.w.org\/{rel}","templated":true}]}}