{"id":4768,"date":"2024-09-24T19:41:15","date_gmt":"2024-09-24T17:41:15","guid":{"rendered":"http:\/\/www.fmpm.uca.ma\/w3new\/?page_id=4768"},"modified":"2025-11-19T16:04:57","modified_gmt":"2025-11-19T15:04:57","slug":"associations","status":"publish","type":"page","link":"https:\/\/fmpm.uca.ma\/?page_id=4768","title":{"rendered":"ASSOCIATIONS"},"content":{"rendered":"\t\t<div data-elementor-type=\"wp-page\" data-elementor-id=\"4768\" class=\"elementor elementor-4768\">\n\t\t\t\t\t\t<section class=\"elementor-section elementor-top-section elementor-element elementor-element-1f152a1 elementor-section-full_width elementor-section-height-default elementor-section-height-default elementor-section-column-vertical-align-stretch\" data-id=\"1f152a1\" data-element_type=\"section\">\n\t\t\t\t\t\t<div class=\"elementor-container elementor-column-gap-no\">\n\t\t\t\t\t<div class=\"elementor-column elementor-col-100 elementor-top-column elementor-element elementor-element-7aadad7\" data-id=\"7aadad7\" data-element_type=\"column\">\n\t\t\t<div class=\"elementor-widget-wrap elementor-element-populated\">\n\t\t\t\t\t\t<div class=\"elementor-element elementor-element-fb74d74 bullets-v-align-bottom unicamp-modern-slider-style-04 elementor-widget elementor-widget-tm-modern-slider\" data-id=\"fb74d74\" data-element_type=\"widget\" data-settings=\"{&quot;swiper_items&quot;:&quot;1&quot;,&quot;swiper_items_tablet&quot;:&quot;1&quot;,&quot;swiper_items_mobile&quot;:&quot;1&quot;}\" data-widget_type=\"tm-modern-slider.default\">\n\t\t\t\t<div class=\"elementor-widget-container\">\n\t\t\t\t\t<div class=\"tm-modern-slider\">\n\t\t\t\n\t\t<div class=\"tm-swiper tm-slider-widget pagination-style-01 bullets-horizontal bullets-h-align-right bullets-v-align-bottom slide-layer-transition\" data-lg-items=\"1\" data-lg-gutter=\"0\" data-md-items=\"1\" data-sm-items=\"1\" data-pagination-aligned-by=\"grid\" data-pagination=\"1\" data-loop=\"1\" data-simulate-touch=\"1\" data-speed=\"1000\" data-autoplay=\"5000\" data-effect=\"fade\" data-layer-transition=\"1\" data-fade-effect=\"custom\">\n\t\t\t<div class=\"swiper-inner\">\n\n\t\t\t\t\n\t\t\t\t<div class=\"swiper-container\">\n\t\t\t\t\t<div class=\"swiper-wrapper\">\n\t\t\t\t\t\t\t\t\t<div class=\"swiper-slide elementor-repeater-item-3636b5d unicamp-slide-bg-animation-ken-burns\">\n\t\t\t\t<div class=\"slide-bg-wrap\">\n\t\t\t\t\t<div class=\"slide-bg\"><\/div>\n\t\t\t\t<\/div>\n\t\t\t\t<div class=\"container\">\n\t\t\t\t\t<div class=\"slide-content\">\n\t\t\t\t\t\t<div class=\"slide-layers\">\n\t\t\t\t\t\t\t\t\t\t\t\t\t\t\t<div class=\"slide-layer-wrap\">\n\t\t\t\t\t\t\t\t\t<div class=\"slide-layer\">\n\t\t\t\t\t\t\t\t\t\t\n\t\t\t\t\t\t\t\t\t\t\t\t\t\t\t\t\t\t\t\t\t<div class=\"title-wrap\">\n\t\t\t\t\t\t\t\t\t\t\t\t<h3 class=\"title\"><a class=\"link-secret\" href=\"http:\/\/www.fmpm.uca.ma\/?page_id=4835\">Plateforme d'enseignement Ecampus<\/a><\/h3>\t\t\t\t\t\t\t\t\t\t\t<\/div>\n\t\t\t\t\t\t\t\t\t\t\n\t\t\t\t\t\t\t\t\t\t\t\t\t\t\t\t\t\t\t\t\t<div class=\"description-wrap\">\n\t\t\t\t\t\t\t\t\t\t\t\t<div\n\t\t\t\t\t\t\t\t\t\t\t\t\tclass=\"description\">FMPM @ Ecampus<\/div>\n\t\t\t\t\t\t\t\t\t\t\t<\/div>\n\t\t\t\t\t\t\t\t\t\t\n\t\t\t\t\t\t\t\t\t\t\t\t\t\t\t\t\t\t\t\t\t<div class=\"button-wrap tm-button-wrapper\">\n\t\t\t\t\t\t\t\t\t\t\t\t<a class=\"tm-button style-flat\" href=\"http:\/\/www.fmpm.uca.ma\/?page_id=4835\">\n\t\t\t\t\t\t\t\t\t\t\t\t\t<div class=\"button-content-wrapper\">\n\t\t\t\t\t\t\t\t\t\t\t\t\t\t<span class=\"button-text\">\n\t\t\t\t\t\t\t\t\t\t\t\t\t\t\tLire la suite\t\t\t\t\t\t\t\t\t\t\t\t\t\t<\/span>\n\t\t\t\t\t\t\t\t\t\t\t\t\t<\/div>\n\t\t\t\t\t\t\t\t\t\t\t\t<\/a>\n\t\t\t\t\t\t\t\t\t\t\t<\/div>\n\t\t\t\t\t\t\t\t\t\t\n\t\t\t\t\t\t\t\t\t<\/div>\n\t\t\t\t\t\t\t\t<\/div>\n\t\t\t\t\t\t\t\t\t\t\t\t\t<\/div>\n\t\t\t\t\t<\/div>\n\t\t\t\t<\/div>\n\t\t\t<\/div>\n\t\t\t\t\t\t\t<\/div>\n\t\t\t\t<\/div>\n\n\t\t\t\t\n\t\t\t<\/div>\n\t\t<\/div>\n\t\t\t\t<\/div>\n\t\t\t\t<\/div>\n\t\t\t\t<\/div>\n\t\t\t\t\t<\/div>\n\t\t<\/div>\n\t\t\t\t\t<\/div>\n\t\t<\/section>\n\t\t<div class=\"elementor-element elementor-element-a8be094 e-flex e-con-boxed e-con e-parent\" data-id=\"a8be094\" data-element_type=\"container\">\n\t\t\t\t\t<div class=\"e-con-inner\">\n\t\t\t\t<div class=\"elementor-element elementor-element-3219dbf elementor-invisible elementor-widget elementor-widget-tm-heading\" data-id=\"3219dbf\" data-element_type=\"widget\" data-settings=\"{&quot;_animation&quot;:&quot;unicampFadeInUp&quot;}\" data-widget_type=\"tm-heading.default\">\n\t\t\t\t<div class=\"elementor-widget-container\">\n\t\t\t\t\t<div class=\"tm-modern-heading\">\n\t\t\t\n\t\t\t\t\t<div class=\"heading-primary-wrap\">\n\t\t\t<h2 class=\"heading-primary elementor-heading-title\">Associations<\/h2>\t\t<\/div>\n\t\t\n\t\t\t\t    <div class=\"heading-divider\"><\/div>\n\t    \n\t\t\t\t\t<\/div>\n\t\t\t\t<\/div>\n\t\t\t\t<\/div>\n\t\t\t\t\t<\/div>\n\t\t\t\t<\/div>\n\t\t\t\t<section class=\"elementor-section elementor-top-section elementor-element elementor-element-d388dd6 elementor-section-boxed elementor-section-gap-beside-yes elementor-section-height-default elementor-section-height-default elementor-section-column-vertical-align-stretch\" data-id=\"d388dd6\" data-element_type=\"section\">\n\t\t\t\t\t\t<div class=\"elementor-container elementor-column-gap-extended\">\n\t\t\t\t\t<div class=\"elementor-column elementor-col-100 elementor-top-column elementor-element elementor-element-7be6d12\" data-id=\"7be6d12\" data-element_type=\"column\">\n\t\t\t<div class=\"elementor-widget-wrap elementor-element-populated\">\n\t\t\t\t\t\t<section class=\"elementor-section elementor-inner-section elementor-element elementor-element-7438c15 elementor-section-gap-beside-no elementor-section-boxed elementor-section-height-default elementor-section-height-default elementor-section-column-vertical-align-stretch\" data-id=\"7438c15\" data-element_type=\"section\">\n\t\t\t\t\t\t<div class=\"elementor-container elementor-column-gap-extended\">\n\t\t\t\t\t<div class=\"elementor-column elementor-col-100 elementor-inner-column elementor-element elementor-element-d5ed4dd\" data-id=\"d5ed4dd\" data-element_type=\"column\">\n\t\t\t<div class=\"elementor-widget-wrap elementor-element-populated\">\n\t\t\t\t\t\t<div class=\"elementor-element elementor-element-1bb8eaa elementor-widget elementor-widget-text-editor\" data-id=\"1bb8eaa\" data-element_type=\"widget\" data-widget_type=\"text-editor.default\">\n\t\t\t\t<div class=\"elementor-widget-container\">\n\t\t\t<style>\/*! elementor - v3.21.0 - 18-04-2024 *\/\n.elementor-widget-text-editor.elementor-drop-cap-view-stacked .elementor-drop-cap{background-color:#69727d;color:#fff}.elementor-widget-text-editor.elementor-drop-cap-view-framed .elementor-drop-cap{color:#69727d;border:3px solid;background-color:transparent}.elementor-widget-text-editor:not(.elementor-drop-cap-view-default) .elementor-drop-cap{margin-top:8px}.elementor-widget-text-editor:not(.elementor-drop-cap-view-default) .elementor-drop-cap-letter{width:1em;height:1em}.elementor-widget-text-editor .elementor-drop-cap{float:left;text-align:center;line-height:1;font-size:50px}.elementor-widget-text-editor .elementor-drop-cap-letter{display:inline-block}<\/style>\t\t\t\t<h5>Association des enseignants de la FMPM<\/h5><p>L\u2019association des m\u00e9decins enseignants de la Facult\u00e9 de M\u00e9decine et de Pharmacie de Marrakech est une association \u00e0 but non lucratif, cr\u00e9e en 2003.<\/p><p>L\u2019association des m\u00e9decins enseignants de la Facult\u00e9 de M\u00e9decine et de Pharmacie de Marrakech vise \u00e0 contribuer \u00e0 l\u2019\u00e9dification d\u2019une communaut\u00e9 d\u2019enseignant solidaire et m\u00e8ne des actions humanitaires et organise des manifestations scientifiques, culturelles et sportives<\/p><ul><li><h6><strong>Membres du bureau de l\u2019association\u00a0:<\/strong><\/h6><\/li><\/ul><p style=\"padding-left: 40px;\">Pr\u00e9sident : Pr. EL IDRISSI SLITINE Nadia<\/p><p style=\"padding-left: 40px;\">Vice-pr\u00e9sident : Pr. RAIS Hanane<\/p><p style=\"padding-left: 40px;\">Secr\u00e9taire g\u00e9n\u00e9rale : Pr. BELGHMADI Sara<\/p><p style=\"padding-left: 40px;\">Vice secr\u00e9taire g\u00e9n\u00e9ral : Pr. AZIZ Zakaria<\/p><p style=\"padding-left: 40px;\">Tr\u00e9sorier : Pr. LAHMINI Widad<\/p><p style=\"padding-left: 40px;\">Vice tr\u00e9sorier : Pr. WARDA Karima<\/p><ul><li><strong>Assesseurs :<\/strong><\/li><\/ul><p style=\"padding-left: 40px;\">Pr. ADARMOUCH Latifa<\/p><p style=\"padding-left: 40px;\">Pr. EL RHEZZALI Manal<\/p><p style=\"padding-left: 40px;\">Pr. BENANTAR Lamia<\/p><p>\u00a0<\/p><h5><a href=\"https:\/\/fmpm.uca.ma\/?page_id=5283\">&gt; Clubs des \u00e9tudiants<\/a><\/h5><h5>\u00a0<\/h5><h5><a href=\"https:\/\/www.amima-science.org\/\" target=\"_blank\" rel=\"noopener\">&gt; AMIMA &#8211; Association des M\u00e9decins Internes de Marrakech<\/a><\/h5><h5>\u00a0<\/h5><h5>&gt; <a href=\"https:\/\/almoquim.com\/\" target=\"_blank\" rel=\"noopener\">ALMOQUIM &#8211; Association des M\u00e9decins R\u00e9sident de Marrakech<\/a><\/h5><h5>\u00a0<\/h5><h5>&gt; Association du Personnel Administratif de la FMPM<\/h5><h6><a href=\"http:\/\/wd.fmpm.uca.ma\/fmpm\/ass\/ass.pdf\" target=\"_blank\" rel=\"noopener\">Pr\u00e9sentation de l&rsquo;association<\/a><\/h6>\t\t\t\t\t\t<\/div>\n\t\t\t\t<\/div>\n\t\t\t\t<div class=\"elementor-element elementor-element-c6f8f65 elementor-widget__width-initial elementor-widget elementor-widget-image\" data-id=\"c6f8f65\" data-element_type=\"widget\" data-widget_type=\"image.default\">\n\t\t\t\t<div class=\"elementor-widget-container\">\n\t\t\t<style>\/*! elementor - v3.21.0 - 18-04-2024 *\/\n.elementor-widget-image{text-align:center}.elementor-widget-image a{display:inline-block}.elementor-widget-image a img[src$=\".svg\"]{width:48px}.elementor-widget-image img{vertical-align:middle;display:inline-block}<\/style>\t\t\t\t\t\t\t\t\t\t<img fetchpriority=\"high\" decoding=\"async\" width=\"1280\" height=\"597\" src=\"https:\/\/fmpm.uca.ma\/wp-content\/uploads\/2024\/10\/fmpm_perso_2024_05.jpeg\" class=\"attachment-full size-full wp-image-8076\" alt=\"\" \/>\t\t\t\t\t\t\t\t\t\t\t\t\t<\/div>\n\t\t\t\t<\/div>\n\t\t\t\t\t<\/div>\n\t\t<\/div>\n\t\t\t\t\t<\/div>\n\t\t<\/section>\n\t\t\t\t\t<\/div>\n\t\t<\/div>\n\t\t\t\t\t<\/div>\n\t\t<\/section>\n\t\t<div class=\"elementor-element elementor-element-de0ebb8 e-flex e-con-boxed e-con e-parent\" data-id=\"de0ebb8\" data-element_type=\"container\">\n\t\t\t\t\t<div class=\"e-con-inner\">\n\t\t\t\t\t<\/div>\n\t\t\t\t<\/div>\n\t\t\t\t<section class=\"elementor-section elementor-top-section elementor-element elementor-element-f7eeb03 elementor-section-boxed elementor-section-gap-beside-yes elementor-section-height-default elementor-section-height-default elementor-section-column-vertical-align-stretch\" data-id=\"f7eeb03\" data-element_type=\"section\" data-settings=\"{&quot;background_background&quot;:&quot;classic&quot;}\">\n\t\t\t\t\t\t<div class=\"elementor-container elementor-column-gap-extended\">\n\t\t\t\t\t<div class=\"elementor-column elementor-col-100 elementor-top-column elementor-element elementor-element-931a65c\" data-id=\"931a65c\" data-element_type=\"column\">\n\t\t\t<div class=\"elementor-widget-wrap elementor-element-populated\">\n\t\t\t\t\t\t<div class=\"elementor-element elementor-element-4749a44 elementor-widget elementor-widget-spacer\" data-id=\"4749a44\" data-element_type=\"widget\" data-widget_type=\"spacer.default\">\n\t\t\t\t<div class=\"elementor-widget-container\">\n\t\t\t<style>\/*! elementor - v3.21.0 - 18-04-2024 *\/\n.elementor-column .elementor-spacer-inner{height:var(--spacer-size)}.e-con{--container-widget-width:100%}.e-con-inner>.elementor-widget-spacer,.e-con>.elementor-widget-spacer{width:var(--container-widget-width,var(--spacer-size));--align-self:var(--container-widget-align-self,initial);--flex-shrink:0}.e-con-inner>.elementor-widget-spacer>.elementor-widget-container,.e-con>.elementor-widget-spacer>.elementor-widget-container{height:100%;width:100%}.e-con-inner>.elementor-widget-spacer>.elementor-widget-container>.elementor-spacer,.e-con>.elementor-widget-spacer>.elementor-widget-container>.elementor-spacer{height:100%}.e-con-inner>.elementor-widget-spacer>.elementor-widget-container>.elementor-spacer>.elementor-spacer-inner,.e-con>.elementor-widget-spacer>.elementor-widget-container>.elementor-spacer>.elementor-spacer-inner{height:var(--container-widget-height,var(--spacer-size))}.e-con-inner>.elementor-widget-spacer.elementor-widget-empty,.e-con>.elementor-widget-spacer.elementor-widget-empty{position:relative;min-height:22px;min-width:22px}.e-con-inner>.elementor-widget-spacer.elementor-widget-empty .elementor-widget-empty-icon,.e-con>.elementor-widget-spacer.elementor-widget-empty .elementor-widget-empty-icon{position:absolute;top:0;bottom:0;left:0;right:0;margin:auto;padding:0;width:22px;height:22px}<\/style>\t\t<div class=\"elementor-spacer\">\n\t\t\t<div class=\"elementor-spacer-inner\"><\/div>\n\t\t<\/div>\n\t\t\t\t<\/div>\n\t\t\t\t<\/div>\n\t\t\t\t<div class=\"elementor-element elementor-element-e7bab86 elementor-invisible elementor-widget elementor-widget-tm-heading\" data-id=\"e7bab86\" data-element_type=\"widget\" data-settings=\"{&quot;_animation&quot;:&quot;unicampFadeInUp&quot;}\" data-widget_type=\"tm-heading.default\">\n\t\t\t\t<div class=\"elementor-widget-container\">\n\t\t\t\t\t<div class=\"tm-modern-heading\">\n\t\t\t\n\t\t\t\t\t<div class=\"heading-primary-wrap\">\n\t\t\t<h2 class=\"heading-primary elementor-heading-title\"><a href=\"http:\/\/www.fmpm.uca.ma\/?page_id=46\">Actualit\u00e9s FMPM <\/a><\/h2>\t\t<\/div>\n\t\t\n\t\t\t\t    <div class=\"heading-divider\"><\/div>\n\t    \n\t\t\t\t\t<\/div>\n\t\t\t\t<\/div>\n\t\t\t\t<\/div>\n\t\t\t\t<div class=\"elementor-element elementor-element-106a936 elementor-align-center elementor-mobile-align-left elementor-invisible elementor-widget elementor-widget-tm-button\" data-id=\"106a936\" data-element_type=\"widget\" data-settings=\"{&quot;_animation&quot;:&quot;unicampFadeInUp&quot;}\" data-widget_type=\"tm-button.default\">\n\t\t\t\t<div class=\"elementor-widget-container\">\n\t\t\t\t\t<div class=\"tm-button-wrapper\">\n\t\t\t<a href=\"http:\/\/www.fmpm.uca.ma\/?page_id=46\" class=\"tm-button-link tm-button style-flat tm-button-nm icon-right\" role=\"button\">\n\t\t\t\t\t\t<div class=\"button-content-wrapper\">\n\t\t\t\n\t\t\t\t\t\t\t<span class=\"button-text\">Lire la suite<\/span>\n\t\t\t\n\t\t\t\t\t\t\t<span class=\"button-icon\">\n\t\t\t\t\t<i class=\"fas fa-long-arrow-right\"><\/i>\t\t\t\t<\/span>\n\t\t\t\t\t<\/div>\n\t\t\n\t\t\t\t\t\t\t<\/a>\n\t\t<\/div>\n\t\t\t\t<\/div>\n\t\t\t\t<\/div>\n\t\t\t\t<div class=\"elementor-element elementor-element-86be34e elementor-widget elementor-widget-spacer\" data-id=\"86be34e\" data-element_type=\"widget\" data-widget_type=\"spacer.default\">\n\t\t\t\t<div class=\"elementor-widget-container\">\n\t\t\t\t\t<div class=\"elementor-spacer\">\n\t\t\t<div class=\"elementor-spacer-inner\"><\/div>\n\t\t<\/div>\n\t\t\t\t<\/div>\n\t\t\t\t<\/div>\n\t\t\t\t\t<\/div>\n\t\t<\/div>\n\t\t\t\t\t<\/div>\n\t\t<\/section>\n\t\t<div class=\"elementor-element elementor-element-c84863d e-flex e-con-boxed e-con e-parent\" data-id=\"c84863d\" data-element_type=\"container\">\n\t\t\t\t\t<div class=\"e-con-inner\">\n\t\t\t\t<div class=\"elementor-element elementor-element-8e07258 elementor-widget elementor-widget-spacer\" data-id=\"8e07258\" data-element_type=\"widget\" data-widget_type=\"spacer.default\">\n\t\t\t\t<div class=\"elementor-widget-container\">\n\t\t\t\t\t<div class=\"elementor-spacer\">\n\t\t\t<div class=\"elementor-spacer-inner\"><\/div>\n\t\t<\/div>\n\t\t\t\t<\/div>\n\t\t\t\t<\/div>\n\t\t\t\t\t<\/div>\n\t\t\t\t<\/div>\n\t\t\t\t<\/div>\n\t\t","protected":false},"excerpt":{"rendered":"<p>Plateforme d&rsquo;enseignement Ecampus FMPM @ Ecampus Lire la suite Associations Association des enseignants de la FMPM L\u2019association des m\u00e9decins enseignants de la Facult\u00e9 de M\u00e9decine et de Pharmacie de Marrakech est une association \u00e0 but non lucratif, cr\u00e9e en 2003. L\u2019association des m\u00e9decins enseignants de la Facult\u00e9 de M\u00e9decine et de Pharmacie de Marrakech vise \u00e0 contribuer \u00e0 l\u2019\u00e9dification d\u2019une communaut\u00e9 d\u2019enseignant solidaire et m\u00e8ne des actions humanitaires et organise des manifestations scientifiques, culturelles et sportives Membres du bureau de l\u2019association\u00a0: Pr\u00e9sident : Pr. EL IDRISSI SLITINE Nadia Vice-pr\u00e9sident : Pr. RAIS Hanane Secr\u00e9taire g\u00e9n\u00e9rale : Pr. BELGHMADI Sara Vice secr\u00e9taire g\u00e9n\u00e9ral : Pr. AZIZ Zakaria Tr\u00e9sorier : Pr. LAHMINI Widad Vice tr\u00e9sorier : Pr. WARDA Karima Assesseurs : Pr. ADARMOUCH Latifa Pr. EL RHEZZALI Manal Pr. BENANTAR Lamia \u00a0 &gt; Clubs des \u00e9tudiants \u00a0 &gt; AMIMA &#8211; Association des M\u00e9decins Internes de Marrakech \u00a0 &gt; ALMOQUIM &#8211; Association des M\u00e9decins R\u00e9sident de Marrakech \u00a0 &gt; Association du Personnel Administratif de la FMPM Pr\u00e9sentation de l&rsquo;association Actualit\u00e9s FMPM Lire la suite<\/p>\n","protected":false},"author":2,"featured_media":0,"parent":0,"menu_order":0,"comment_status":"closed","ping_status":"closed","template":"","meta":{"footnotes":""},"class_list":["post-4768","page","type-page","status-publish","hentry","post-no-thumbnail"],"rttpg_featured_image_url":null,"rttpg_author":{"display_name":"FMPM","author_link":"https:\/\/fmpm.uca.ma\/?author=2"},"rttpg_comment":0,"rttpg_category":null,"rttpg_excerpt":"Plateforme d&rsquo;enseignement Ecampus FMPM @ Ecampus Lire la suite Associations Association des enseignants de la FMPM L\u2019association des m\u00e9decins enseignants de la Facult\u00e9 de M\u00e9decine et de Pharmacie de Marrakech est une association \u00e0 but non lucratif, cr\u00e9e en 2003. L\u2019association des m\u00e9decins enseignants de la Facult\u00e9 de M\u00e9decine et de Pharmacie de Marrakech vise\u2026","_links":{"self":[{"href":"https:\/\/fmpm.uca.ma\/index.php?rest_route=\/wp\/v2\/pages\/4768","targetHints":{"allow":["GET"]}}],"collection":[{"href":"https:\/\/fmpm.uca.ma\/index.php?rest_route=\/wp\/v2\/pages"}],"about":[{"href":"https:\/\/fmpm.uca.ma\/index.php?rest_route=\/wp\/v2\/types\/page"}],"author":[{"embeddable":true,"href":"https:\/\/fmpm.uca.ma\/index.php?rest_route=\/wp\/v2\/users\/2"}],"replies":[{"embeddable":true,"href":"https:\/\/fmpm.uca.ma\/index.php?rest_route=%2Fwp%2Fv2%2Fcomments&post=4768"}],"version-history":[{"count":73,"href":"https:\/\/fmpm.uca.ma\/index.php?rest_route=\/wp\/v2\/pages\/4768\/revisions"}],"predecessor-version":[{"id":9952,"href":"https:\/\/fmpm.uca.ma\/index.php?rest_route=\/wp\/v2\/pages\/4768\/revisions\/9952"}],"wp:attachment":[{"href":"https:\/\/fmpm.uca.ma\/index.php?rest_route=%2Fwp%2Fv2%2Fmedia&parent=4768"}],"curies":[{"name":"wp","href":"https:\/\/api.w.org\/{rel}","templated":true}]}}