{"id":4317,"date":"2024-06-07T07:20:20","date_gmt":"2024-06-07T05:20:20","guid":{"rendered":"http:\/\/www.fmpm.uca.ma\/w3new\/?page_id=4317"},"modified":"2025-04-29T22:19:26","modified_gmt":"2025-04-29T20:19:26","slug":"mot-du-doyen","status":"publish","type":"page","link":"https:\/\/fmpm.uca.ma\/?page_id=4317","title":{"rendered":"MOT DU DOYEN"},"content":{"rendered":"\t\t<div data-elementor-type=\"wp-page\" data-elementor-id=\"4317\" class=\"elementor elementor-4317\">\n\t\t\t\t\t\t<section class=\"elementor-section elementor-top-section elementor-element elementor-element-1f152a1 elementor-section-full_width elementor-section-height-default elementor-section-height-default elementor-section-column-vertical-align-stretch\" data-id=\"1f152a1\" data-element_type=\"section\">\n\t\t\t\t\t\t<div class=\"elementor-container elementor-column-gap-no\">\n\t\t\t\t\t<div class=\"elementor-column elementor-col-100 elementor-top-column elementor-element elementor-element-7aadad7\" data-id=\"7aadad7\" data-element_type=\"column\">\n\t\t\t<div class=\"elementor-widget-wrap elementor-element-populated\">\n\t\t\t\t\t\t<div class=\"elementor-element elementor-element-fb74d74 bullets-v-align-bottom unicamp-modern-slider-style-04 elementor-widget elementor-widget-tm-modern-slider\" data-id=\"fb74d74\" data-element_type=\"widget\" data-settings=\"{&quot;swiper_items&quot;:&quot;1&quot;,&quot;swiper_items_tablet&quot;:&quot;1&quot;,&quot;swiper_items_mobile&quot;:&quot;1&quot;}\" data-widget_type=\"tm-modern-slider.default\">\n\t\t\t\t<div class=\"elementor-widget-container\">\n\t\t\t\t\t<div class=\"tm-modern-slider\">\n\t\t\t\n\t\t<div class=\"tm-swiper tm-slider-widget pagination-style-01 bullets-horizontal bullets-h-align-right bullets-v-align-bottom slide-layer-transition\" data-lg-items=\"1\" data-lg-gutter=\"0\" data-md-items=\"1\" data-sm-items=\"1\" data-pagination-aligned-by=\"grid\" data-pagination=\"1\" data-loop=\"1\" data-simulate-touch=\"1\" data-speed=\"1000\" data-autoplay=\"5000\" data-effect=\"fade\" data-layer-transition=\"1\" data-fade-effect=\"custom\">\n\t\t\t<div class=\"swiper-inner\">\n\n\t\t\t\t\n\t\t\t\t<div class=\"swiper-container\">\n\t\t\t\t\t<div class=\"swiper-wrapper\">\n\t\t\t\t\t\t\t\t\t<div class=\"swiper-slide elementor-repeater-item-3636b5d unicamp-slide-bg-animation-ken-burns\">\n\t\t\t\t<div class=\"slide-bg-wrap\">\n\t\t\t\t\t<div class=\"slide-bg\"><\/div>\n\t\t\t\t<\/div>\n\t\t\t\t<div class=\"container\">\n\t\t\t\t\t<div class=\"slide-content\">\n\t\t\t\t\t\t<div class=\"slide-layers\">\n\t\t\t\t\t\t\t\t\t\t\t\t\t\t\t<div class=\"slide-layer-wrap\">\n\t\t\t\t\t\t\t\t\t<div class=\"slide-layer\">\n\t\t\t\t\t\t\t\t\t\t\n\t\t\t\t\t\t\t\t\t\t\t\t\t\t\t\t\t\t\t\t\t<div class=\"title-wrap\">\n\t\t\t\t\t\t\t\t\t\t\t\t<h3 class=\"title\"><a class=\"link-secret\" href=\"http:\/\/www.fmpm.uca.ma\/?page_id=4835\">Plateforme d'enseignement Ecampus<\/a><\/h3>\t\t\t\t\t\t\t\t\t\t\t<\/div>\n\t\t\t\t\t\t\t\t\t\t\n\t\t\t\t\t\t\t\t\t\t\t\t\t\t\t\t\t\t\t\t\t<div class=\"description-wrap\">\n\t\t\t\t\t\t\t\t\t\t\t\t<div\n\t\t\t\t\t\t\t\t\t\t\t\t\tclass=\"description\">FMPM @ Ecampus<\/div>\n\t\t\t\t\t\t\t\t\t\t\t<\/div>\n\t\t\t\t\t\t\t\t\t\t\n\t\t\t\t\t\t\t\t\t\t\t\t\t\t\t\t\t\t\t\t\t<div class=\"button-wrap tm-button-wrapper\">\n\t\t\t\t\t\t\t\t\t\t\t\t<a class=\"tm-button style-flat\" href=\"http:\/\/www.fmpm.uca.ma\/?page_id=4835\">\n\t\t\t\t\t\t\t\t\t\t\t\t\t<div class=\"button-content-wrapper\">\n\t\t\t\t\t\t\t\t\t\t\t\t\t\t<span class=\"button-text\">\n\t\t\t\t\t\t\t\t\t\t\t\t\t\t\tLire la suite\t\t\t\t\t\t\t\t\t\t\t\t\t\t<\/span>\n\t\t\t\t\t\t\t\t\t\t\t\t\t<\/div>\n\t\t\t\t\t\t\t\t\t\t\t\t<\/a>\n\t\t\t\t\t\t\t\t\t\t\t<\/div>\n\t\t\t\t\t\t\t\t\t\t\n\t\t\t\t\t\t\t\t\t<\/div>\n\t\t\t\t\t\t\t\t<\/div>\n\t\t\t\t\t\t\t\t\t\t\t\t\t<\/div>\n\t\t\t\t\t<\/div>\n\t\t\t\t<\/div>\n\t\t\t<\/div>\n\t\t\t\t\t\t\t<\/div>\n\t\t\t\t<\/div>\n\n\t\t\t\t\n\t\t\t<\/div>\n\t\t<\/div>\n\t\t\t\t<\/div>\n\t\t\t\t<\/div>\n\t\t\t\t<\/div>\n\t\t\t\t\t<\/div>\n\t\t<\/div>\n\t\t\t\t\t<\/div>\n\t\t<\/section>\n\t\t<div class=\"elementor-element elementor-element-a8be094 e-flex e-con-boxed e-con e-parent\" data-id=\"a8be094\" data-element_type=\"container\">\n\t\t\t\t\t<div class=\"e-con-inner\">\n\t\t\t\t<div class=\"elementor-element elementor-element-3219dbf elementor-invisible elementor-widget elementor-widget-tm-heading\" data-id=\"3219dbf\" data-element_type=\"widget\" data-settings=\"{&quot;_animation&quot;:&quot;unicampFadeInUp&quot;}\" data-widget_type=\"tm-heading.default\">\n\t\t\t\t<div class=\"elementor-widget-container\">\n\t\t\t\t\t<div class=\"tm-modern-heading\">\n\t\t\t\n\t\t\t\t\t<div class=\"heading-primary-wrap\">\n\t\t\t<h2 class=\"heading-primary elementor-heading-title\">Mot du Doyen<\/h2>\t\t<\/div>\n\t\t\n\t\t\t\t    <div class=\"heading-divider\"><\/div>\n\t    \n\t\t\t\t\t<\/div>\n\t\t\t\t<\/div>\n\t\t\t\t<\/div>\n\t\t\t\t\t<\/div>\n\t\t\t\t<\/div>\n\t\t\t\t<section class=\"elementor-section elementor-top-section elementor-element elementor-element-d388dd6 elementor-section-boxed elementor-section-gap-beside-yes elementor-section-height-default elementor-section-height-default elementor-section-column-vertical-align-stretch\" data-id=\"d388dd6\" data-element_type=\"section\">\n\t\t\t\t\t\t<div class=\"elementor-container elementor-column-gap-extended\">\n\t\t\t\t\t<div class=\"elementor-column elementor-col-100 elementor-top-column elementor-element elementor-element-7be6d12\" data-id=\"7be6d12\" data-element_type=\"column\">\n\t\t\t<div class=\"elementor-widget-wrap elementor-element-populated\">\n\t\t\t\t\t\t<section class=\"elementor-section elementor-inner-section elementor-element elementor-element-7438c15 elementor-section-gap-beside-no elementor-section-boxed elementor-section-height-default elementor-section-height-default elementor-section-column-vertical-align-stretch\" data-id=\"7438c15\" data-element_type=\"section\">\n\t\t\t\t\t\t<div class=\"elementor-container elementor-column-gap-extended\">\n\t\t\t\t\t<div class=\"elementor-column elementor-col-50 elementor-inner-column elementor-element elementor-element-d5ed4dd\" data-id=\"d5ed4dd\" data-element_type=\"column\">\n\t\t\t<div class=\"elementor-widget-wrap elementor-element-populated\">\n\t\t\t\t\t\t<div class=\"elementor-element elementor-element-780a724 elementor-widget elementor-widget-text-editor\" data-id=\"780a724\" data-element_type=\"widget\" data-widget_type=\"text-editor.default\">\n\t\t\t\t<div class=\"elementor-widget-container\">\n\t\t\t<style>\/*! elementor - v3.21.0 - 18-04-2024 *\/\n.elementor-widget-text-editor.elementor-drop-cap-view-stacked .elementor-drop-cap{background-color:#69727d;color:#fff}.elementor-widget-text-editor.elementor-drop-cap-view-framed .elementor-drop-cap{color:#69727d;border:3px solid;background-color:transparent}.elementor-widget-text-editor:not(.elementor-drop-cap-view-default) .elementor-drop-cap{margin-top:8px}.elementor-widget-text-editor:not(.elementor-drop-cap-view-default) .elementor-drop-cap-letter{width:1em;height:1em}.elementor-widget-text-editor .elementor-drop-cap{float:left;text-align:center;line-height:1;font-size:50px}.elementor-widget-text-editor .elementor-drop-cap-letter{display:inline-block}<\/style>\t\t\t\t<p style=\"text-align: justify;\">Sous les hautes orientations de sa Majest\u00e9 le Roi Mohammed VI, que Dieu le Glorifie, la Facult\u00e9 de M\u00e9decine et de Pharmacie de Marrakech s\u2019inscrit dans le grand chantier des r\u00e9formes lanc\u00e9es dans le cadre du plan national d\u2019acc\u00e9l\u00e9ration de la transformation de l\u2019\u00e9cosyst\u00e8me de l\u2019enseignement sup\u00e9rieur, de la recherche scientifique et de l\u2019innovation, qui ambitionne \u00e0 une formation des jeunes M\u00e9decins et des jeunes Pharmaciens o\u00f9 l\u2019\u00e9tudiant est au centre d\u2019un processus d\u2019excellence, participatif, inclusif, humaniste, innovant\u00a0 et mettant en valeur le sens de responsabilit\u00e9 sociale.<\/p><p style=\"text-align: justify;\">A la vue de tous, conscient des d\u00e9fis et des menaces entravant l\u2019\u00e9cosyst\u00e8me universitaire Marocain et tout en pla\u00e7ant l\u2019\u00e9tudiant au centre de toutes nos actions, nous \u0153uvrons collaborativement avec un corps professoral de tr\u00e8s haut niveau et un personnel administratif impliqu\u00e9 et d\u00e9vou\u00e9 pour former des futurs M\u00e9decins et des futurs Pharmaciens engag\u00e9s envers les principes et les valeurs de notre institution. \u00a0<\/p><p style=\"text-align: justify;\">Notre facult\u00e9 est une institution \u00e0 utilit\u00e9 publique, appartenant aux 15 \u00e9tablissements de l\u2019universit\u00e9 Cadi Ayyad. Elle offre un espace d\u2019apprentissage et de partage d\u2019un tr\u00e8s haut niveau scientifique et intellectuelle. Notre ligne de conduite, qui s\u2019accorde avec celle de l\u2019universit\u00e9 Cadi Ayyad, est d\u2019accompagner nos \u00e9tudiants, de les pr\u00e9parer aux exigences du milieu de travail et de produire des laur\u00e9ats qualifi\u00e9s, avec un profil comp\u00e9titif et en ad\u00e9quation avec les besoins sp\u00e9cifiques des m\u00e9tiers de sant\u00e9 \u00e0 l\u2019\u00e9chelle national et international.<\/p>\t\t\t\t\t\t<\/div>\n\t\t\t\t<\/div>\n\t\t\t\t\t<\/div>\n\t\t<\/div>\n\t\t\t\t<div class=\"elementor-column elementor-col-50 elementor-inner-column elementor-element elementor-element-bacd983\" data-id=\"bacd983\" data-element_type=\"column\">\n\t\t\t<div class=\"elementor-widget-wrap elementor-element-populated\">\n\t\t\t\t\t\t<div class=\"elementor-element elementor-element-19882b5 elementor-widget elementor-widget-image\" data-id=\"19882b5\" data-element_type=\"widget\" data-widget_type=\"image.default\">\n\t\t\t\t<div class=\"elementor-widget-container\">\n\t\t\t<style>\/*! elementor - v3.21.0 - 18-04-2024 *\/\n.elementor-widget-image{text-align:center}.elementor-widget-image a{display:inline-block}.elementor-widget-image a img[src$=\".svg\"]{width:48px}.elementor-widget-image img{vertical-align:middle;display:inline-block}<\/style>\t\t\t\t\t\t\t\t\t\t<img fetchpriority=\"high\" decoding=\"async\" width=\"566\" height=\"849\" src=\"https:\/\/fmpm.uca.ma\/wp-content\/uploads\/2025\/04\/DoyenFMPM.jpg\" class=\"attachment-large size-large wp-image-8967\" alt=\"\" \/>\t\t\t\t\t\t\t\t\t\t\t\t\t<\/div>\n\t\t\t\t<\/div>\n\t\t\t\t\t<\/div>\n\t\t<\/div>\n\t\t\t\t\t<\/div>\n\t\t<\/section>\n\t\t\t\t<section class=\"elementor-section elementor-inner-section elementor-element elementor-element-b10439b elementor-section-gap-beside-no elementor-section-boxed elementor-section-height-default elementor-section-height-default elementor-section-column-vertical-align-stretch\" data-id=\"b10439b\" data-element_type=\"section\">\n\t\t\t\t\t\t<div class=\"elementor-container elementor-column-gap-extended\">\n\t\t\t\t\t<div class=\"elementor-column elementor-col-100 elementor-inner-column elementor-element elementor-element-ec293a1\" data-id=\"ec293a1\" data-element_type=\"column\">\n\t\t\t<div class=\"elementor-widget-wrap elementor-element-populated\">\n\t\t\t\t\t\t<div class=\"elementor-element elementor-element-ea6c5e5 elementor-widget elementor-widget-text-editor\" data-id=\"ea6c5e5\" data-element_type=\"widget\" data-widget_type=\"text-editor.default\">\n\t\t\t\t<div class=\"elementor-widget-container\">\n\t\t\t\t\t\t\t<p>A cet effet, le respect des lignes directrices et les principes fondamentaux de notre facult\u00e9 sont de\u00a0: \u00a0<\/p><ul style=\"text-align: justify;\"><li><p>Promouvoir la reconnaissance, la diversit\u00e9 et le sens de responsabilit\u00e9 de tous les acteurs\u00a0: Corps professoral, Personnel administratif, Etudiants et Partenaires.<\/p><\/li><li><p>Progresser dans un environnement universitaire participatif, de qualit\u00e9 et adapt\u00e9 aux besoins de notre soci\u00e9t\u00e9.<\/p><\/li><li><p>Encourager l\u2019accroissement du niveau de comp\u00e9tence professionnelle \u00e0 tous les niveaux de notre \u00e9tablissement.<\/p><\/li><li><p>Adopter un mod\u00e8le favorisant le d\u00e9veloppement du sens d\u2019appartenance de tous les acteurs.<\/p><\/li><\/ul><p style=\"text-align: justify;\">En ma qualit\u00e9 de Doyen de la Facult\u00e9 de M\u00e9decine et de Pharmacie de Marrakech, j\u2019invite tous les acteurs (\u00e9quipes p\u00e9dagogiques, administratifs et techniques) et nos partenaires \u00e0 s\u2019engager dans une dynamique de partenariat et d\u2019inclusion et je compte sur votre motivation, votre investissement et votre engagement pour le bien de nos \u00e9tudiants.<\/p><p style=\"text-align: justify;\">Grace \u00e0 la contribution de tous nos partenaires et l\u2019appui consid\u00e9rable de notre universit\u00e9, nous estimons que la r\u00e9ussite de nos missions et nos engagements, en mati\u00e8re de bonne gouvernance, de p\u00e9dagogie et de recherche scientifique, est l\u2019affaire de tous.<\/p><p style=\"text-align: justify;\">Nous estimons, avec l\u2019appui de l\u2019Universit\u00e9 Cadi Ayyad, que notre facult\u00e9 est une institution qui apporte l\u2019expertise scientifique et l\u2019excellence acad\u00e9mique de ses enseignants chercheurs au b\u00e9n\u00e9fice du d\u00e9veloppement d\u2019une recherche scientifique innovante, pertinente, de qualit\u00e9 et de port\u00e9e national et international.\u00a0<\/p><p style=\"text-align: justify;\">Bienvenue \u00e0 la Facult\u00e9 de M\u00e9decine et de Pharmacie de Marrakech et bonne visite sur notre site.<\/p><p>\u00a0<\/p><h6 style=\"text-align: justify;\"><strong>Le Doyen de la Facult\u00e9 de M\u00e9decine et de Pharmacie de Marrakech\u00a0:<\/strong><\/h6><h6 style=\"text-align: justify;\"><strong>Professeur ZOUHAIR Said<\/strong><\/h6>\t\t\t\t\t\t<\/div>\n\t\t\t\t<\/div>\n\t\t\t\t\t<\/div>\n\t\t<\/div>\n\t\t\t\t\t<\/div>\n\t\t<\/section>\n\t\t\t\t\t<\/div>\n\t\t<\/div>\n\t\t\t\t\t<\/div>\n\t\t<\/section>\n\t\t<div class=\"elementor-element elementor-element-3d145c6 e-flex e-con-boxed e-con e-parent\" data-id=\"3d145c6\" data-element_type=\"container\">\n\t\t\t\t\t<div class=\"e-con-inner\">\n\t\t\t\t\t<\/div>\n\t\t\t\t<\/div>\n\t\t\t\t<section class=\"elementor-section elementor-top-section elementor-element elementor-element-08caf77 elementor-section-boxed elementor-section-gap-beside-yes elementor-section-height-default elementor-section-height-default elementor-section-column-vertical-align-stretch\" data-id=\"08caf77\" data-element_type=\"section\" data-settings=\"{&quot;background_background&quot;:&quot;classic&quot;}\">\n\t\t\t\t\t\t<div class=\"elementor-container elementor-column-gap-extended\">\n\t\t\t\t\t<div class=\"elementor-column elementor-col-100 elementor-top-column elementor-element elementor-element-5231a05\" data-id=\"5231a05\" data-element_type=\"column\">\n\t\t\t<div class=\"elementor-widget-wrap elementor-element-populated\">\n\t\t\t\t\t\t<div class=\"elementor-element elementor-element-f1dad15 elementor-widget elementor-widget-spacer\" data-id=\"f1dad15\" data-element_type=\"widget\" data-widget_type=\"spacer.default\">\n\t\t\t\t<div class=\"elementor-widget-container\">\n\t\t\t<style>\/*! elementor - v3.21.0 - 18-04-2024 *\/\n.elementor-column .elementor-spacer-inner{height:var(--spacer-size)}.e-con{--container-widget-width:100%}.e-con-inner>.elementor-widget-spacer,.e-con>.elementor-widget-spacer{width:var(--container-widget-width,var(--spacer-size));--align-self:var(--container-widget-align-self,initial);--flex-shrink:0}.e-con-inner>.elementor-widget-spacer>.elementor-widget-container,.e-con>.elementor-widget-spacer>.elementor-widget-container{height:100%;width:100%}.e-con-inner>.elementor-widget-spacer>.elementor-widget-container>.elementor-spacer,.e-con>.elementor-widget-spacer>.elementor-widget-container>.elementor-spacer{height:100%}.e-con-inner>.elementor-widget-spacer>.elementor-widget-container>.elementor-spacer>.elementor-spacer-inner,.e-con>.elementor-widget-spacer>.elementor-widget-container>.elementor-spacer>.elementor-spacer-inner{height:var(--container-widget-height,var(--spacer-size))}.e-con-inner>.elementor-widget-spacer.elementor-widget-empty,.e-con>.elementor-widget-spacer.elementor-widget-empty{position:relative;min-height:22px;min-width:22px}.e-con-inner>.elementor-widget-spacer.elementor-widget-empty .elementor-widget-empty-icon,.e-con>.elementor-widget-spacer.elementor-widget-empty .elementor-widget-empty-icon{position:absolute;top:0;bottom:0;left:0;right:0;margin:auto;padding:0;width:22px;height:22px}<\/style>\t\t<div class=\"elementor-spacer\">\n\t\t\t<div class=\"elementor-spacer-inner\"><\/div>\n\t\t<\/div>\n\t\t\t\t<\/div>\n\t\t\t\t<\/div>\n\t\t\t\t<div class=\"elementor-element elementor-element-9b3c1e7 elementor-invisible elementor-widget elementor-widget-tm-heading\" data-id=\"9b3c1e7\" data-element_type=\"widget\" data-settings=\"{&quot;_animation&quot;:&quot;unicampFadeInUp&quot;}\" data-widget_type=\"tm-heading.default\">\n\t\t\t\t<div class=\"elementor-widget-container\">\n\t\t\t\t\t<div class=\"tm-modern-heading\">\n\t\t\t\n\t\t\t\t\t<div class=\"heading-primary-wrap\">\n\t\t\t<h2 class=\"heading-primary elementor-heading-title\"><a href=\"http:\/\/www.fmpm.uca.ma\/?page_id=46\">Actualit\u00e9s FMPM <\/a><\/h2>\t\t<\/div>\n\t\t\n\t\t\t\t    <div class=\"heading-divider\"><\/div>\n\t    \n\t\t\t\t\t<\/div>\n\t\t\t\t<\/div>\n\t\t\t\t<\/div>\n\t\t\t\t<div class=\"elementor-element elementor-element-2e36308 elementor-align-center elementor-mobile-align-left elementor-invisible elementor-widget elementor-widget-tm-button\" data-id=\"2e36308\" data-element_type=\"widget\" data-settings=\"{&quot;_animation&quot;:&quot;unicampFadeInUp&quot;}\" data-widget_type=\"tm-button.default\">\n\t\t\t\t<div class=\"elementor-widget-container\">\n\t\t\t\t\t<div class=\"tm-button-wrapper\">\n\t\t\t<a href=\"http:\/\/www.fmpm.uca.ma\/?page_id=46\" class=\"tm-button-link tm-button style-flat tm-button-nm icon-right\" role=\"button\">\n\t\t\t\t\t\t<div class=\"button-content-wrapper\">\n\t\t\t\n\t\t\t\t\t\t\t<span class=\"button-text\">Lire la suite<\/span>\n\t\t\t\n\t\t\t\t\t\t\t<span class=\"button-icon\">\n\t\t\t\t\t<i class=\"fas fa-long-arrow-right\"><\/i>\t\t\t\t<\/span>\n\t\t\t\t\t<\/div>\n\t\t\n\t\t\t\t\t\t\t<\/a>\n\t\t<\/div>\n\t\t\t\t<\/div>\n\t\t\t\t<\/div>\n\t\t\t\t<div class=\"elementor-element elementor-element-72d49b8 elementor-widget elementor-widget-spacer\" data-id=\"72d49b8\" data-element_type=\"widget\" data-widget_type=\"spacer.default\">\n\t\t\t\t<div class=\"elementor-widget-container\">\n\t\t\t\t\t<div class=\"elementor-spacer\">\n\t\t\t<div class=\"elementor-spacer-inner\"><\/div>\n\t\t<\/div>\n\t\t\t\t<\/div>\n\t\t\t\t<\/div>\n\t\t\t\t\t<\/div>\n\t\t<\/div>\n\t\t\t\t\t<\/div>\n\t\t<\/section>\n\t\t<div class=\"elementor-element elementor-element-c84863d e-flex e-con-boxed e-con e-parent\" data-id=\"c84863d\" data-element_type=\"container\">\n\t\t\t\t\t<div class=\"e-con-inner\">\n\t\t\t\t<div class=\"elementor-element elementor-element-8e07258 elementor-widget elementor-widget-spacer\" data-id=\"8e07258\" data-element_type=\"widget\" data-widget_type=\"spacer.default\">\n\t\t\t\t<div class=\"elementor-widget-container\">\n\t\t\t\t\t<div class=\"elementor-spacer\">\n\t\t\t<div class=\"elementor-spacer-inner\"><\/div>\n\t\t<\/div>\n\t\t\t\t<\/div>\n\t\t\t\t<\/div>\n\t\t\t\t\t<\/div>\n\t\t\t\t<\/div>\n\t\t\t\t<\/div>\n\t\t","protected":false},"excerpt":{"rendered":"<p>Plateforme d&rsquo;enseignement Ecampus FMPM @ Ecampus Lire la suite Mot du Doyen Sous les hautes orientations de sa Majest\u00e9 le Roi Mohammed VI, que Dieu le Glorifie, la Facult\u00e9 de M\u00e9decine et de Pharmacie de Marrakech s\u2019inscrit dans le grand chantier des r\u00e9formes lanc\u00e9es dans le cadre du plan national d\u2019acc\u00e9l\u00e9ration de la transformation de l\u2019\u00e9cosyst\u00e8me de l\u2019enseignement sup\u00e9rieur, de la recherche scientifique et de l\u2019innovation, qui ambitionne \u00e0 une formation des jeunes M\u00e9decins et des jeunes Pharmaciens o\u00f9 l\u2019\u00e9tudiant est au centre d\u2019un processus d\u2019excellence, participatif, inclusif, humaniste, innovant\u00a0 et mettant en valeur le sens de responsabilit\u00e9 sociale. A la vue de tous, conscient des d\u00e9fis et des menaces entravant l\u2019\u00e9cosyst\u00e8me universitaire Marocain et tout en pla\u00e7ant l\u2019\u00e9tudiant au centre de toutes nos actions, nous \u0153uvrons collaborativement avec un corps professoral de tr\u00e8s haut niveau et un personnel administratif impliqu\u00e9 et d\u00e9vou\u00e9 pour former des futurs M\u00e9decins et des futurs Pharmaciens engag\u00e9s envers les principes et les valeurs de notre institution. \u00a0 Notre facult\u00e9 est une institution \u00e0 utilit\u00e9 publique, appartenant aux 15 \u00e9tablissements de l\u2019universit\u00e9 Cadi Ayyad. Elle offre un espace d\u2019apprentissage et de partage d\u2019un tr\u00e8s haut niveau scientifique et intellectuelle. Notre ligne de conduite, qui s\u2019accorde avec celle de l\u2019universit\u00e9 Cadi Ayyad, est d\u2019accompagner nos \u00e9tudiants, de les pr\u00e9parer aux exigences du milieu de travail et de produire des laur\u00e9ats qualifi\u00e9s, avec un profil comp\u00e9titif et en ad\u00e9quation avec les besoins sp\u00e9cifiques des m\u00e9tiers de sant\u00e9 \u00e0 l\u2019\u00e9chelle national et international. A cet effet, le respect des lignes directrices et les principes fondamentaux de notre facult\u00e9 sont de\u00a0: \u00a0 Promouvoir la reconnaissance, la diversit\u00e9 et le sens de responsabilit\u00e9 de tous les acteurs\u00a0: Corps professoral, Personnel administratif, Etudiants et Partenaires. Progresser dans un environnement universitaire participatif, de qualit\u00e9 et adapt\u00e9 aux besoins de notre soci\u00e9t\u00e9. Encourager l\u2019accroissement du niveau de comp\u00e9tence professionnelle \u00e0 tous les niveaux de notre \u00e9tablissement. Adopter un mod\u00e8le favorisant le d\u00e9veloppement du sens d\u2019appartenance de tous les acteurs. En ma qualit\u00e9 de Doyen de la Facult\u00e9 de M\u00e9decine et de Pharmacie de Marrakech, j\u2019invite tous les acteurs (\u00e9quipes p\u00e9dagogiques, administratifs et techniques) et nos partenaires \u00e0 s\u2019engager dans une dynamique de partenariat et d\u2019inclusion et je compte sur votre motivation, votre investissement et votre engagement pour le bien de nos \u00e9tudiants. Grace \u00e0 la contribution de tous nos partenaires et l\u2019appui consid\u00e9rable de notre universit\u00e9, nous estimons que la r\u00e9ussite de nos missions et nos engagements, en mati\u00e8re de bonne gouvernance, de p\u00e9dagogie et de recherche scientifique, est l\u2019affaire de tous. Nous estimons, avec l\u2019appui de l\u2019Universit\u00e9 Cadi Ayyad, que notre facult\u00e9 est une institution qui apporte l\u2019expertise scientifique et l\u2019excellence acad\u00e9mique de ses enseignants chercheurs au b\u00e9n\u00e9fice du d\u00e9veloppement d\u2019une recherche scientifique innovante, pertinente, de qualit\u00e9 et de port\u00e9e national et international.\u00a0 Bienvenue \u00e0 la Facult\u00e9 de M\u00e9decine et de Pharmacie de Marrakech et bonne visite sur notre site. \u00a0 Le Doyen de la Facult\u00e9 de M\u00e9decine et de Pharmacie de Marrakech\u00a0: Professeur ZOUHAIR Said Actualit\u00e9s FMPM Lire la suite<\/p>\n","protected":false},"author":2,"featured_media":0,"parent":0,"menu_order":0,"comment_status":"closed","ping_status":"closed","template":"","meta":{"footnotes":""},"class_list":["post-4317","page","type-page","status-publish","hentry","post-no-thumbnail"],"rttpg_featured_image_url":null,"rttpg_author":{"display_name":"FMPM","author_link":"https:\/\/fmpm.uca.ma\/?author=2"},"rttpg_comment":0,"rttpg_category":null,"rttpg_excerpt":"Plateforme d&rsquo;enseignement Ecampus FMPM @ Ecampus Lire la suite Mot du Doyen Sous les hautes orientations de sa Majest\u00e9 le Roi Mohammed VI, que Dieu le Glorifie, la Facult\u00e9 de M\u00e9decine et de Pharmacie de Marrakech s\u2019inscrit dans le grand chantier des r\u00e9formes lanc\u00e9es dans le cadre du plan national d\u2019acc\u00e9l\u00e9ration de la transformation de\u2026","_links":{"self":[{"href":"https:\/\/fmpm.uca.ma\/index.php?rest_route=\/wp\/v2\/pages\/4317","targetHints":{"allow":["GET"]}}],"collection":[{"href":"https:\/\/fmpm.uca.ma\/index.php?rest_route=\/wp\/v2\/pages"}],"about":[{"href":"https:\/\/fmpm.uca.ma\/index.php?rest_route=\/wp\/v2\/types\/page"}],"author":[{"embeddable":true,"href":"https:\/\/fmpm.uca.ma\/index.php?rest_route=\/wp\/v2\/users\/2"}],"replies":[{"embeddable":true,"href":"https:\/\/fmpm.uca.ma\/index.php?rest_route=%2Fwp%2Fv2%2Fcomments&post=4317"}],"version-history":[{"count":171,"href":"https:\/\/fmpm.uca.ma\/index.php?rest_route=\/wp\/v2\/pages\/4317\/revisions"}],"predecessor-version":[{"id":8983,"href":"https:\/\/fmpm.uca.ma\/index.php?rest_route=\/wp\/v2\/pages\/4317\/revisions\/8983"}],"wp:attachment":[{"href":"https:\/\/fmpm.uca.ma\/index.php?rest_route=%2Fwp%2Fv2%2Fmedia&parent=4317"}],"curies":[{"name":"wp","href":"https:\/\/api.w.org\/{rel}","templated":true}]}}